{"id":185461,"date":"2023-04-13T10:06:37","date_gmt":"2023-04-13T08:06:37","guid":{"rendered":"https:\/\/desdropi.com\/elparque\/?post_type=product&#038;p=185461"},"modified":"2024-05-17T13:00:46","modified_gmt":"2024-05-17T11:00:46","slug":"consola-microsoft-xbox-series-s-512-gb","status":"publish","type":"product","link":"https:\/\/desdropi.com\/elparque\/consola-microsoft-xbox-series-s-512-gb\/","title":{"rendered":"Consola Microsoft Xbox Series S 512 Gb"},"content":{"rendered":"<div class=\"descripcion-tab\">\n<ul>\n<li>La consola Microsoft Xbox Series S 512 GB es un potente dispositivo de entretenimiento dise\u00f1ado para brindar una experiencia de juego excepcional. Es una consola de videojuegos compacta y elegante que cuenta con una unidad de estado s\u00f3lido (SSD) de <strong>512 GB para almacenamiento interno<\/strong>.<\/li>\n<li>La Xbox Series S tiene una <strong>CPU AMD Zen 2 personalizada con 8 n\u00facleos a 3,6 GHz, una GPU personalizada AMD RDNA 2 con 20 unidades de c\u00f3mputo a 1,565 GHz y 10 GB de RAM<\/strong> GDDR6. Esta consola ofrece gr\u00e1ficos de alta calidad y un rendimiento incre\u00edblemente r\u00e1pido para tiempos de carga ultra r\u00e1pidos.<\/li>\n<li>La Xbox Series S tambi\u00e9n es compatible con juegos de Xbox One, Xbox 360 y la Xbox original, lo que significa que puedes disfrutar de una amplia variedad de t\u00edtulos de juegos en la plataforma. Adem\u00e1s, la consola cuenta con <strong>acceso a servicios de transmisi\u00f3n de video<\/strong> como Netflix, Amazon Prime Video y Disney+, lo que la convierte en un dispositivo de entretenimiento integral.<\/li>\n<\/ul>\n<h4>Puertos e Interfaces<\/h4>\n<ul>\n<li>N\u00famero de puertos HDMI \u2192 1<\/li>\n<li>Versi\u00f3n HDMI \u2192 2.1<\/li>\n<li>Cantidad de puertos tipo A USB 3.0 (3.1 Gen 1) \u2192 3<\/li>\n<li>Entrada de CA \u2192 S\u00ed<\/li>\n<\/ul>\n<h4>Peso y dimensiones<\/h4>\n<ul>\n<li>Ancho \u2192 151<\/li>\n<li>Altura \u2192 275<\/li>\n<li>Profundidad \u2192 65<\/li>\n<li style=\"list-style-type: none;\"><\/li>\n<li>Peso \u2192 1,93<\/li>\n<\/ul>\n<h4>Medios de almacenaje<\/h4>\n<ul>\n<li>Unidad de almacenamiento \u2192 SSD<\/li>\n<li>Capacidad de memoria interna \u2192 512<\/li>\n<li>Tarjeta de lectura integrada \u2192 No<\/li>\n<li>Unidad \u00f3ptica integrada \u2192 No<\/li>\n<\/ul>\n<h4>Contenido del embalaje<\/h4>\n<ul>\n<li>N\u00famero de consolas de juego incluidos \u2192 1<\/li>\n<li>Juego de video incluido \u2192 No<\/li>\n<li>Cables incluidos \u2192 Corriente alterna, HDMI<\/li>\n<\/ul>\n<h4>Desempe\u00f1o<\/h4>\n<ul>\n<li>Plataforma \u2192 Xbox Series S<\/li>\n<li>Tipo de memoria interna \u2192 GDDR6<\/li>\n<li>Memoria interna \u2192 10240<\/li>\n<li>Fabricante de procesador \u2192 AMD<\/li>\n<li>Modelo del procesador \u2192 AMD Ryzen Zen 2<\/li>\n<li>Frecuencia del procesador \u2192 3,6<\/li>\n<li>N\u00famero de n\u00facleos de procesador \u2192 8<\/li>\n<li>Procesador gr\u00e1fico \u2192 AMD Radeon<\/li>\n<li>Rendimiento del procesador gr\u00e1fico \u2192 4<\/li>\n<li>Frecuencia del procesador gr\u00e1fico \u2192 1565<\/li>\n<li>Unidades de c\u00f3mputo \u2192 20<\/li>\n<li>Color del producto \u2192 Blanco<\/li>\n<\/ul>\n<h4>Multimedia<\/h4>\n<ul>\n<li>Formato de v\u00eddeo soportado \u2192 1440p<\/li>\n<li>Decodificadores incorporados \u2192 3D Sound,Dolby Digital 5.1,Dolby TrueHD<\/li>\n<li>Formatos de audio soportados \u2192 LPCM<\/li>\n<li>Alto Rango Din\u00e1mico (HDR) \u2192 S\u00ed<\/li>\n<\/ul>\n<h4>Conexi\u00f3n<\/h4>\n<ul>\n<li>Ethernet \u2192 S\u00ed<\/li>\n<li>Ethernet LAN, velocidad de transferencia de datos \u2192 10,100,1000<\/li>\n<li>Tipo de interfaz ethernet \u2192 Gigabit Ethernet<\/li>\n<li>Wi-Fi est\u00e1ndares \u2192 Wi-Fi 5 (802.11ac)<\/li>\n<li>Wifi \u2192 S\u00ed<\/li>\n<li>Bluetooth \u2192 No<\/li>\n<li>Est\u00e1ndares de red \u2192 IEEE 802.3<\/li>\n<\/ul>\n<\/div>\n","protected":false},"excerpt":{"rendered":"<p>La consola Microsoft Xbox Series S 512 GB es un potente dispositivo de entretenimiento dise\u00f1ado para brindar una experiencia de<\/p>\n","protected":false},"featured_media":185465,"comment_status":"open","ping_status":"closed","template":"","meta":{"_joinchat":[]},"product_cat":[6544,6536,6545],"product_tag":[],"class_list":{"0":"post-185461","1":"product","2":"type-product","3":"status-publish","4":"has-post-thumbnail","6":"product_cat-consolas-informatica-y-gaming","7":"product_cat-informatica-y-ocio","8":"product_cat-videoconsolas","9":"pa_marca-xbox","11":"first","12":"instock","13":"taxable","14":"shipping-taxable","15":"purchasable","16":"product-type-simple"},"_links":{"self":[{"href":"https:\/\/desdropi.com\/elparque\/wp-json\/wp\/v2\/product\/185461"}],"collection":[{"href":"https:\/\/desdropi.com\/elparque\/wp-json\/wp\/v2\/product"}],"about":[{"href":"https:\/\/desdropi.com\/elparque\/wp-json\/wp\/v2\/types\/product"}],"replies":[{"embeddable":true,"href":"https:\/\/desdropi.com\/elparque\/wp-json\/wp\/v2\/comments?post=185461"}],"version-history":[{"count":0,"href":"https:\/\/desdropi.com\/elparque\/wp-json\/wp\/v2\/product\/185461\/revisions"}],"wp:featuredmedia":[{"embeddable":true,"href":"https:\/\/desdropi.com\/elparque\/wp-json\/wp\/v2\/media\/185465"}],"wp:attachment":[{"href":"https:\/\/desdropi.com\/elparque\/wp-json\/wp\/v2\/media?parent=185461"}],"wp:term":[{"taxonomy":"product_cat","embeddable":true,"href":"https:\/\/desdropi.com\/elparque\/wp-json\/wp\/v2\/product_cat?post=185461"},{"taxonomy":"product_tag","embeddable":true,"href":"https:\/\/desdropi.com\/elparque\/wp-json\/wp\/v2\/product_tag?post=185461"}],"curies":[{"name":"wp","href":"https:\/\/api.w.org\/{rel}","templated":true}]}}