{"id":185523,"date":"2023-04-13T11:51:53","date_gmt":"2023-04-13T09:51:53","guid":{"rendered":"https:\/\/desdropi.com\/elparque\/?post_type=product&#038;p=185523"},"modified":"2024-05-17T13:00:47","modified_gmt":"2024-05-17T11:00:47","slug":"juego-nintendo-switch-super-mario-u-deluxe","status":"publish","type":"product","link":"https:\/\/desdropi.com\/elparque\/juego-nintendo-switch-super-mario-u-deluxe\/","title":{"rendered":"Juego Nintendo Switch Super Mario U Deluxe"},"content":{"rendered":"<div class=\"descripcion-tab\">\n<ul>\n<li>Super Mario U Deluxe es un juego de plataforma desarrollado para la consola Nintendo Switch. <strong>El juego incluye dos juegos completos en uno<\/strong>, &#8220;New Super Mario Bros. U&#8221; y &#8220;New Super Luigi U&#8221;, ambos lanzados originalmente para la Wii U.<\/li>\n<li>En el juego, los jugadores pueden tomar el control de Mario, Luigi, Toad y otros personajes cl\u00e1sicos de Mario para correr, saltar y aplastar a trav\u00e9s de <strong>m\u00e1s de 160 niveles llenos de acci\u00f3n<\/strong>. Los jugadores tambi\u00e9n pueden jugar en el<strong> modo cooperativo local<\/strong> con hasta cuatro jugadores, lo que les permite trabajar juntos para superar obst\u00e1culos y vencer a los jefes finales.<\/li>\n<li>El juego incluye caracter\u00edsticas nuevas y mejoradas para la versi\u00f3n de Nintendo Switch, como la adici\u00f3n de Toadette como personaje jugable, as\u00ed como una <strong>nueva habilidad llamada &#8220;Super Crown&#8221;<\/strong> que permite a los jugadores transformar a Toadette en Peachette, d\u00e1ndole habilidades especiales para navegar por el mundo del juego.<\/li>\n<li>Super Mario U Deluxe tambi\u00e9n presenta una serie de desaf\u00edos especiales, como carreras de tiempo, niveles ocultos y acertijos para agregar m\u00e1s emoci\u00f3n y diversi\u00f3n al juego.<\/li>\n<\/ul>\n<\/div>\n","protected":false},"excerpt":{"rendered":"<p>Super Mario U Deluxe es un juego de plataforma desarrollado para la consola Nintendo Switch. El juego incluye dos juegos<\/p>\n","protected":false},"featured_media":185525,"comment_status":"open","ping_status":"closed","template":"","meta":{"_joinchat":[]},"product_cat":[6544,6536,6971],"product_tag":[],"class_list":{"0":"post-185523","1":"product","2":"type-product","3":"status-publish","4":"has-post-thumbnail","6":"product_cat-consolas-informatica-y-gaming","7":"product_cat-informatica-y-ocio","8":"product_cat-videojuegos","9":"pa_marca-nintendo","11":"first","12":"instock","13":"taxable","14":"shipping-taxable","15":"purchasable","16":"product-type-simple"},"_links":{"self":[{"href":"https:\/\/desdropi.com\/elparque\/wp-json\/wp\/v2\/product\/185523"}],"collection":[{"href":"https:\/\/desdropi.com\/elparque\/wp-json\/wp\/v2\/product"}],"about":[{"href":"https:\/\/desdropi.com\/elparque\/wp-json\/wp\/v2\/types\/product"}],"replies":[{"embeddable":true,"href":"https:\/\/desdropi.com\/elparque\/wp-json\/wp\/v2\/comments?post=185523"}],"version-history":[{"count":0,"href":"https:\/\/desdropi.com\/elparque\/wp-json\/wp\/v2\/product\/185523\/revisions"}],"wp:featuredmedia":[{"embeddable":true,"href":"https:\/\/desdropi.com\/elparque\/wp-json\/wp\/v2\/media\/185525"}],"wp:attachment":[{"href":"https:\/\/desdropi.com\/elparque\/wp-json\/wp\/v2\/media?parent=185523"}],"wp:term":[{"taxonomy":"product_cat","embeddable":true,"href":"https:\/\/desdropi.com\/elparque\/wp-json\/wp\/v2\/product_cat?post=185523"},{"taxonomy":"product_tag","embeddable":true,"href":"https:\/\/desdropi.com\/elparque\/wp-json\/wp\/v2\/product_tag?post=185523"}],"curies":[{"name":"wp","href":"https:\/\/api.w.org\/{rel}","templated":true}]}}