{"id":185602,"date":"2023-04-13T17:00:00","date_gmt":"2023-04-13T15:00:00","guid":{"rendered":"https:\/\/desdropi.com\/elparque\/?post_type=product&#038;p=185602"},"modified":"2024-05-17T13:00:47","modified_gmt":"2024-05-17T11:00:47","slug":"juego-nintendo-switch-sports","status":"publish","type":"product","link":"https:\/\/desdropi.com\/elparque\/juego-nintendo-switch-sports\/","title":{"rendered":"Juego Nintendo Switch Sports"},"content":{"rendered":"<div class=\"descripcion-tab\">\n<ul>\n<li>El Juego de Nintendo Switch Sports es un <strong>emocionante juego de deportes<\/strong> que incluye una variedad de actividades deportivas para disfrutar en la consola Nintendo Switch. El juego cuenta con deportes como tenis, b\u00e9isbol, boxeo, golf, bolos y f\u00fatbol, cada uno con su propio estilo y mec\u00e1nica de juego.<\/li>\n<li>Los jugadores pueden competir en <strong>partidas individuales o en modo multijugador<\/strong> con hasta cuatro jugadores. El juego tambi\u00e9n incluye un modo de entrenamiento para que los jugadores puedan perfeccionar sus habilidades y dominar cada deporte.<\/li>\n<li>Los controles de movimiento Joy-Con de la Nintendo Switch ofrecen una <strong>experiencia realista y precisa en cada deporte<\/strong>. Por ejemplo, en el tenis, los jugadores pueden usar los Joy-Con para simular un swing de raqueta, mientras que en el boxeo pueden lanzar pu\u00f1etazos y esquivar ataques en tiempo real.<\/li>\n<li>El Juego de Nintendo Switch Sports ofrece <strong>gr\u00e1ficos vibrantes y una banda sonora emocionante<\/strong> para que los jugadores disfruten de una experiencia inmersiva y emocionante en cada deporte. Es una excelente opci\u00f3n para aquellos que buscan una experiencia deportiva divertida y accesible en su Nintendo Switch.<\/li>\n<\/ul>\n<h4>Caracter\u00edsticas<\/h4>\n<ul>\n<li>Plataforma \u2192 Nintendo Switch<\/li>\n<li>G\u00e9nero del juego \u2192 Juego de socializaci\u00f3n, Deportes<\/li>\n<li>Rango ESRB \u2192 E10 + (Everyone 10 +)<\/li>\n<li>Versi\u00f3n de idioma \u2192 Pluriling\u00fce<\/li>\n<li>Idioma de la voz en off \u2192 Alem\u00e1n, Holand\u00e9s, Ingl\u00e9s, Espa\u00f1ol, Franc\u00e9s, Italiano, Portugu\u00e9s, Ruso<\/li>\n<li>Subt\u00edtulos Idioma \u2192 Chino simplificado, Alem\u00e1n, Holand\u00e9s, Ingl\u00e9s, Espa\u00f1ol, Franc\u00e9s, Italiano, Japon\u00e9s, Coreano, Portugu\u00e9s, Ruso<\/li>\n<li style=\"list-style-type: none;\"><\/li>\n<li>Fecha de lanzamiento \u2192 29\/04\/2022<\/li>\n<li>Explorador \u2192 Nintendo, Nintendo Entertainment Planning &amp; Development<\/li>\n<li>Tipo de distribuci\u00f3n \u2192 Soporte f\u00edsico<\/li>\n<li>Clasificaci\u00f3n \u2192 PEGI7<\/li>\n<li>Modo multijugador \u2192 S\u00ed<\/li>\n<li>Tipo de modo multijugador \u2192 Fuera de l\u00ednea, En l\u00ednea<\/li>\n<li>N\u00famero m\u00ednimo de jugadores desconectados \u2192 1<\/li>\n<li>Editor \u2192 Nintendo<\/li>\n<li>Descriptor de contenido ESRB \u2192 Violencia moderada<\/li>\n<li>N\u00famero m\u00ednimo de jugadores conectados \u2192 1<\/li>\n<li>N\u00famero m\u00e1ximo de jugadores conectados \u2192 2<\/li>\n<li>N\u00famero m\u00ednimo de jugadores en modo cooperativo \u2192 1<\/li>\n<li>N\u00famero m\u00e1ximo de jugadores en modo cooperativo \u2192 4<\/li>\n<li>Compatible con detecci\u00f3n de movimiento \u2192 S\u00ed<\/li>\n<li>Descriptores de contenido PEGI \u2192 Violencia<\/li>\n<\/ul>\n<\/div>\n","protected":false},"excerpt":{"rendered":"<p>El Juego de Nintendo Switch Sports es un emocionante juego de deportes que incluye una variedad de actividades deportivas para<\/p>\n","protected":false},"featured_media":185616,"comment_status":"open","ping_status":"closed","template":"","meta":{"_joinchat":[]},"product_cat":[6544,6536,6971],"product_tag":[],"class_list":{"0":"post-185602","1":"product","2":"type-product","3":"status-publish","4":"has-post-thumbnail","6":"product_cat-consolas-informatica-y-gaming","7":"product_cat-informatica-y-ocio","8":"product_cat-videojuegos","9":"pa_marca-nintendo","11":"first","12":"instock","13":"taxable","14":"shipping-taxable","15":"purchasable","16":"product-type-simple"},"_links":{"self":[{"href":"https:\/\/desdropi.com\/elparque\/wp-json\/wp\/v2\/product\/185602"}],"collection":[{"href":"https:\/\/desdropi.com\/elparque\/wp-json\/wp\/v2\/product"}],"about":[{"href":"https:\/\/desdropi.com\/elparque\/wp-json\/wp\/v2\/types\/product"}],"replies":[{"embeddable":true,"href":"https:\/\/desdropi.com\/elparque\/wp-json\/wp\/v2\/comments?post=185602"}],"version-history":[{"count":0,"href":"https:\/\/desdropi.com\/elparque\/wp-json\/wp\/v2\/product\/185602\/revisions"}],"wp:featuredmedia":[{"embeddable":true,"href":"https:\/\/desdropi.com\/elparque\/wp-json\/wp\/v2\/media\/185616"}],"wp:attachment":[{"href":"https:\/\/desdropi.com\/elparque\/wp-json\/wp\/v2\/media?parent=185602"}],"wp:term":[{"taxonomy":"product_cat","embeddable":true,"href":"https:\/\/desdropi.com\/elparque\/wp-json\/wp\/v2\/product_cat?post=185602"},{"taxonomy":"product_tag","embeddable":true,"href":"https:\/\/desdropi.com\/elparque\/wp-json\/wp\/v2\/product_tag?post=185602"}],"curies":[{"name":"wp","href":"https:\/\/api.w.org\/{rel}","templated":true}]}}