{"id":185726,"date":"2023-04-13T18:52:46","date_gmt":"2023-04-13T17:52:46","guid":{"rendered":"https:\/\/desdropi.com\/elparque\/?post_type=product&#038;p=185726"},"modified":"2024-05-17T13:00:48","modified_gmt":"2024-05-17T11:00:48","slug":"auriculares-samsung-buds2-violet","status":"publish","type":"product","link":"https:\/\/desdropi.com\/elparque\/auriculares-samsung-buds2-violet\/","title":{"rendered":"Auriculares Samsung Buds2 Violet"},"content":{"rendered":"<div class=\"descripcion-tab\"><strong>Requisitos del sistema<\/strong><\/p>\n<ul>\n<li>Sistemas operativos m\u00f3viles soportados: Android 10, Android 7.0, Android 7.1, Android 7.1.2, Android 8.0, Android 9.0<\/li>\n<\/ul>\n<p><strong>Puertos e Interfaces<\/strong><\/p>\n<ul>\n<li>Tecnolog\u00eda de conectividad: Inal\u00e1mbrico<\/li>\n<li>Conector de 3,5 mm: No<\/li>\n<li>Conexi\u00f3n USB: USB Type-C<\/li>\n<li>Bluetooth: S\u00ed<\/li>\n<li>Versi\u00f3n de Bluetooth: 5.2<\/li>\n<li>Perfiles de Bluetooth: A2DP, AVRCP, HFP<\/li>\n<\/ul>\n<p><strong>Peso y dimensiones<\/strong><\/p>\n<ul>\n<li>Ancho: 20,9 mm<\/li>\n<li>Profundidad: 17 mm<\/li>\n<li>Altura: 21,1 mm<\/li>\n<li>Peso de auricular izquierdo: 5 gr<\/li>\n<li>Peso de auricular derecho: 5 gr<\/li>\n<li>Dimensiones de funda de carga (Ancho x Largo x Alto): 50,2 x 27,8 x 50<\/li>\n<li>Estuche de carga: 41,2 gr<\/li>\n<\/ul>\n<p><strong>Micr\u00f3fono<\/strong><\/p>\n<ul>\n<li>Tipo de micr\u00f3fono: Integrado<\/li>\n<li>N\u00famero de micr\u00f3fonos: 3<\/li>\n<\/ul>\n<p><strong>Auriculares<\/strong><\/p>\n<ul>\n<li>Aud\u00edfonos: Intraaural<\/li>\n<li>Sistema ac\u00fastico: Cerrado<\/li>\n<li>Sensibilidad de auricular: 20<\/li>\n<li>Tipo de controlador: Din\u00e1mico<\/li>\n<li>Efecto de cancelaci\u00f3n de ruido: S\u00ed<\/li>\n<\/ul>\n<p><strong>Contenido del embalaje<\/strong><\/p>\n<ul>\n<li>Capacidad del estuche de carga: 472 mAh<\/li>\n<li>Tipo de estuche de carga: Al\u00e1mbrico<\/li>\n<li>Tipo de conector del estuche de carga: USB Tipo C<\/li>\n<li>Gu\u00eda de configuraci\u00f3n r\u00e1pida: S\u00ed<\/li>\n<li>Almohadillas para o\u00eddos: S\u00ed<\/li>\n<\/ul>\n<p><strong>Bater\u00eda<\/strong><\/p>\n<ul>\n<li>Cargador inal\u00e1mbrico: S\u00ed<\/li>\n<li>Capacidad de bater\u00eda de auricular derecho: 61 mAh<\/li>\n<li>Capacidad de bater\u00eda de auricular izquierdo: 61 mAh<\/li>\n<li>Tiempo continuo de reproducci\u00f3n de audio: 7,5 h<\/li>\n<li>Autonom\u00eda en reproducci\u00f3n continua de audio (con estuche de carga): 20 h<\/li>\n<li>Capacidad de la bater\u00eda (estuche de carga): 472 mAh<\/li>\n<li>Carga r\u00e1pida: S\u00ed<\/li>\n<li>Tiempo de carga r\u00e1pida: 5 min<\/li>\n<\/ul>\n<p><strong>Desempe\u00f1o<\/strong><\/p>\n<ul>\n<li>Tipo de producto: Auriculares<\/li>\n<li>Estilo de uso: Dentro de o\u00eddo<\/li>\n<li>Uso recomendado: Llamadas y m\u00fasica<\/li>\n<li>Tipo de auricular: Binaural<\/li>\n<li>Color del producto: Violeta<\/li>\n<li>Teclas de funcionamiento: Tecla m\u00faltiple<\/li>\n<li>Tipo de control: T\u00e1ctil<\/li>\n<li>Aceler\u00f3metro: S\u00ed<\/li>\n<li>Giroscopio: S\u00ed<\/li>\n<\/ul>\n<\/div>\n","protected":false},"excerpt":{"rendered":"<p>Requisitos del sistema Sistemas operativos m\u00f3viles soportados: Android 10, Android 7.0, Android 7.1, Android 7.1.2, Android 8.0, Android 9.0 Puertos<\/p>\n","protected":false},"featured_media":185727,"comment_status":"open","ping_status":"closed","template":"","meta":{"_joinchat":[]},"product_cat":[1022,3383],"product_tag":[],"class_list":{"0":"post-185726","1":"product","2":"type-product","3":"status-publish","4":"has-post-thumbnail","6":"product_cat-sonido","7":"product_cat-auriculares","8":"pa_marca-samsung","10":"first","11":"instock","12":"taxable","13":"shipping-taxable","14":"purchasable","15":"product-type-simple"},"_links":{"self":[{"href":"https:\/\/desdropi.com\/elparque\/wp-json\/wp\/v2\/product\/185726"}],"collection":[{"href":"https:\/\/desdropi.com\/elparque\/wp-json\/wp\/v2\/product"}],"about":[{"href":"https:\/\/desdropi.com\/elparque\/wp-json\/wp\/v2\/types\/product"}],"replies":[{"embeddable":true,"href":"https:\/\/desdropi.com\/elparque\/wp-json\/wp\/v2\/comments?post=185726"}],"version-history":[{"count":0,"href":"https:\/\/desdropi.com\/elparque\/wp-json\/wp\/v2\/product\/185726\/revisions"}],"wp:featuredmedia":[{"embeddable":true,"href":"https:\/\/desdropi.com\/elparque\/wp-json\/wp\/v2\/media\/185727"}],"wp:attachment":[{"href":"https:\/\/desdropi.com\/elparque\/wp-json\/wp\/v2\/media?parent=185726"}],"wp:term":[{"taxonomy":"product_cat","embeddable":true,"href":"https:\/\/desdropi.com\/elparque\/wp-json\/wp\/v2\/product_cat?post=185726"},{"taxonomy":"product_tag","embeddable":true,"href":"https:\/\/desdropi.com\/elparque\/wp-json\/wp\/v2\/product_tag?post=185726"}],"curies":[{"name":"wp","href":"https:\/\/api.w.org\/{rel}","templated":true}]}}