{"id":185757,"date":"2023-04-13T19:33:06","date_gmt":"2023-04-13T17:33:06","guid":{"rendered":"https:\/\/desdropi.com\/elparque\/?post_type=product&#038;p=185757"},"modified":"2024-05-17T13:00:48","modified_gmt":"2024-05-17T11:00:48","slug":"smartphone-apple-iphone-14-5g-6-128-61-midnight","status":"publish","type":"product","link":"https:\/\/desdropi.com\/elparque\/smartphone-apple-iphone-14-5g-6-128-61-midnight\/","title":{"rendered":"Smartphone Apple Iphone 14 5G 6\/128 6,1&#8243; Midnight"},"content":{"rendered":"<div class=\"descripcion-tab\">\n<strong>Procesador<\/strong><\/p>\n<ul>\n<li>Familia de procesador: Apple<\/li>\n<li>Modelo del procesador: A15<\/li>\n<li>Coprocesador: S\u00ed<\/li>\n<li>Modelo de coprocesador: Neural Engine<\/li>\n<li>N\u00famero de n\u00facleos del procesador: 6<\/li>\n<li>N\u00facleos del coprocesador: 16<\/li>\n<\/ul>\n<p><strong>Exhibici\u00f3n<\/strong><\/p>\n<ul>\n<li>Resoluci\u00f3n de la pantalla: 2532 x 1170<\/li>\n<li>Forma de la pantalla: Plana<\/li>\n<li>Tipo de visualizador: OLED<\/li>\n<li>Tipo de cristal de pantalla: Ceramic Shield<\/li>\n<li>Raz\u00f3n de contraste (t\u00edpica): 2000000:1<\/li>\n<li>Brillo de pantalla: 800<\/li>\n<li>Brillo m\u00e1ximo de la pantalla (HDR): 1200<\/li>\n<li>Alto Rango Din\u00e1mico (HDR): S\u00ed<\/li>\n<li>Tecnolog\u00eda High Dynamic Range (HDR): Extreme Dynamic Range (XDR), High Dynamic Range 10 (HDR10), Hybrid Log-Gamma (HLG)<\/li>\n<li>Densidad del p\u00edxel: 460<\/li>\n<li>Anti-huellas: S\u00ed<\/li>\n<li>Pantalla con esquinas redondeadas: S\u00ed<\/li>\n<li>Tipo de pantalla t\u00e1ctil: Capacitiva<\/li>\n<li>Recubrimiento oleof\u00f3bico: S\u00ed<\/li>\n<li>Tecnolog\u00edas espec\u00edficas: True Tone, Haptic touch, Amplia gama de colores (P3)<\/li>\n<li>Tama\u00f1o de la pantalla: 6,1&#8243;<\/li>\n<\/ul>\n<p><strong>Puertos e Interfaces<\/strong><\/p>\n<ul>\n<li>Auriculares: Lightning<\/li>\n<li>Puerto USB: No<\/li>\n<li>Conector de iluminaci\u00f3n: S\u00ed<\/li>\n<\/ul>\n<p><strong>Peso y dimensiones<\/strong><\/p>\n<ul>\n<li>Peso: 172<\/li>\n<li>Profundidad: 7,8<\/li>\n<li>Altura: 146,7<\/li>\n<li>Ancho: 71,5<\/li>\n<\/ul>\n<p><strong>Condiciones ambientales<\/strong><\/p>\n<ul>\n<li>Altitud de funcionamiento: 0 &#8211; 3000<\/li>\n<li>Intervalo de temperatura de almacenaje: -20 &#8211; 45<\/li>\n<li>Intervalo de temperatura operativa: 0 &#8211; 35<\/li>\n<li>Intervalo de humedad relativa para funcionamiento: 5 &#8211; 95<\/li>\n<\/ul>\n<p><strong>Detalles t\u00e9cnicos<\/strong><\/p>\n<ul>\n<li>No contiene: Ars\u00e9nico, Mercurio, PVC\/BFR, Berilio<\/li>\n<li>\u00cdndice de reparabilidad: 6.9<\/li>\n<\/ul>\n<p><strong>Medios de almacenamiento<\/strong><\/p>\n<ul>\n<li>Memoria interna: 128 GB<\/li>\n<li>Tarjetas de memoria compatibles: No compatible<\/li>\n<li>RAM interna: 6 GB<\/li>\n<\/ul>\n<p><strong>Mensajer\u00eda<\/strong><\/p>\n<ul>\n<li>Correo electr\u00f3nico: S\u00ed<\/li>\n<li>Sistema de mensajer\u00eda multimedia (MMS): S\u00ed<\/li>\n<li>Servicios de mensajes cortos (SMS): S\u00ed<\/li>\n<\/ul>\n<p><strong>Navegaci\u00f3n<\/strong><\/p>\n<ul>\n<li>GPS: S\u00ed<\/li>\n<li>GPS (sat\u00e9lite): S\u00ed<\/li>\n<li>GLONASS: S\u00ed<\/li>\n<li>BeiDou: S\u00ed<\/li>\n<li>Galileo: S\u00ed<\/li>\n<li>Sistema por Sat\u00e9lite Quasi-Zenith (QZSS): S\u00ed<\/li>\n<li>Br\u00fajula electr\u00f3nica: S\u00ed<\/li>\n<li>Posicionamiento de Wi-Fi: S\u00ed<\/li>\n<\/ul>\n<p><strong>Aprobaciones reguladoras<\/strong><\/p>\n<ul>\n<li>\u00cdndice SAR para el cuerpo (UE): 0,98<\/li>\n<li>\u00cdndice SAR para la cabeza (UE): 0,98<\/li>\n<li>Extremidades SAR (EU): 2,98<\/li>\n<\/ul>\n<p><strong>Software:<\/strong><\/p>\n<ul>\n<li>Plataforma: iOS<\/li>\n<li>Sistema operativo instalado: iOS 16<\/li>\n<li>Sistema operativo Windows soportado: S\u00ed<\/li>\n<li>Software incluido:\n<ul>\n<li>iMovie<\/li>\n<li>Pages<\/li>\n<li>Keynote<\/li>\n<li>Numbers<\/li>\n<li>GarageBand<\/li>\n<li>Apple Store<\/li>\n<li>Trailers<\/li>\n<li>iTunes Remote<\/li>\n<li>Clips Support<\/li>\n<\/ul>\n<\/li>\n<li>Asistente virtual: Apple Siri<\/li>\n<li>Sistema operativo MAC soportado: S\u00ed<\/li>\n<li>App distribution platform: Apple App Store<\/li>\n<\/ul>\n<p><strong>C\u00e1mara fotogr\u00e1fica:<\/strong><\/p>\n<ul>\n<li>Tipo de c\u00e1mara trasera: C\u00e1mara doble<\/li>\n<li>Detector de rostro: S\u00ed<\/li>\n<li>Tipo de c\u00e1mara frontal: C\u00e1mara \u00fanica<\/li>\n<li>Modo de lapso de tiempo: S\u00ed<\/li>\n<li>Estabilizador de v\u00eddeo: S\u00ed<\/li>\n<li>Resoluci\u00f3n de la c\u00e1mara trasera (num\u00e9rica): 12<\/li>\n<li>Zoom \u00f3ptico: 2<\/li>\n<li>Panor\u00e1mica: S\u00ed<\/li>\n<li>Disparador m\u00faltiple: S\u00ed<\/li>\n<li>\u00c1ngulo del campo de visi\u00f3n (FOV) de la c\u00e1mara trasera: 120<\/li>\n<li>N\u00famero de apertura de la segunda c\u00e1mara trasera: 1,5<\/li>\n<li>Modos de grabaci\u00f3n de v\u00eddeo: 720p, 1080p, 2160p<\/li>\n<li>Zoom digital: 5<\/li>\n<li>Autoenfoque: S\u00ed<\/li>\n<li>Elementos de la lente de la segunda c\u00e1mara trasera: Lente de 7 elementos<\/li>\n<li>N\u00famero de apertura de la c\u00e1mara trasera: 2,4<\/li>\n<li>Velocidad m\u00e1xima de cuadro: 240<\/li>\n<li>Geoetiquetado: S\u00ed<\/li>\n<li>Estabilizador de imagen: S\u00ed<\/li>\n<li>Modo noche: S\u00ed<\/li>\n<li>Resoluci\u00f3n de captura de video: 3840 x 2160<\/li>\n<li>Disparador autom\u00e1tico: S\u00ed<\/li>\n<li>Flash en c\u00e1mara trasera: S\u00ed<\/li>\n<li>Resoluci\u00f3n de la c\u00e1mara frontal (num\u00e9rica): 12<\/li>\n<li>N\u00famero de apertura de la c\u00e1mara frontal: 1,9<\/li>\n<li>Resoluci\u00f3n de la segunda c\u00e1mara trasera (num\u00e9rica): 12<\/li>\n<li>Resoluci\u00f3n en velocidad de captura: 1920&#215;1080@120fps, 1920&#215;1080@240fps, 1920&#215;1080@30fps, 1920&#215;1080@60fps, 3840&#215;2160@24fps, 3840&#215;2160@30fps, 3840&#215;2160@60fps<\/li>\n<li>Elementos de la lente de la c\u00e1mara trasera: Lente de 5 elementos<\/li>\n<li>Tipo de estabilizador de imagen: Optical Image Stabilization (OIS)<\/li>\n<li>Correcci\u00f3n de ojos rojos: S\u00ed<\/li>\n<li>Modo retrato: S\u00ed<\/li>\n<li>Material de la cubierta de la lente: Cristal de zafiro<\/li>\n<li>Alejamiento \u00f3ptico (zoom out): 2<\/li>\n<li>Formatos de imagen de la c\u00e1mara compatibles: HEIF, JPEG<\/li>\n<li>Formatos de v\u00eddeo de la c\u00e1mara compatibles: H.264, HEVC<\/li>\n<li>Zoom de audio: S\u00ed<\/li>\n<\/ul>\n<p><strong>Contenido del embalaje:<\/strong><\/p>\n<ul>\n<li>Cables incluidos: USB Type-C to Lightning<\/li>\n<li>Auriculares incluidos: No<\/li>\n<li>Adaptador AC incluido: No<\/li>\n<\/ul>\n<p><strong>Sensores<\/strong><\/p>\n<ul>\n<li>Aceler\u00f3metro: S\u00ed<\/li>\n<li>Sensor de luz ambiental: S\u00ed<\/li>\n<li>Sensor de proximidad: S\u00ed<\/li>\n<li>Giroscopio: S\u00ed<\/li>\n<li>Sensor de orientaci\u00f3n: S\u00ed<\/li>\n<li>Bar\u00f3metro: S\u00ed<\/li>\n<\/ul>\n<p><strong>Bater\u00eda<\/strong><\/p>\n<ul>\n<li>Tiempo continuo de reproducci\u00f3n de audio: 80<\/li>\n<li>Tiempo continuo de reproducci\u00f3n de video: 20<\/li>\n<li>Tecnolog\u00eda de bater\u00eda: I\u00f3n de litio<\/li>\n<\/ul>\n<p><strong>Dise\u00f1o<\/strong><\/p>\n<ul>\n<li>Nombre del color: Starlight<\/li>\n<li>C\u00f3digo IP (International Protection): IP68<\/li>\n<li>Funciones de protecci\u00f3n: Resistente al polvo, A prueba de salpicaduras, Resistente al agua<\/li>\n<li>Material de la carcasa: Aluminio, Vidrio<\/li>\n<li>Factor de forma: Barra<\/li>\n<li>Humedad: resistente al agua hasta 6<\/li>\n<li>Color del tel\u00e9fono: Blanco<\/li>\n<\/ul>\n<p><strong>Desempe\u00f1o<\/strong><\/p>\n<ul>\n<li>Video llamada: S\u00ed<\/li>\n<li>Carga r\u00e1pida: S\u00ed<\/li>\n<li>Cargador inal\u00e1mbrico: S\u00ed<\/li>\n<li>Adaptadores de n\u00facleo gr\u00e1fico: 5<\/li>\n<li>Reconocimiento de cara: S\u00ed<\/li>\n<li>Altavoz: S\u00ed<\/li>\n<li>Llamada por voz: S\u00ed<\/li>\n<li>Comandos de voz: S\u00ed<\/li>\n<li>Compatible con aud\u00edfonos: S\u00ed<\/li>\n<li>Alerta vibratoria: S\u00ed<\/li>\n<li>Emergencia SOS (sat\u00e9lite): S\u00ed<\/li>\n<li>Detecci\u00f3n de accidentes: S\u00ed<\/li>\n<li>Prestaciones de accesibilidad: AssistiveTouch, Lupa, Contenido hablado, Type to Siri, Acercar, Back Tap, Real-time text (RTT), Switch Control, Control por voz, Subt\u00edtulos cerrados, Siri and Dictation, Teletype (TTY), VoiceOver<\/li>\n<\/ul>\n<p><strong>Multimedia<\/strong><\/p>\n<ul>\n<li>Formatos de audio soportados: AAC, AAC-LC, AAX, AAX+, AC3, EAC3, FLAC, HE-AAC, HE-AAC v2, MP3, PCM<\/li>\n<li>Formatos de v\u00eddeo compatibles: H.264, HEVC, M-JPEG, MPEG4<\/li>\n<li>Altavoces: Est\u00e9reo<\/li>\n<li>Formatos de texto soportados: DOC, DOCX, Llave, PDF, PPT, PPTX, TXT, RTF, VCF, XLSX, XLS<\/li>\n<li>Formatos de imagen soportados: JPG, TIFF, GIF<\/li>\n<li>Formato de archivos soportados: Zip<\/li>\n<\/ul>\n<p><strong>Suscripci\u00f3n<\/strong><\/p>\n<ul>\n<li>Tipo de suscripci\u00f3n: Sin suscripci\u00f3n<\/li>\n<\/ul>\n<p><strong>Conexi\u00f3n<\/strong><\/p>\n<ul>\n<li>Capacidad de la tarjeta SIM: SIM doble<\/li>\n<li>Wi-Fi est\u00e1ndares: Wi-Fi 6 (802.11ax)<\/li>\n<li>Bluetooth: S\u00ed<\/li>\n<li>iBeacon: S\u00ed<\/li>\n<li>Mobile network generation: 5G<\/li>\n<li>AirPlay: S\u00ed<\/li>\n<li>Tipo de tarjeta SIM: NanoSIM + eSIM<\/li>\n<li>Voces superpuestas LTE (VoLTE) compatibles: S\u00ed<\/li>\n<li>Est\u00e1ndares 3G: DC-HSDPA, HSPA+, UMTS<\/li>\n<li>NFC: S\u00ed<\/li>\n<li>Est\u00e1ndar 4G: LTE<\/li>\n<li>Wifi: S\u00ed<\/li>\n<li>MIMO: S\u00ed<\/li>\n<li>Versi\u00f3n de Bluetooth: 5.3<\/li>\n<li>Bandas 3G soportadas: 850, 900, 1900, 1700, 2100<\/li>\n<li>Banda de frecuencia: Pentabanda<\/li>\n<\/ul>\n<p><strong>Sensores<\/strong><\/p>\n<ul>\n<li>Aceler\u00f3metro: S\u00ed<\/li>\n<li>Sensor de luz ambiental: S\u00ed<\/li>\n<li>Sensor de proximidad: S\u00ed<\/li>\n<li>Giroscopio: S\u00ed<\/li>\n<li>Sensor de orientaci\u00f3n: S\u00ed<\/li>\n<li>Bar\u00f3metro: S\u00ed<\/li>\n<\/ul>\n<p><strong>Bater\u00eda<\/strong><\/p>\n<ul>\n<li>Tiempo continuo de reproducci\u00f3n de audio: 80<\/li>\n<li>Tiempo continuo de reproducci\u00f3n de video: 20<\/li>\n<li>Tecnolog\u00eda de bater\u00eda: I\u00f3n de litio<\/li>\n<\/ul>\n<p><strong>Dise\u00f1o<\/strong><\/p>\n<ul>\n<li>Nombre del color: Starlight<\/li>\n<li>C\u00f3digo IP (International Protection): IP68<\/li>\n<li>Funciones de protecci\u00f3n: Resistente al polvo, A prueba de salpicaduras, Resistente al agua<\/li>\n<li>Material de la carcasa: Aluminio, Vidrio<\/li>\n<li>Factor de forma: Barra<\/li>\n<li>Humedad: resistente al agua hasta 6<\/li>\n<li>Color del tel\u00e9fono: Blanco<\/li>\n<\/ul>\n<p><strong>Desempe\u00f1o<\/strong><\/p>\n<ul>\n<li>Video llamada: S\u00ed<\/li>\n<li>Carga r\u00e1pida: S\u00ed<\/li>\n<li>Cargador inal\u00e1mbrico: S\u00ed<\/li>\n<li>Adaptadores de n\u00facleo gr\u00e1fico: 5<\/li>\n<li>Reconocimiento de cara: S\u00ed<\/li>\n<li>Altavoz: S\u00ed<\/li>\n<li>Llamada por voz: S\u00ed<\/li>\n<li>Comandos de voz: S\u00ed<\/li>\n<li>Compatible con aud\u00edfonos: S\u00ed<\/li>\n<li>Alerta vibratoria: S\u00ed<\/li>\n<li>Emergencia SOS (sat\u00e9lite): S\u00ed<\/li>\n<li>Detecci\u00f3n de accidentes: S\u00ed<\/li>\n<li>Prestaciones de accesibilidad: AssistiveTouch, Lupa, Contenido hablado, Type to Siri, Acercar, Back Tap, Real-time text (RTT), Switch Control, Control por voz, Subt\u00edtulos cerrados, Siri and Dictation, Teletype (TTY), VoiceOver<\/li>\n<\/ul>\n<p><strong>Multimedia<\/strong><\/p>\n<ul>\n<li>Formatos de audio soportados: AAC, AAC-LC, AAX, AAX+, AC3, EAC3, FLAC, HE-AAC, HE-AAC v2, MP3, PCM<\/li>\n<li>Formatos de v\u00eddeo compatibles: H.264, HEVC, M-JPEG, MPEG4<\/li>\n<li>Altavoces: Est\u00e9reo<\/li>\n<li>Formatos de texto soportados: DOC, DOCX, Llave, PDF, PPT, PPTX, TXT, RTF, VCF, XLSX, XLS<\/li>\n<li>Formatos de imagen soportados: JPG, TIFF, GIF<\/li>\n<li>Formato de archivos soportados: Zip<\/li>\n<\/ul>\n<p><strong>Suscripci\u00f3n<\/strong><\/p>\n<ul>\n<li>Tipo de suscripci\u00f3n: Sin suscripci\u00f3n<\/li>\n<\/ul>\n<p><strong>Conexi\u00f3n<\/strong><\/p>\n<ul>\n<li>Capacidad de la tarjeta SIM: SIM doble<\/li>\n<li>Wi-Fi est\u00e1ndares: Wi-Fi 6 (802.11ax)<\/li>\n<li>Bluetooth: S\u00ed<\/li>\n<li>iBeacon: S\u00ed<\/li>\n<li>Mobile network generation: 5G<\/li>\n<li>AirPlay: S\u00ed<\/li>\n<li>Tipo de tarjeta SIM: NanoSIM + eSIM<\/li>\n<li>Voces superpuestas LTE (VoLTE) compatibles: S\u00ed<\/li>\n<li>Est\u00e1ndares 3G: DC-HSDPA, HSPA+, UMTS<\/li>\n<li>NFC: S\u00ed<\/li>\n<li>Est\u00e1ndar 4G: LTE<\/li>\n<li>Wifi: S\u00ed<\/li>\n<li>MIMO: S\u00ed<\/li>\n<li>Versi\u00f3n de Bluetooth: 5.3<\/li>\n<li>Bandas 3G soportadas: 850, 900, 1900, 1700, 2100<\/li>\n<li>Banda de frecuencia: Pentabanda<\/li>\n<li>Est\u00e1ndar 5G: NR mmWave<\/li>\n<\/ul>\n<\/div>\n","protected":false},"excerpt":{"rendered":"<p>Procesador Familia de procesador: Apple Modelo del procesador: A15 Coprocesador: S\u00ed Modelo de coprocesador: Neural Engine N\u00famero de n\u00facleos del<\/p>\n","protected":false},"featured_media":185763,"comment_status":"open","ping_status":"closed","template":"","meta":{"_joinchat":[]},"product_cat":[6476,6483,6479,795],"product_tag":[],"class_list":{"0":"post-185757","1":"product","2":"type-product","3":"status-publish","4":"has-post-thumbnail","6":"product_cat-telefonos","7":"product_cat-ios","8":"product_cat-smartphones-telefonos","9":"product_cat-electronica","10":"pa_marca-apple","12":"first","13":"instock","14":"taxable","15":"shipping-taxable","16":"purchasable","17":"product-type-simple"},"_links":{"self":[{"href":"https:\/\/desdropi.com\/elparque\/wp-json\/wp\/v2\/product\/185757"}],"collection":[{"href":"https:\/\/desdropi.com\/elparque\/wp-json\/wp\/v2\/product"}],"about":[{"href":"https:\/\/desdropi.com\/elparque\/wp-json\/wp\/v2\/types\/product"}],"replies":[{"embeddable":true,"href":"https:\/\/desdropi.com\/elparque\/wp-json\/wp\/v2\/comments?post=185757"}],"version-history":[{"count":0,"href":"https:\/\/desdropi.com\/elparque\/wp-json\/wp\/v2\/product\/185757\/revisions"}],"wp:featuredmedia":[{"embeddable":true,"href":"https:\/\/desdropi.com\/elparque\/wp-json\/wp\/v2\/media\/185763"}],"wp:attachment":[{"href":"https:\/\/desdropi.com\/elparque\/wp-json\/wp\/v2\/media?parent=185757"}],"wp:term":[{"taxonomy":"product_cat","embeddable":true,"href":"https:\/\/desdropi.com\/elparque\/wp-json\/wp\/v2\/product_cat?post=185757"},{"taxonomy":"product_tag","embeddable":true,"href":"https:\/\/desdropi.com\/elparque\/wp-json\/wp\/v2\/product_tag?post=185757"}],"curies":[{"name":"wp","href":"https:\/\/api.w.org\/{rel}","templated":true}]}}