{"id":186030,"date":"2023-04-14T09:15:08","date_gmt":"2023-04-14T08:15:08","guid":{"rendered":"https:\/\/desdropi.com\/elparque\/?post_type=product&#038;p=186030"},"modified":"2024-08-06T00:00:13","modified_gmt":"2024-08-05T22:00:13","slug":"smartphone-samsung-a34-5g-8-256-66-silver","status":"publish","type":"product","link":"https:\/\/desdropi.com\/elparque\/smartphone-samsung-a34-5g-8-256-66-silver\/","title":{"rendered":"Smartphone Samsung A34 5G 8\/256 6,6&#8243; Silver"},"content":{"rendered":"<div class=\"descripcion-tab\">\n<ul>\n<li>El <strong>Samsung Galaxy A54 5G<\/strong> es un smartphone con una <strong>pantalla Infinity-O FHD+ de 6,4 pulgadas<\/strong>, lo que te permitir\u00e1 disfrutar de una visi\u00f3n clara al aire libre y una <strong>frecuencia de refresco de hasta 120 Hz<\/strong> para una experiencia m\u00e1s fluida al ver tu contenido favorito.<\/li>\n<li>Este tel\u00e9fono cuenta con un <strong>sistema de c\u00e1mara m\u00faltiple<\/strong> que te permitir\u00e1 <strong>capturar momentos incre\u00edbles con su c\u00e1mara principal de 50 MP<\/strong>, lo que te asegura fotos n\u00edtidas y claras con gran detalle y resoluci\u00f3n.<\/li>\n<li>Adem\u00e1s, este smartphone tiene una <strong>bater\u00eda de 5000 mAh<\/strong> que te permitir\u00e1 disfrutar de m\u00e1s de <strong>2 d\u00edas sin tener que cargarlo<\/strong>, lo que lo convierte en una excelente opci\u00f3n para aquellos que necesitan estar conectados durante todo el d\u00eda sin interrupciones.<\/li>\n<li>El <strong>potente procesador octa-core<\/strong> del Samsung Galaxy A54 5G te permitir\u00e1 abrir una nueva gama de posibilidades con su <strong>mayor rendimiento y capacidad<\/strong>, lo que te permitir\u00e1 ejecutar varias tareas al mismo tiempo sin problemas.<\/li>\n<li>Este smartphone viene con el <strong>sistema operativo Android 13.0<\/strong> y cuenta con <strong>8 GB de RAM<\/strong> para asegurar un buen rendimiento en todo momento. Adem\u00e1s, tiene un <strong>peso de 410 gramos<\/strong> y unas <strong>dimensiones de 19.5 x 9.6 x 5.4 cm<\/strong>, lo que lo hace f\u00e1cil de llevar contigo a cualquier lugar.<\/li>\n<li>El Samsung Galaxy A54 5G utiliza <strong>tecnolog\u00eda de comunicaci\u00f3n inal\u00e1mbrica celular<\/strong> y cuenta con <strong>caracter\u00edsticas especiales de c\u00e1mara<\/strong>. Tambi\u00e9n tiene <strong>otras funciones de visualizaci\u00f3n inal\u00e1mbricas<\/strong> y una <strong>c\u00e1mara trasera<\/strong>. Su <strong>tama\u00f1o es deslizador<\/strong> y est\u00e1 disponible en <strong>color Plata, Verde y Lila Claro<\/strong>.<\/li>\n<li>La <strong>potencia nominal de la bater\u00eda es de 15 Modificador desconocido<\/strong> y en la caja viene incluido un <strong>eyector de bandeja SIM, una funda del tel\u00e9fono y un cable USB<\/strong> para cargarlo. En resumen, este smartphone ofrece una gran cantidad de caracter\u00edsticas de alta calidad que lo hacen una excelente opci\u00f3n para aquellos que buscan un dispositivo potente y confiable.<\/li>\n<\/ul>\n<\/div>\n","protected":false},"excerpt":{"rendered":"<p>El Samsung Galaxy A54 5G es un smartphone con una pantalla Infinity-O FHD+ de 6,4 pulgadas, lo que te permitir\u00e1<\/p>\n","protected":false},"featured_media":186039,"comment_status":"open","ping_status":"closed","template":"","meta":{"_joinchat":[]},"product_cat":[795,6480,6476,7133],"product_tag":[],"class_list":{"0":"post-186030","1":"product","2":"type-product","3":"status-publish","4":"has-post-thumbnail","6":"product_cat-electronica","7":"product_cat-android-smartphones-telefonos","8":"product_cat-telefonos","9":"product_cat-ofertas-smartphones","10":"pa_marca-samsung","12":"first","13":"instock","14":"taxable","15":"shipping-taxable","16":"purchasable","17":"product-type-simple"},"_links":{"self":[{"href":"https:\/\/desdropi.com\/elparque\/wp-json\/wp\/v2\/product\/186030"}],"collection":[{"href":"https:\/\/desdropi.com\/elparque\/wp-json\/wp\/v2\/product"}],"about":[{"href":"https:\/\/desdropi.com\/elparque\/wp-json\/wp\/v2\/types\/product"}],"replies":[{"embeddable":true,"href":"https:\/\/desdropi.com\/elparque\/wp-json\/wp\/v2\/comments?post=186030"}],"version-history":[{"count":0,"href":"https:\/\/desdropi.com\/elparque\/wp-json\/wp\/v2\/product\/186030\/revisions"}],"wp:featuredmedia":[{"embeddable":true,"href":"https:\/\/desdropi.com\/elparque\/wp-json\/wp\/v2\/media\/186039"}],"wp:attachment":[{"href":"https:\/\/desdropi.com\/elparque\/wp-json\/wp\/v2\/media?parent=186030"}],"wp:term":[{"taxonomy":"product_cat","embeddable":true,"href":"https:\/\/desdropi.com\/elparque\/wp-json\/wp\/v2\/product_cat?post=186030"},{"taxonomy":"product_tag","embeddable":true,"href":"https:\/\/desdropi.com\/elparque\/wp-json\/wp\/v2\/product_tag?post=186030"}],"curies":[{"name":"wp","href":"https:\/\/api.w.org\/{rel}","templated":true}]}}