{"id":186070,"date":"2023-04-14T09:49:40","date_gmt":"2023-04-14T08:49:40","guid":{"rendered":"https:\/\/desdropi.com\/elparque\/?post_type=product&#038;p=186070"},"modified":"2024-05-17T13:00:50","modified_gmt":"2024-05-17T11:00:50","slug":"smartphone-samsung-a54-5g-8-256-64-light-violet","status":"publish","type":"product","link":"https:\/\/desdropi.com\/elparque\/smartphone-samsung-a54-5g-8-256-64-light-violet\/","title":{"rendered":"Smartphone Samsung A54 5G 8\/256 6,4&#8243; Light Violet"},"content":{"rendered":"<div class=\"descripcion-tab\">\n<p><strong>Caracteristicas t\u00e9cnicas<\/strong><\/p>\n<ul>\n<li>Tipo de dispositivo: M\u00f3vil<\/li>\n<li>Informaci\u00f3n adicional para el sistema operativo: Android<\/li>\n<li>Procesador: Exynos 1380<\/li>\n<li>Capacidad memoria: 256 GB<\/li>\n<li>Admite SD: S\u00ed<\/li>\n<li>Tama\u00f1o memoria RAM: 8 GB<\/li>\n<li>Capacidad m\u00e1xima SD: 1 TB<\/li>\n<li>Tipo de SIM: Micro SIM<\/li>\n<\/ul>\n<p><strong>Pantalla<\/strong><\/p>\n<ul>\n<li>Tama\u00f1o pantalla (cm): 16.25 cm<\/li>\n<li>Tama\u00f1o pantalla (pulgadas): 6.4 &#8220;<\/li>\n<li>Tama\u00f1o Pantalla (cm\/pulg.): 16.25 cm \/ 6.4 &#8220;<\/li>\n<li>Resoluci\u00f3n: 2340 x 1080 pixels<\/li>\n<li>Monitor: Full HD+<\/li>\n<li>Resoluci\u00f3n Horizontal: 1080 pixels<\/li>\n<li>Resoluci\u00f3n Vertical: 2340 pixels<\/li>\n<li>Pantalla t\u00e1ctil: S\u00ed<\/li>\n<\/ul>\n<p><strong>C\u00e1mara<\/strong><\/p>\n<ul>\n<li>C\u00e1mara trasera: Triple Cam<\/li>\n<li>Resoluci\u00f3n c\u00e1mara trasera: 50 megapixel<\/li>\n<li>Caracter\u00edsticas c\u00e1mara trasera: 50 MP Principal (F1.8); 12 MP Gran Angular (F2.2); 5 MP Macro (F2.4)<\/li>\n<li>C\u00e1mara frontal: Single Cam<\/li>\n<li>Resoluci\u00f3n c\u00e1mara frontal: 32 megapixel<\/li>\n<li>Caracter\u00edsticas c\u00e1mara frontal: 32 MP Frontal (F2.2)<\/li>\n<li>Reconocimiento facial: S\u00ed<\/li>\n<\/ul>\n<p><strong>Funciones<\/strong><\/p>\n<ul>\n<li>Lector de huellas: S\u00ed<\/li>\n<li>Doble SIM: S\u00ed<\/li>\n<\/ul>\n<p><strong>Datos + conexiones<\/strong><\/p>\n<ul>\n<li>NFC: S\u00ed<\/li>\n<li>Generaci\u00f3n de m\u00f3vil: 5G<\/li>\n<li>Bluetooth: S\u00ed<\/li>\n<li>Versi\u00f3n Bluetooth: 5.3<\/li>\n<li>Conexiones: USB<\/li>\n<li>Wi-Fi: S\u00ed<\/li>\n<\/ul>\n<p><strong>Cubierta<\/strong><\/p>\n<ul>\n<li>Color (por fabricante): Light Purple<\/li>\n<li>Anchura: 7.6 cm<\/li>\n<li>Altura: 15.8 cm<\/li>\n<li>Profundidad: 0.8 cm<\/li>\n<li>Peso: 0.2 kg<\/li>\n<\/ul>\n<p><strong>Fuente de alimentaci\u00f3n<\/strong><\/p>\n<ul>\n<li>Capacidad bater\u00eda: 5000 mAh<\/li>\n<\/ul>\n<p><strong>Caracter\u00edsticas generales<\/strong><\/p>\n<ul>\n<li>Dimensiones \/ Peso: 7.6 cm x 15.8 cm x 0.8 cm \/ &#8211;<\/li>\n<li>Contenido: 1 x Samsung Galaxy A54 5G, 1 x Cable (USB-C a USB-C)<\/li>\n<li>Serie: Gama media<\/li>\n<li>Manufacturer Part Number (MPN): SM-A546BLVDEUB<\/li>\n<\/ul>\n<\/div>\n","protected":false},"excerpt":{"rendered":"<p>Caracteristicas t\u00e9cnicas Tipo de dispositivo: M\u00f3vil Informaci\u00f3n adicional para el sistema operativo: Android Procesador: Exynos 1380 Capacidad memoria: 256 GB<\/p>\n","protected":false},"featured_media":186072,"comment_status":"open","ping_status":"closed","template":"","meta":{"_joinchat":[]},"product_cat":[6476,6480,7133,795],"product_tag":[],"class_list":{"0":"post-186070","1":"product","2":"type-product","3":"status-publish","4":"has-post-thumbnail","6":"product_cat-telefonos","7":"product_cat-android-smartphones-telefonos","8":"product_cat-ofertas-smartphones","9":"product_cat-electronica","10":"pa_marca-samsung","12":"first","13":"instock","14":"sale","15":"taxable","16":"shipping-taxable","17":"purchasable","18":"product-type-simple"},"_links":{"self":[{"href":"https:\/\/desdropi.com\/elparque\/wp-json\/wp\/v2\/product\/186070"}],"collection":[{"href":"https:\/\/desdropi.com\/elparque\/wp-json\/wp\/v2\/product"}],"about":[{"href":"https:\/\/desdropi.com\/elparque\/wp-json\/wp\/v2\/types\/product"}],"replies":[{"embeddable":true,"href":"https:\/\/desdropi.com\/elparque\/wp-json\/wp\/v2\/comments?post=186070"}],"version-history":[{"count":0,"href":"https:\/\/desdropi.com\/elparque\/wp-json\/wp\/v2\/product\/186070\/revisions"}],"wp:featuredmedia":[{"embeddable":true,"href":"https:\/\/desdropi.com\/elparque\/wp-json\/wp\/v2\/media\/186072"}],"wp:attachment":[{"href":"https:\/\/desdropi.com\/elparque\/wp-json\/wp\/v2\/media?parent=186070"}],"wp:term":[{"taxonomy":"product_cat","embeddable":true,"href":"https:\/\/desdropi.com\/elparque\/wp-json\/wp\/v2\/product_cat?post=186070"},{"taxonomy":"product_tag","embeddable":true,"href":"https:\/\/desdropi.com\/elparque\/wp-json\/wp\/v2\/product_tag?post=186070"}],"curies":[{"name":"wp","href":"https:\/\/api.w.org\/{rel}","templated":true}]}}