{"id":186094,"date":"2023-04-14T10:03:22","date_gmt":"2023-04-14T09:03:22","guid":{"rendered":"https:\/\/desdropi.com\/elparque\/?post_type=product&#038;p=186094"},"modified":"2024-05-17T13:00:50","modified_gmt":"2024-05-17T11:00:50","slug":"auriculares-sony-wfc500d-true-wireless-naranja","status":"publish","type":"product","link":"https:\/\/desdropi.com\/elparque\/auriculares-sony-wfc500d-true-wireless-naranja\/","title":{"rendered":"Auriculares Sony Wfc500D True Wireless Naranja"},"content":{"rendered":"<div class=\"descripcion-tab\">\n<p><strong>Puertos e Interfaces<\/strong><\/p>\n<ul>\n<li>Tecnolog\u00eda de conectividad: True Wireless Stereo (TWS)<\/li>\n<li>Bluetooth: S\u00ed<\/li>\n<li>Perfiles de Bluetooth: A2DP<\/li>\n<li>Versi\u00f3n de Bluetooth: 5.0<\/li>\n<li>Frecuencia de banda: 2.4<\/li>\n<li>Alcance inal\u00e1mbrico: 10<\/li>\n<\/ul>\n<p><strong>Peso y dimensiones<\/strong><\/p>\n<ul>\n<li>Peso de auricular izquierdo: 5,4<\/li>\n<li>Peso de auricular derecho: 5,4<\/li>\n<li>Dimensiones de funda de carga (Ancho x Largo x Alto): 80 x 34,9 x 30,9<\/li>\n<li>Estuche de carga: 35<\/li>\n<\/ul>\n<p><strong>Empaquetado<\/strong><\/p>\n<ul>\n<li>Ancho del paquete: 99<\/li>\n<li>Profundidad del paquete: 55<\/li>\n<li>Altura del paquete: 974<\/li>\n<li>Tipo de embalaje: Caja<\/li>\n<\/ul>\n<p><strong>Micr\u00f3fono<\/strong><\/p>\n<ul>\n<li>Tipo de micr\u00f3fono: Integrado<\/li>\n<\/ul>\n<p><strong>Auriculares<\/strong><\/p>\n<ul>\n<li>Audifonos: Intraaural<\/li>\n<li>Sistema ac\u00fastico: Cerrado<\/li>\n<li>Frecuencia de auricular: 20 &#8211; 20000<\/li>\n<li>Tipo de im\u00e1n: Neodimio<\/li>\n<li>Unidad de disco: 5,8<\/li>\n<li>Tipo de controlador: Din\u00e1mico<\/li>\n<\/ul>\n<p><strong>Contenido del embalaje<\/strong><\/p>\n<ul>\n<li>Tipo de estuche de carga: Al\u00e1mbrico<\/li>\n<li>Tipo de conector del estuche de carga: USB Tipo C<\/li>\n<li>Gu\u00eda de configuraci\u00f3n r\u00e1pida: S\u00ed<\/li>\n<li>Tarjeta de garant\u00eda: S\u00ed<\/li>\n<li>Auriculares adicionales: S\u00ed<\/li>\n<\/ul>\n<p><strong>Otras caracter\u00edsticas<\/strong><\/p>\n<ul>\n<li>Contenido del paquete: Charging Case; USB Cable; Hybrid silicone rubber earbuds; Warranty Card; Operating Instructions; Reference Guide(New);<\/li>\n<\/ul>\n<p><strong>Bater\u00eda<\/strong><\/p>\n<ul>\n<li>Bater\u00eda: S\u00ed<\/li>\n<li>Tipo de bater\u00eda: Bater\u00eda integrada<\/li>\n<li>Tecnolog\u00eda de bater\u00eda: I\u00f3n de litio<\/li>\n<li>Autonom\u00eda: 5<\/li>\n<li>Tiempo continuo de reproducci\u00f3n de audio: 10<\/li>\n<li>Tiempo de recarga de la bater\u00eda (estuche de carga): 3<\/li>\n<li>Indicador de carga de la bater\u00eda: S\u00ed<\/li>\n<li>Tiempo de recarga de la bater\u00eda: 2,5<\/li>\n<li>Carga r\u00e1pida: S\u00ed<\/li>\n<li>Tiempo de carga r\u00e1pida: 10<\/li>\n<\/ul>\n<p><strong>Desempe\u00f1o<\/strong><\/p>\n<ul>\n<li>Tipo de producto: Auriculares<\/li>\n<li>Estilo de uso: Dentro de o\u00eddo<\/li>\n<li>Uso recomendado: Llamadas\/M\u00fasica<\/li>\n<li>Tipo de auricular: Binaural<\/li>\n<li>Color del producto: Naranja<\/li>\n<li>Tipo de control: Tocar<\/li>\n<li>C\u00f3digo IP (International Protection): IPX4<\/li>\n<li>Conectar y usar (Plug and Play): S\u00ed<\/li>\n<li>Funciona con el Asistente de Google: S\u00ed<\/li>\n<li>Funciona con Apple Siri: S\u00ed<\/li>\n<li>Pa\u00eds de origen: Vietnam<\/li>\n<\/ul>\n<\/div>\n","protected":false},"excerpt":{"rendered":"<p>Puertos e Interfaces Tecnolog\u00eda de conectividad: True Wireless Stereo (TWS) Bluetooth: S\u00ed Perfiles de Bluetooth: A2DP Versi\u00f3n de Bluetooth: 5.0<\/p>\n","protected":false},"featured_media":186097,"comment_status":"open","ping_status":"closed","template":"","meta":{"_joinchat":[]},"product_cat":[1022,3383],"product_tag":[],"class_list":{"0":"post-186094","1":"product","2":"type-product","3":"status-publish","4":"has-post-thumbnail","6":"product_cat-sonido","7":"product_cat-auriculares","8":"pa_marca-sony","10":"first","11":"instock","12":"taxable","13":"shipping-taxable","14":"purchasable","15":"product-type-simple"},"_links":{"self":[{"href":"https:\/\/desdropi.com\/elparque\/wp-json\/wp\/v2\/product\/186094"}],"collection":[{"href":"https:\/\/desdropi.com\/elparque\/wp-json\/wp\/v2\/product"}],"about":[{"href":"https:\/\/desdropi.com\/elparque\/wp-json\/wp\/v2\/types\/product"}],"replies":[{"embeddable":true,"href":"https:\/\/desdropi.com\/elparque\/wp-json\/wp\/v2\/comments?post=186094"}],"version-history":[{"count":0,"href":"https:\/\/desdropi.com\/elparque\/wp-json\/wp\/v2\/product\/186094\/revisions"}],"wp:featuredmedia":[{"embeddable":true,"href":"https:\/\/desdropi.com\/elparque\/wp-json\/wp\/v2\/media\/186097"}],"wp:attachment":[{"href":"https:\/\/desdropi.com\/elparque\/wp-json\/wp\/v2\/media?parent=186094"}],"wp:term":[{"taxonomy":"product_cat","embeddable":true,"href":"https:\/\/desdropi.com\/elparque\/wp-json\/wp\/v2\/product_cat?post=186094"},{"taxonomy":"product_tag","embeddable":true,"href":"https:\/\/desdropi.com\/elparque\/wp-json\/wp\/v2\/product_tag?post=186094"}],"curies":[{"name":"wp","href":"https:\/\/api.w.org\/{rel}","templated":true}]}}