{"id":186157,"date":"2023-04-14T16:08:10","date_gmt":"2023-04-14T15:08:10","guid":{"rendered":"https:\/\/desdropi.com\/elparque\/?post_type=product&#038;p=186157"},"modified":"2024-05-17T13:00:50","modified_gmt":"2024-05-17T11:00:50","slug":"altavoz-inteligente-apple-homepod-mini-white","status":"publish","type":"product","link":"https:\/\/desdropi.com\/elparque\/altavoz-inteligente-apple-homepod-mini-white\/","title":{"rendered":"Altavoz Inteligente Apple Homepod Mini White"},"content":{"rendered":"<div class=\"descripcion-tab\">\n<p><strong>Audio<\/strong><\/p>\n<ul>\n<li>Micr\u00f3fono incorporado: S\u00ed<\/li>\n<li>N\u00famero de micr\u00f3fonos: 4<\/li>\n<li>Control de volumen: Tocar<\/li>\n<li>Altavoces incorporados: S\u00ed<\/li>\n<li>Tipo de altavoces: Rango completo<\/li>\n<\/ul>\n<p><strong>Puertos e Interfaces<\/strong><\/p>\n<ul>\n<li>Tecnolog\u00eda de conectividad: Inal\u00e1mbrico<\/li>\n<li>Wifi: S\u00ed<\/li>\n<li>Bluetooth: S\u00ed<\/li>\n<li>Wi-Fi est\u00e1ndares: Wi-Fi 4 (802.11n)<\/li>\n<li>Versi\u00f3n de Bluetooth: 5.0<\/li>\n<\/ul>\n<p><strong>Peso y dimensiones<\/strong><\/p>\n<ul>\n<li>Ancho: 97,9<\/li>\n<li>Profundidad: 97,9<\/li>\n<li>Altura: 84,3<\/li>\n<li>Peso: 345<\/li>\n<\/ul>\n<p><strong>Caracter\u00edsticas<\/strong><\/p>\n<ul>\n<li>Control por voz: S\u00ed<\/li>\n<li>Asistente virtual: Apple Siri<\/li>\n<li>Forma: Alrededor<\/li>\n<li>Color del producto: Blanco<\/li>\n<\/ul>\n<\/div>\n","protected":false},"excerpt":{"rendered":"<p>Audio Micr\u00f3fono incorporado: S\u00ed N\u00famero de micr\u00f3fonos: 4 Control de volumen: Tocar Altavoces incorporados: S\u00ed Tipo de altavoces: Rango completo<\/p>\n","protected":false},"featured_media":186163,"comment_status":"open","ping_status":"closed","template":"","meta":{"_joinchat":[]},"product_cat":[6885,7106,795,1022],"product_tag":[],"class_list":{"0":"post-186157","1":"product","2":"type-product","3":"status-publish","4":"has-post-thumbnail","6":"product_cat-altavoces","7":"product_cat-smarthome","8":"product_cat-electronica","9":"product_cat-sonido","10":"pa_marca-apple","12":"first","13":"instock","14":"taxable","15":"shipping-taxable","16":"purchasable","17":"product-type-simple"},"_links":{"self":[{"href":"https:\/\/desdropi.com\/elparque\/wp-json\/wp\/v2\/product\/186157"}],"collection":[{"href":"https:\/\/desdropi.com\/elparque\/wp-json\/wp\/v2\/product"}],"about":[{"href":"https:\/\/desdropi.com\/elparque\/wp-json\/wp\/v2\/types\/product"}],"replies":[{"embeddable":true,"href":"https:\/\/desdropi.com\/elparque\/wp-json\/wp\/v2\/comments?post=186157"}],"version-history":[{"count":0,"href":"https:\/\/desdropi.com\/elparque\/wp-json\/wp\/v2\/product\/186157\/revisions"}],"wp:featuredmedia":[{"embeddable":true,"href":"https:\/\/desdropi.com\/elparque\/wp-json\/wp\/v2\/media\/186163"}],"wp:attachment":[{"href":"https:\/\/desdropi.com\/elparque\/wp-json\/wp\/v2\/media?parent=186157"}],"wp:term":[{"taxonomy":"product_cat","embeddable":true,"href":"https:\/\/desdropi.com\/elparque\/wp-json\/wp\/v2\/product_cat?post=186157"},{"taxonomy":"product_tag","embeddable":true,"href":"https:\/\/desdropi.com\/elparque\/wp-json\/wp\/v2\/product_tag?post=186157"}],"curies":[{"name":"wp","href":"https:\/\/api.w.org\/{rel}","templated":true}]}}