{"id":187200,"date":"2023-04-18T12:24:53","date_gmt":"2023-04-18T11:24:53","guid":{"rendered":"https:\/\/desdropi.com\/elparque\/?post_type=product&#038;p=187200"},"modified":"2024-05-17T13:00:51","modified_gmt":"2024-05-17T11:00:51","slug":"depiladora-braun-pl5054-ipl","status":"publish","type":"product","link":"https:\/\/desdropi.com\/elparque\/depiladora-braun-pl5054-ipl\/","title":{"rendered":"Depiladora Braun Pl5054 Ipl"},"content":{"rendered":"<div class=\"descripcion-tab\">\n<p><strong>Peso y dimensiones<\/strong><\/p>\n<ul>\n<li>Peso: 1,25<\/li>\n<\/ul>\n<p><strong>Control de energ\u00eda<\/strong><\/p>\n<ul>\n<li>Tiempo de carga: 2<\/li>\n<li>Voltaje variable: S\u00ed<\/li>\n<li>Fuente de energ\u00eda: Corriente alterna<\/li>\n<li>Tecnolog\u00eda de bater\u00eda: I\u00f3n de litio<\/li>\n<li>Voltaje de entrada AC: 100 &#8211; 240<\/li>\n<li>Frecuencia de entrada AC: 50\/60<\/li>\n<\/ul>\n<p><strong>Detalles t\u00e9cnicos<\/strong><\/p>\n<ul>\n<li>Tecnolog\u00eda de eliminaci\u00f3n del vello: Luz pulsada intensa (IPL)<\/li>\n<\/ul>\n<p><strong>Empaquetado<\/strong><\/p>\n<ul>\n<li>Tipo de embalaje: Caja<\/li>\n<li>Ancho del paquete: 97,5<\/li>\n<li>Profundidad del paquete: 276<\/li>\n<li>Altura del paquete: 194,2<\/li>\n<li>Peso del paquete: 1,55<\/li>\n<\/ul>\n<p><strong>Contenido del embalaje<\/strong><\/p>\n<ul>\n<li>Manual de usuario: S\u00ed<\/li>\n<li>Gu\u00eda de configuraci\u00f3n r\u00e1pida: S\u00ed<\/li>\n<li>Funda para almacenamiento: S\u00ed<\/li>\n<\/ul>\n<p><strong>Caracter\u00edsticas<\/strong><\/p>\n<ul>\n<li>Color del producto: Oro, Blanco<\/li>\n<li>Adherible al cuerpo: S\u00ed<\/li>\n<li>Accesorio de precisi\u00f3n para rostro: No<\/li>\n<li>N\u00famero de modos: 2<\/li>\n<li>Pa\u00eds de origen: Reino Unido<\/li>\n<li>Number of flashes: 125<\/li>\n<\/ul>\n<\/div>\n","protected":false},"excerpt":{"rendered":"<p>Peso y dimensiones Peso: 1,25 Control de energ\u00eda Tiempo de carga: 2 Voltaje variable: S\u00ed Fuente de energ\u00eda: Corriente alterna<\/p>\n","protected":false},"featured_media":187205,"comment_status":"open","ping_status":"closed","template":"","meta":{"_joinchat":[]},"product_cat":[6878,6510,825,6097],"product_tag":[],"class_list":{"0":"post-187200","1":"product","2":"type-product","3":"status-publish","4":"has-post-thumbnail","6":"product_cat-depiladoras","7":"product_cat-vello-y-pelo","8":"product_cat-pequeno-electrodomestico","9":"product_cat-cuidado-personal","10":"pa_marca-braun","12":"first","13":"instock","14":"sale","15":"taxable","16":"shipping-taxable","17":"purchasable","18":"product-type-simple"},"_links":{"self":[{"href":"https:\/\/desdropi.com\/elparque\/wp-json\/wp\/v2\/product\/187200"}],"collection":[{"href":"https:\/\/desdropi.com\/elparque\/wp-json\/wp\/v2\/product"}],"about":[{"href":"https:\/\/desdropi.com\/elparque\/wp-json\/wp\/v2\/types\/product"}],"replies":[{"embeddable":true,"href":"https:\/\/desdropi.com\/elparque\/wp-json\/wp\/v2\/comments?post=187200"}],"version-history":[{"count":0,"href":"https:\/\/desdropi.com\/elparque\/wp-json\/wp\/v2\/product\/187200\/revisions"}],"wp:featuredmedia":[{"embeddable":true,"href":"https:\/\/desdropi.com\/elparque\/wp-json\/wp\/v2\/media\/187205"}],"wp:attachment":[{"href":"https:\/\/desdropi.com\/elparque\/wp-json\/wp\/v2\/media?parent=187200"}],"wp:term":[{"taxonomy":"product_cat","embeddable":true,"href":"https:\/\/desdropi.com\/elparque\/wp-json\/wp\/v2\/product_cat?post=187200"},{"taxonomy":"product_tag","embeddable":true,"href":"https:\/\/desdropi.com\/elparque\/wp-json\/wp\/v2\/product_tag?post=187200"}],"curies":[{"name":"wp","href":"https:\/\/api.w.org\/{rel}","templated":true}]}}