{"id":187210,"date":"2023-04-18T16:18:39","date_gmt":"2023-04-18T15:18:39","guid":{"rendered":"https:\/\/desdropi.com\/elparque\/?post_type=product&#038;p=187210"},"modified":"2024-05-17T13:00:52","modified_gmt":"2024-05-17T11:00:52","slug":"freidora-flama-620fl-mini-inox-1l-1000w","status":"publish","type":"product","link":"https:\/\/desdropi.com\/elparque\/freidora-flama-620fl-mini-inox-1l-1000w\/","title":{"rendered":"Freidora Flama 620Fl Mini Inox 1L 1000W"},"content":{"rendered":"<div class=\"descripcion-tab\">\n<h4><strong>Caracter\u00edsticas<\/strong><\/h4>\n<ul>\n<li>La Freidora Flama 620FL Mini Inox es un peque\u00f1o electrodom\u00e9stico dise\u00f1ado para cocinar alimentos de manera r\u00e1pida y sencilla. Con una capacidad de <strong>1 litro<\/strong>, es ideal para cocinar porciones peque\u00f1as de alimentos como patatas fritas, aros de cebolla, alitas de pollo y otros snacks.<\/li>\n<li>Con una <strong>potencia de 1000W<\/strong>, la Freidora Flama 620FL Mini Inox calienta r\u00e1pidamente el aceite, lo que permite que los alimentos se cocinen de manera uniforme y crujiente en poco tiempo. El control de temperatura ajustable permite personalizar el nivel de calor para adaptarse a diferentes tipos de alimentos.<\/li>\n<li>La Freidora Flama 620FL Mini Inox est\u00e1 fabricada en <strong>acero inoxidable de alta calidad<\/strong>, lo que garantiza su <strong>durabilidad y resistencia al uso diario<\/strong>. Adem\u00e1s, su dise\u00f1o compacto y elegante hace que sea f\u00e1cil de almacenar y transportar.<\/li>\n<\/ul>\n<h4><strong>Peso y dimensiones<\/strong><\/h4>\n<ul>\n<li>Profundidad \u2192 186<\/li>\n<li>Ancho \u2192 320<\/li>\n<li>Altura \u2192 228<\/li>\n<\/ul>\n<h4><strong>Control de energ\u00eda<\/strong><\/h4>\n<ul>\n<li>Voltaje de entrada AC \u2192 230<\/li>\n<li>Potencia \u2192 1000<\/li>\n<\/ul>\n<h4><strong>Indicaci\u00f3n<\/strong><\/h4>\n<ul>\n<li>Pantalla incorporada \u2192 No<\/li>\n<\/ul>\n<h4><strong>Dise\u00f1o<\/strong><\/h4>\n<ul>\n<li>Tipo de construcci\u00f3n \u2192 Sencillo<\/li>\n<li>Color del producto \u2192 Negro, Acero inoxidable<\/li>\n<li>Appliance placement \u2192 Independiente<\/li>\n<li>Agarradera(s) \u2192 S\u00ed<\/li>\n<li>N\u00famero de cestas freidoras \u2192 1<\/li>\n<li>Material de tapa \u2192 Vidrio<\/li>\n<\/ul>\n<h4><strong>Desempe\u00f1o<\/strong><\/h4>\n<ul>\n<li>Capacidad (Litros) \u2192 1<\/li>\n<li>Tipo de producto \u2192 Freidora<\/li>\n<li>Funci\u00f3n de fre\u00edr \u2192 S\u00ed<\/li>\n<li>Temperatura ajustable \u2192 S\u00ed<\/li>\n<\/ul>\n<\/div>\n","protected":false},"excerpt":{"rendered":"<p>Caracter\u00edsticas La Freidora Flama 620FL Mini Inox es un peque\u00f1o electrodom\u00e9stico dise\u00f1ado para cocinar alimentos de manera r\u00e1pida y sencilla.<\/p>\n","protected":false},"featured_media":187221,"comment_status":"open","ping_status":"closed","template":"","meta":{"_joinchat":[]},"product_cat":[6416,825,831,844],"product_tag":[],"class_list":{"0":"post-187210","1":"product","2":"type-product","3":"status-publish","4":"has-post-thumbnail","6":"product_cat-freidoras-con-aceite","7":"product_cat-pequeno-electrodomestico","8":"product_cat-accesorios-de-cocina","9":"product_cat-freidoras","10":"pa_marca-flama","12":"first","13":"instock","14":"taxable","15":"shipping-taxable","16":"purchasable","17":"product-type-simple"},"_links":{"self":[{"href":"https:\/\/desdropi.com\/elparque\/wp-json\/wp\/v2\/product\/187210"}],"collection":[{"href":"https:\/\/desdropi.com\/elparque\/wp-json\/wp\/v2\/product"}],"about":[{"href":"https:\/\/desdropi.com\/elparque\/wp-json\/wp\/v2\/types\/product"}],"replies":[{"embeddable":true,"href":"https:\/\/desdropi.com\/elparque\/wp-json\/wp\/v2\/comments?post=187210"}],"version-history":[{"count":0,"href":"https:\/\/desdropi.com\/elparque\/wp-json\/wp\/v2\/product\/187210\/revisions"}],"wp:featuredmedia":[{"embeddable":true,"href":"https:\/\/desdropi.com\/elparque\/wp-json\/wp\/v2\/media\/187221"}],"wp:attachment":[{"href":"https:\/\/desdropi.com\/elparque\/wp-json\/wp\/v2\/media?parent=187210"}],"wp:term":[{"taxonomy":"product_cat","embeddable":true,"href":"https:\/\/desdropi.com\/elparque\/wp-json\/wp\/v2\/product_cat?post=187210"},{"taxonomy":"product_tag","embeddable":true,"href":"https:\/\/desdropi.com\/elparque\/wp-json\/wp\/v2\/product_tag?post=187210"}],"curies":[{"name":"wp","href":"https:\/\/api.w.org\/{rel}","templated":true}]}}