{"id":187511,"date":"2023-04-19T09:40:57","date_gmt":"2023-04-19T08:40:57","guid":{"rendered":"https:\/\/desdropi.com\/elparque\/?post_type=product&#038;p=187511"},"modified":"2024-05-17T13:00:52","modified_gmt":"2024-05-17T11:00:52","slug":"freidora-aire-comelec-fa5004-5l-negro-1500w-8p","status":"publish","type":"product","link":"https:\/\/desdropi.com\/elparque\/freidora-aire-comelec-fa5004-5l-negro-1500w-8p\/","title":{"rendered":"Freidora Aire Comelec Fa5004 5L Negro 1500W 8P"},"content":{"rendered":"<div class=\"descripcion-tab\">\n<ul>\n<li>La freidora de aire Comelec FA5004 es un electrodom\u00e9stico de cocina que utiliza tecnolog\u00eda de aire caliente para cocinar alimentos con menos grasa y calor\u00edas que la freidora tradicional. Esta freidora tiene una capacidad de <strong>5 litros<\/strong>, lo que la hace ideal para cocinar para familias peque\u00f1as o medianas.<\/li>\n<li>La freidora de aire Comelec FA5004 tiene una potencia de <strong>1500W<\/strong>, lo que significa que se calienta r\u00e1pidamente y puede cocinar los alimentos de manera eficiente. Adem\u00e1s, cuenta con<strong> 8 programas preestablecidos<\/strong> que permiten cocinar una amplia variedad de alimentos, desde papas fritas hasta pollo, pescado y vegetales.<\/li>\n<li>El dise\u00f1o de la freidora de aire Comelec FA5004 es <strong>elegante y moderno<\/strong>, con un acabado en negro que se adapta f\u00e1cilmente a cualquier estilo de cocina. Adem\u00e1s, es<strong> f\u00e1cil de limpiar y mantener<\/strong>, ya que cuenta con una bandeja antiadherente que se puede retirar y lavar en el lavavajillas.<\/li>\n<\/ul>\n<h4>Control de energ\u00eda<\/h4>\n<ul>\n<li>Potencia \u2192 1500 W<\/li>\n<\/ul>\n<h4>Indicaci\u00f3n<\/h4>\n<ul>\n<li>Luz de indicaci\u00f3n \u2192 S\u00ed<\/li>\n<li>Pantalla incorporada \u2192 S\u00ed<\/li>\n<li>Piloto de temperatura \u2192 S\u00ed<\/li>\n<\/ul>\n<h4>Dise\u00f1o<\/h4>\n<ul>\n<li>Color del producto \u2192 Negro, dorado<\/li>\n<li>Appliance placement \u2192 Independiente<\/li>\n<li>Base antideslizante \u2192 S\u00ed<\/li>\n<li>Agarradera(s) \u2192 S\u00ed<\/li>\n<li>Mango plegable \u2192 No<\/li>\n<li>Zona fr\u00eda \u2192 S\u00ed<\/li>\n<li>Tipo de control \u2192 Tocar<\/li>\n<\/ul>\n<h4>Desempe\u00f1o<\/h4>\n<ul>\n<li>Capacidad (Litros) \u2192 5<\/li>\n<li>Ajustes de termostato \u2192 S\u00ed<\/li>\n<li>Temperatura (m\u00e1x) \u2192 200 \u00baC<\/li>\n<li>Temperatura (min) \u2192 80 \u00baC<\/li>\n<li>Indicador de contenido m\u00e1ximo \u2192 S\u00ed<\/li>\n<li>Filtrado \u2192 No<\/li>\n<li>Temporizador digital \u2192 S\u00ed<\/li>\n<\/ul>\n<\/div>\n","protected":false},"excerpt":{"rendered":"<p>La freidora de aire Comelec FA5004 es un electrodom\u00e9stico de cocina que utiliza tecnolog\u00eda de aire caliente para cocinar alimentos<\/p>\n","protected":false},"featured_media":187512,"comment_status":"open","ping_status":"closed","template":"","meta":{"_joinchat":[]},"product_cat":[6436,825,831,844],"product_tag":[],"class_list":{"0":"post-187511","1":"product","2":"type-product","3":"status-publish","4":"has-post-thumbnail","6":"product_cat-freidoras-de-aire-freidoras","7":"product_cat-pequeno-electrodomestico","8":"product_cat-accesorios-de-cocina","9":"product_cat-freidoras","10":"pa_marca-comelec","12":"first","13":"instock","14":"taxable","15":"shipping-taxable","16":"purchasable","17":"product-type-simple"},"_links":{"self":[{"href":"https:\/\/desdropi.com\/elparque\/wp-json\/wp\/v2\/product\/187511"}],"collection":[{"href":"https:\/\/desdropi.com\/elparque\/wp-json\/wp\/v2\/product"}],"about":[{"href":"https:\/\/desdropi.com\/elparque\/wp-json\/wp\/v2\/types\/product"}],"replies":[{"embeddable":true,"href":"https:\/\/desdropi.com\/elparque\/wp-json\/wp\/v2\/comments?post=187511"}],"version-history":[{"count":0,"href":"https:\/\/desdropi.com\/elparque\/wp-json\/wp\/v2\/product\/187511\/revisions"}],"wp:featuredmedia":[{"embeddable":true,"href":"https:\/\/desdropi.com\/elparque\/wp-json\/wp\/v2\/media\/187512"}],"wp:attachment":[{"href":"https:\/\/desdropi.com\/elparque\/wp-json\/wp\/v2\/media?parent=187511"}],"wp:term":[{"taxonomy":"product_cat","embeddable":true,"href":"https:\/\/desdropi.com\/elparque\/wp-json\/wp\/v2\/product_cat?post=187511"},{"taxonomy":"product_tag","embeddable":true,"href":"https:\/\/desdropi.com\/elparque\/wp-json\/wp\/v2\/product_tag?post=187511"}],"curies":[{"name":"wp","href":"https:\/\/api.w.org\/{rel}","templated":true}]}}