{"id":187544,"date":"2023-04-19T10:57:28","date_gmt":"2023-04-19T09:57:28","guid":{"rendered":"https:\/\/desdropi.com\/elparque\/?post_type=product&#038;p=187544"},"modified":"2023-04-19T10:57:29","modified_gmt":"2023-04-19T09:57:29","slug":"freidora-aire-tristar-fr6976pr-35l-1500w-negra-2","status":"publish","type":"product","link":"https:\/\/desdropi.com\/elparque\/freidora-aire-tristar-fr6976pr-35l-1500w-negra-2\/","title":{"rendered":"FREIDORA AIRE TRISTAR FR6976(PR) 3,5L 1500W NEGRA"},"content":{"rendered":"<div class=\"descripcion-tab\">\n<ul>\n<li>La Freidora Aire Tristar FR6976(PR) es un electrodom\u00e9stico de cocina <strong>compacto y elegante<\/strong> que utiliza tecnolog\u00eda de aire caliente para cocinar alimentos de una manera m\u00e1s saludable que la fritura tradicional. Con una capacidad de <strong>3,5 litros<\/strong>, es lo suficientemente grande para cocinar para una familia peque\u00f1a o para aquellos que disfrutan de cocinar para s\u00ed mismos.<\/li>\n<li>La Freidora Aire Tristar cuenta con una <strong>pantalla LED y un panel de control f\u00e1cil de usar<\/strong>, que le permite seleccionar la temperatura y el tiempo de cocci\u00f3n para diferentes tipos de alimentos. Adem\u00e1s, su dise\u00f1o negro mate le da un toque moderno y sofisticado a cualquier cocina.<\/li>\n<li>Otra de las caracter\u00edsticas destacables de esta freidora es su <strong>sistema de seguridad<\/strong>, que incluye un apagado autom\u00e1tico y un sistema de protecci\u00f3n contra sobrecalentamiento, lo que la hace segura y confiable de usar.<\/li>\n<\/ul>\n<h4>Control de energ\u00eda<\/h4>\n<ul>\n<li>Potencia \u2192 2000 W<\/li>\n<li>Protecci\u00f3n contra sobrecalentamiento \u2192 S\u00ed<\/li>\n<\/ul>\n<h4>Indicaci\u00f3n<\/h4>\n<ul>\n<li>Luz de indicaci\u00f3n \u2192 S\u00ed<\/li>\n<li>Pantalla incorporada \u2192 No<\/li>\n<li>Piloto de temperatura \u2192 S\u00ed<\/li>\n<\/ul>\n<h4>Dise\u00f1o<\/h4>\n<ul>\n<li>Color del producto \u2192 Negro<\/li>\n<li>Appliance placement \u2192 Independiente<\/li>\n<li>Materiales \u2192 Acero inoxidable<\/li>\n<li>Base antideslizante \u2192 S\u00ed<\/li>\n<li>Almacenamiento de cable \u2192 S\u00ed<\/li>\n<li>Agarradera(s) \u2192 S\u00ed<\/li>\n<li>Mango desmontable \u2192 S\u00ed<\/li>\n<li>N\u00famero de elementos de calefacci\u00f3n \u2192 1<\/li>\n<li>Mango plegable \u2192 S\u00ed<\/li>\n<li>Zona fr\u00eda \u2192 S\u00ed<\/li>\n<li>Revestimiento interior \u2192 Esmalte<\/li>\n<li>F\u00e1cil de desmontar \u2192 S\u00ed<\/li>\n<li>Tipo de construcci\u00f3n \u2192 Sencillo<\/li>\n<li>Tipo de control \u2192 Giratorio<\/li>\n<\/ul>\n<h4>Desempe\u00f1o<\/h4>\n<ul>\n<li>Capacidad (Litros) \u2192 3,5<\/li>\n<li>Tipo de producto \u2192 Freidora<\/li>\n<li>Ajustes de termostato \u2192 S\u00ed<\/li>\n<li>Temperatura (m\u00e1x) \u2192 190 \u00b0C<\/li>\n<li>Temperatura (min) \u2192 130 \u00b0C<\/li>\n<li>Indicador de contenido m\u00e1ximo \u2192 S\u00ed<\/li>\n<li>Filtrado \u2192 No<\/li>\n<li>Temporizador digital \u2192 No<\/li>\n<\/ul>\n<\/div>\n","protected":false},"excerpt":{"rendered":"<p>La Freidora Aire Tristar FR6976(PR) es un electrodom\u00e9stico de cocina compacto y elegante que utiliza tecnolog\u00eda de aire caliente para<\/p>\n","protected":false},"featured_media":187547,"comment_status":"open","ping_status":"closed","template":"","meta":{"_joinchat":[]},"product_cat":[6436,825,831,844],"product_tag":[],"class_list":{"0":"post-187544","1":"product","2":"type-product","3":"status-publish","4":"has-post-thumbnail","6":"product_cat-freidoras-de-aire-freidoras","7":"product_cat-pequeno-electrodomestico","8":"product_cat-accesorios-de-cocina","9":"product_cat-freidoras","10":"pa_marca-tristar","12":"first","13":"instock","14":"taxable","15":"shipping-taxable","16":"purchasable","17":"product-type-simple"},"_links":{"self":[{"href":"https:\/\/desdropi.com\/elparque\/wp-json\/wp\/v2\/product\/187544"}],"collection":[{"href":"https:\/\/desdropi.com\/elparque\/wp-json\/wp\/v2\/product"}],"about":[{"href":"https:\/\/desdropi.com\/elparque\/wp-json\/wp\/v2\/types\/product"}],"replies":[{"embeddable":true,"href":"https:\/\/desdropi.com\/elparque\/wp-json\/wp\/v2\/comments?post=187544"}],"version-history":[{"count":0,"href":"https:\/\/desdropi.com\/elparque\/wp-json\/wp\/v2\/product\/187544\/revisions"}],"wp:featuredmedia":[{"embeddable":true,"href":"https:\/\/desdropi.com\/elparque\/wp-json\/wp\/v2\/media\/187547"}],"wp:attachment":[{"href":"https:\/\/desdropi.com\/elparque\/wp-json\/wp\/v2\/media?parent=187544"}],"wp:term":[{"taxonomy":"product_cat","embeddable":true,"href":"https:\/\/desdropi.com\/elparque\/wp-json\/wp\/v2\/product_cat?post=187544"},{"taxonomy":"product_tag","embeddable":true,"href":"https:\/\/desdropi.com\/elparque\/wp-json\/wp\/v2\/product_tag?post=187544"}],"curies":[{"name":"wp","href":"https:\/\/api.w.org\/{rel}","templated":true}]}}