{"id":187549,"date":"2023-04-19T11:09:51","date_gmt":"2023-04-19T10:09:51","guid":{"rendered":"https:\/\/desdropi.com\/elparque\/?post_type=product&#038;p=187549"},"modified":"2025-04-14T00:52:03","modified_gmt":"2025-04-13T22:52:03","slug":"freidora-aire-tefal-ey201d-42l-1500w","status":"publish","type":"product","link":"https:\/\/desdropi.com\/elparque\/freidora-aire-tefal-ey201d-42l-1500w\/","title":{"rendered":"Freidora Aire Tefal Ey201D 4,2L 1500W"},"content":{"rendered":"<div class=\"descripcion-tab\">\n<ul>\n<li>La freidora de aire Tefal EY201D es un electrodom\u00e9stico dise\u00f1ado para cocinar de forma <strong>r\u00e1pida y saludable<\/strong>, sin la necesidad de utilizar aceite. Cuenta con una capacidad de<strong> 4,2 litros<\/strong> y una potencia de <strong>1500W<\/strong>, lo que la hace ideal para preparar platos para toda la familia.<\/li>\n<li>Con esta freidora de aire, es <strong>posible cocinar una gran variedad de alimentos<\/strong>, desde papas fritas hasta pollo asado, con un resultado crujiente y sabroso. Adem\u00e1s, su tecnolog\u00eda de circulaci\u00f3n de aire caliente garantiza una cocci\u00f3n uniforme en todo momento, eliminando la necesidad de voltear o agitar los alimentos durante el proceso de cocci\u00f3n.<\/li>\n<li>La freidora de aire Tefal EY201D cuenta con un <strong>panel de control digital<\/strong>, que permite ajustar la temperatura y el tiempo de cocci\u00f3n con precisi\u00f3n. Tambi\u00e9n cuenta con una funci\u00f3n de apagado autom\u00e1tico, que evita el sobrecalentamiento y garantiza la seguridad en todo momento.<\/li>\n<\/ul>\n<h4>Peso y dimensiones<\/h4>\n<ul>\n<li>Ancho \u2192 278<\/li>\n<li>Profundidad \u2192 338<\/li>\n<li>Altura \u2192 333<\/li>\n<li>Peso \u2192 4<\/li>\n<li>Ancho del paquete \u2192 326<\/li>\n<li>Profundidad del paquete \u2192 326<\/li>\n<li>Altura del paquete \u2192 391<\/li>\n<li>Peso del paquete \u2192 4,5<\/li>\n<\/ul>\n<h4>Control de energ\u00eda<\/h4>\n<ul>\n<li>Potencia \u2192 1500<\/li>\n<li>Apagado autom\u00e1tico \u2192 S\u00ed<\/li>\n<\/ul>\n<h4>Indicaci\u00f3n<\/h4>\n<ul>\n<li>Pantalla incorporada \u2192 No<\/li>\n<\/ul>\n<h4>Dise\u00f1o<\/h4>\n<ul>\n<li>Color del producto \u2192 Negro, Acero inoxidable<\/li>\n<li>Tipo de construcci\u00f3n \u2192 Sencillo<\/li>\n<li>Appliance placement \u2192 Independiente<\/li>\n<li>Materiales \u2192 Acero inoxidable<\/li>\n<li>Interruptor de encendido\/apagado integrado \u2192 S\u00ed<\/li>\n<li>Partes de platos a prueba de agua \u2192 S\u00ed<\/li>\n<li>Tipo de control \u2192 Giratorio<\/li>\n<li>Agarradera(s) \u2192 S\u00ed<\/li>\n<\/ul>\n<h4>Desempe\u00f1o<\/h4>\n<ul>\n<li>Tipo de producto \u2192 Freidora de aire caliente<\/li>\n<li>Capacidad (Litros) \u2192 4,2<\/li>\n<li>Capacidad de fritura \u2192 1,2<\/li>\n<li>Temperatura (min) \u2192 80<\/li>\n<li>Temperatura (m\u00e1x) \u2192 200<\/li>\n<li>La duraci\u00f3n del temporizador \u2192 60<\/li>\n<li>Temporizador digital \u2192 S\u00ed<\/li>\n<li>Funci\u00f3n de horneado \u2192 S\u00ed<\/li>\n<li>Asado a la parrilla \u2192 S\u00ed<\/li>\n<li>Funci\u00f3n asar \u2192 S\u00ed<\/li>\n<\/ul>\n<h4>Datos log\u00edsticos<\/h4>\n<ul>\n<li>Anchura del pal\u00e9 \u2192 80<\/li>\n<li>Longitud del pal\u00e9 \u2192 120<\/li>\n<li>Altura del pal\u00e9 \u2192 95,6<\/li>\n<li>Peso del pal\u00e9 \u2192 75<\/li>\n<li>Volumen de pal\u00e9 \u2192 573,492<\/li>\n<li>Cantidad por contenedor (20ft) \u2192 550<\/li>\n<li>Cantidad por contenedor (40ft) \u2192 1150<\/li>\n<li>Cantidad por contenedor intermodal (40ft, HC) \u2192 1400<\/li>\n<li>N\u00famero de capas por pal\u00e9 \u2192 2<\/li>\n<li>Cantidad por pal\u00e9 \u2192 12<\/li>\n<\/ul>\n<\/div>\n","protected":false},"excerpt":{"rendered":"<p>La freidora de aire Tefal EY201D es un electrodom\u00e9stico dise\u00f1ado para cocinar de forma r\u00e1pida y saludable, sin la necesidad<\/p>\n","protected":false},"featured_media":187552,"comment_status":"open","ping_status":"closed","template":"","meta":{"_joinchat":[]},"product_cat":[6436,825,831,844],"product_tag":[],"class_list":{"0":"post-187549","1":"product","2":"type-product","3":"status-publish","4":"has-post-thumbnail","6":"product_cat-freidoras-de-aire-freidoras","7":"product_cat-pequeno-electrodomestico","8":"product_cat-accesorios-de-cocina","9":"product_cat-freidoras","10":"pa_marca-tefal","12":"first","13":"instock","14":"taxable","15":"shipping-taxable","16":"purchasable","17":"product-type-simple"},"_links":{"self":[{"href":"https:\/\/desdropi.com\/elparque\/wp-json\/wp\/v2\/product\/187549"}],"collection":[{"href":"https:\/\/desdropi.com\/elparque\/wp-json\/wp\/v2\/product"}],"about":[{"href":"https:\/\/desdropi.com\/elparque\/wp-json\/wp\/v2\/types\/product"}],"replies":[{"embeddable":true,"href":"https:\/\/desdropi.com\/elparque\/wp-json\/wp\/v2\/comments?post=187549"}],"version-history":[{"count":1,"href":"https:\/\/desdropi.com\/elparque\/wp-json\/wp\/v2\/product\/187549\/revisions"}],"predecessor-version":[{"id":224804,"href":"https:\/\/desdropi.com\/elparque\/wp-json\/wp\/v2\/product\/187549\/revisions\/224804"}],"wp:featuredmedia":[{"embeddable":true,"href":"https:\/\/desdropi.com\/elparque\/wp-json\/wp\/v2\/media\/187552"}],"wp:attachment":[{"href":"https:\/\/desdropi.com\/elparque\/wp-json\/wp\/v2\/media?parent=187549"}],"wp:term":[{"taxonomy":"product_cat","embeddable":true,"href":"https:\/\/desdropi.com\/elparque\/wp-json\/wp\/v2\/product_cat?post=187549"},{"taxonomy":"product_tag","embeddable":true,"href":"https:\/\/desdropi.com\/elparque\/wp-json\/wp\/v2\/product_tag?post=187549"}],"curies":[{"name":"wp","href":"https:\/\/api.w.org\/{rel}","templated":true}]}}