{"id":188142,"date":"2023-04-21T08:10:55","date_gmt":"2023-04-21T07:10:55","guid":{"rendered":"https:\/\/desdropi.com\/elparque\/?post_type=product&#038;p=188142"},"modified":"2024-05-17T13:00:53","modified_gmt":"2024-05-17T11:00:53","slug":"grill-flama-4585fl-2000w-reversible-32x22cm","status":"publish","type":"product","link":"https:\/\/desdropi.com\/elparque\/grill-flama-4585fl-2000w-reversible-32x22cm\/","title":{"rendered":"Grill Flama 4585Fl 2000W Reversible 32X22Cm"},"content":{"rendered":"<div class=\"descripcion-tab\">\n<ul>\n<li>El Grill Flama 4585FL es un electrodom\u00e9stico de cocina de <strong>alta calidad<\/strong> dise\u00f1ado para cocinar alimentos de manera <strong>r\u00e1pida y eficiente<\/strong>. Con una potencia de <strong>2000W<\/strong>, este grill es capaz de calentar r\u00e1pidamente y cocinar tus comidas favoritas en muy poco tiempo.<\/li>\n<li>La superficie de cocci\u00f3n reversible de <strong>32x22cm<\/strong> te permite utilizar ambos lados para cocinar diferentes tipos de alimentos. Puedes cocinar carne, pescado, verduras y mucho m\u00e1s, sin importar la \u00e9poca del a\u00f1o o el clima, gracias a su uso tanto en interiores como exteriores.<\/li>\n<li>La placa de cocci\u00f3n est\u00e1 hecha de <strong>materiales duraderos y resistentes<\/strong>, lo que asegura una larga vida \u00fatil del producto. Adem\u00e1s, cuenta con un termostato ajustable que te permite controlar la temperatura para obtener los resultados deseados en tus comidas.<\/li>\n<\/ul>\n<h4>Control de energ\u00eda<\/h4>\n<ul>\n<li>Interruptor de encendido\/apagado integrado \u2192 S\u00ed<\/li>\n<\/ul>\n<h4>Detalles t\u00e9cnicos<\/h4>\n<ul>\n<li>Potencia \u2192 2000 W<\/li>\n<li>Tipo \u2192 Parrila<\/li>\n<li>Fuente de calor \u2192 El\u00e9ctrico<\/li>\n<li>Tapa \u2192 S\u00ed<\/li>\n<li>Ajustes de termostato \u2192 S\u00ed<\/li>\n<li>Funci\u00f3n de humo \u2192No<\/li>\n<li>Interruptor de encendido\/apagado integrado \u2192 S\u00ed<\/li>\n<li>Almacenamiento vertical \u2192 No<\/li>\n<\/ul>\n<h4>Dise\u00f1o<\/h4>\n<ul>\n<li>Factor de forma \u2192 Mesa<\/li>\n<li>Capacidad de empotrado \u2192 No<\/li>\n<li>Color del producto \u2192 Negro, Acero inoxidable<\/li>\n<li>Forma de la superficie de cocci\u00f3n \u2192 Rectangular<\/li>\n<\/ul>\n<\/div>\n","protected":false},"excerpt":{"rendered":"<p>El Grill Flama 4585FL es un electrodom\u00e9stico de cocina de alta calidad dise\u00f1ado para cocinar alimentos de manera r\u00e1pida y<\/p>\n","protected":false},"featured_media":188146,"comment_status":"open","ping_status":"closed","template":"","meta":{"_joinchat":[]},"product_cat":[825,831,899],"product_tag":[],"class_list":{"0":"post-188142","1":"product","2":"type-product","3":"status-publish","4":"has-post-thumbnail","6":"product_cat-pequeno-electrodomestico","7":"product_cat-accesorios-de-cocina","8":"product_cat-grills","9":"pa_marca-flama","10":"pa_potenica-2000w","12":"first","13":"instock","14":"taxable","15":"shipping-taxable","16":"purchasable","17":"product-type-simple"},"_links":{"self":[{"href":"https:\/\/desdropi.com\/elparque\/wp-json\/wp\/v2\/product\/188142"}],"collection":[{"href":"https:\/\/desdropi.com\/elparque\/wp-json\/wp\/v2\/product"}],"about":[{"href":"https:\/\/desdropi.com\/elparque\/wp-json\/wp\/v2\/types\/product"}],"replies":[{"embeddable":true,"href":"https:\/\/desdropi.com\/elparque\/wp-json\/wp\/v2\/comments?post=188142"}],"version-history":[{"count":0,"href":"https:\/\/desdropi.com\/elparque\/wp-json\/wp\/v2\/product\/188142\/revisions"}],"wp:featuredmedia":[{"embeddable":true,"href":"https:\/\/desdropi.com\/elparque\/wp-json\/wp\/v2\/media\/188146"}],"wp:attachment":[{"href":"https:\/\/desdropi.com\/elparque\/wp-json\/wp\/v2\/media?parent=188142"}],"wp:term":[{"taxonomy":"product_cat","embeddable":true,"href":"https:\/\/desdropi.com\/elparque\/wp-json\/wp\/v2\/product_cat?post=188142"},{"taxonomy":"product_tag","embeddable":true,"href":"https:\/\/desdropi.com\/elparque\/wp-json\/wp\/v2\/product_tag?post=188142"}],"curies":[{"name":"wp","href":"https:\/\/api.w.org\/{rel}","templated":true}]}}