{"id":188877,"date":"2023-04-24T09:13:45","date_gmt":"2023-04-24T08:13:45","guid":{"rendered":"https:\/\/desdropi.com\/elparque\/?post_type=product&#038;p=188877"},"modified":"2024-05-17T13:00:53","modified_gmt":"2024-05-17T11:00:53","slug":"tefal-fr5111","status":"publish","type":"product","link":"https:\/\/desdropi.com\/elparque\/tefal-fr5111\/","title":{"rendered":"Freidora Tefal Fr5111 3L Inox"},"content":{"rendered":"<div class=\"descripcion-tab\">\n<h4>FREIDORA TEFAL FR5111 3L INOX<\/h4>\n<p>La freidora Tefal FR5111 es un electrodom\u00e9stico dise\u00f1ado para cocinar alimentos fritos de manera r\u00e1pida y eficiente. Tiene una capacidad de 3 litros, lo que la hace ideal para cocinar grandes cantidades de comida en una sola sesi\u00f3n. El cuerpo de la freidora est\u00e1 hecho de acero inoxidable, lo que la hace duradera y f\u00e1cil de limpiar.<\/p>\n<p>Esta freidora cuenta con un termostato ajustable que permite seleccionar la temperatura de cocci\u00f3n deseada, y su sistema de filtrado de aceite permite reutilizar el aceite varias veces sin perder calidad. Tambi\u00e9n tiene una ventana de visualizaci\u00f3n en la tapa para controlar el proceso de cocci\u00f3n sin tener que abrir la freidora, lo que ayuda a evitar salpicaduras y reduce el riesgo de quemaduras.<\/p>\n<p>Adem\u00e1s, la Tefal FR5111 cuenta con una serie de caracter\u00edsticas de seguridad, como un sistema de apagado autom\u00e1tico y un indicador luminoso que alerta cuando la temperatura del aceite es demasiado alta.<\/p>\n<h4>Peso y dimensiones<\/h4>\n<p>Peso \u2192 3,7<\/p>\n<p>Ancho del paquete \u2192 284<\/p>\n<p>Profundidad del paquete \u2192 472<\/p>\n<p>Altura del paquete \u2192 318<\/p>\n<p>Peso del paquete \u2192 5,47<\/p>\n<h4>Control de energ\u00eda<\/h4>\n<p>Potencia \u2192 2400<\/p>\n<h4>Detalles t\u00e9cnicos<\/h4>\n<p>Apto para lavavajillas \u2192 S\u00ed<\/p>\n<p>Pa\u00eds de origen \u2192 China<\/p>\n<h4>Indicaci\u00f3n<\/h4>\n<p>Luz de indicaci\u00f3n \u2192 S\u00ed<\/p>\n<h4>Contenido del embalaje<\/h4>\n<p>Manual de usuario \u2192 S\u00ed<\/p>\n<h4>Dise\u00f1o<\/h4>\n<p>Materiales \u2192 Acero inoxidable<\/p>\n<p>Carcasa de pared fr\u00eda \u2192 No<\/p>\n<p>Zona fr\u00eda \u2192 S\u00ed<\/p>\n<p>Apertura de tapa autom\u00e1tica \u2192 S\u00ed<\/p>\n<p>Interruptor de encendido\/apagado integrado \u2192 No<\/p>\n<p>Agarradera(s) \u2192 S\u00ed<\/p>\n<p>Partes de platos a prueba de agua \u2192 S\u00ed<\/p>\n<p>Color del producto \u2192 Negro, Acero inoxidable<\/p>\n<p>Dise\u00f1o \u2192 Independiente<\/p>\n<p>Tipo de control \u2192 Giratorio<\/p>\n<p>Tipo de construcci\u00f3n \u2192 Sencillo<\/p>\n<p>Taz\u00f3n extra\u00edble \u2192 S\u00ed<\/p>\n<p>Revestimiento interior \u2192 Acero inoxidable<\/p>\n<p>Ventana de visi\u00f3n \u2192 S\u00ed<\/p>\n<p>Mango plegable \u2192 S\u00ed<\/p>\n<h4>Desempe\u00f1o<\/h4>\n<p>Capacidad de fritura \u2192 1,2<\/p>\n<p>Contenido de aceite \u2192 3<\/p>\n<p>Temporizador digital \u2192 S\u00ed<\/p>\n<p>Filtrado \u2192 S\u00ed<\/p>\n<p>Tipo de producto \u2192 Freidora<\/p>\n<p>Temperatura (min) \u2192 150<\/p>\n<p>Temperatura (m\u00e1x) v 190<\/p>\n<p>Ajustes de termostato \u2192 S\u00ed<\/p>\n<p>Tipo de filtro \u2192 Metal<\/p>\n<p>Capacidad (Litros) \u2192 3<\/p>\n<h4>Datos log\u00edsticos<\/h4>\n<p>Cantidad por pal\u00e9 \u2192 16<\/p>\n<p>N\u00famero de capas por pal\u00e9 \u2192 4<\/p>\n<p>N\u00famero de cartones por capa \u2192 4<\/p>\n<p>Anchura del pal\u00e9 \u2192 80<\/p>\n<p>Longitud del pal\u00e9 \u2192 152,2<\/p>\n<p>Altura del pal\u00e9 \u2192 120<\/p>\n<p>Peso del pal\u00e9 \u2192 87,6<\/p>\n<\/div>\n","protected":false},"excerpt":{"rendered":"<p>FREIDORA TEFAL FR5111 3L INOX La freidora Tefal FR5111 es un electrodom\u00e9stico dise\u00f1ado para cocinar alimentos fritos de manera r\u00e1pida<\/p>\n","protected":false},"featured_media":188883,"comment_status":"open","ping_status":"closed","template":"","meta":{"_joinchat":[]},"product_cat":[825,6416,831,844],"product_tag":[],"class_list":{"0":"post-188877","1":"product","2":"type-product","3":"status-publish","4":"has-post-thumbnail","6":"product_cat-pequeno-electrodomestico","7":"product_cat-freidoras-con-aceite","8":"product_cat-accesorios-de-cocina","9":"product_cat-freidoras","10":"pa_marca-tefal","11":"pa_potenica-2400w","13":"first","14":"instock","15":"taxable","16":"shipping-taxable","17":"purchasable","18":"product-type-simple"},"_links":{"self":[{"href":"https:\/\/desdropi.com\/elparque\/wp-json\/wp\/v2\/product\/188877"}],"collection":[{"href":"https:\/\/desdropi.com\/elparque\/wp-json\/wp\/v2\/product"}],"about":[{"href":"https:\/\/desdropi.com\/elparque\/wp-json\/wp\/v2\/types\/product"}],"replies":[{"embeddable":true,"href":"https:\/\/desdropi.com\/elparque\/wp-json\/wp\/v2\/comments?post=188877"}],"version-history":[{"count":0,"href":"https:\/\/desdropi.com\/elparque\/wp-json\/wp\/v2\/product\/188877\/revisions"}],"wp:featuredmedia":[{"embeddable":true,"href":"https:\/\/desdropi.com\/elparque\/wp-json\/wp\/v2\/media\/188883"}],"wp:attachment":[{"href":"https:\/\/desdropi.com\/elparque\/wp-json\/wp\/v2\/media?parent=188877"}],"wp:term":[{"taxonomy":"product_cat","embeddable":true,"href":"https:\/\/desdropi.com\/elparque\/wp-json\/wp\/v2\/product_cat?post=188877"},{"taxonomy":"product_tag","embeddable":true,"href":"https:\/\/desdropi.com\/elparque\/wp-json\/wp\/v2\/product_tag?post=188877"}],"curies":[{"name":"wp","href":"https:\/\/api.w.org\/{rel}","templated":true}]}}