{"id":188894,"date":"2023-04-24T11:16:03","date_gmt":"2023-04-24T10:16:03","guid":{"rendered":"https:\/\/desdropi.com\/elparque\/?post_type=product&#038;p=188894"},"modified":"2024-05-17T13:00:54","modified_gmt":"2024-05-17T11:00:54","slug":"freidora-jata-fr326-1l-inox","status":"publish","type":"product","link":"https:\/\/desdropi.com\/elparque\/freidora-jata-fr326-1l-inox\/","title":{"rendered":"FREIDORA JATA FR326 1L INOX"},"content":{"rendered":"<div class=\"descripcion-tab\">\n<h4>FREIDORA JATA FR326 1L INOX<\/h4>\n<p>La freidora JATA FR326 1L INOX es un electrodom\u00e9stico de cocina que te permitir\u00e1 fre\u00edr alimentos de manera <strong>r\u00e1pida y sencilla<\/strong>. Con una capacidad de <strong>1 litro<\/strong>, es ideal para preparar porciones peque\u00f1as de alimentos para ti o para compartir con alguien m\u00e1s.<\/p>\n<p>Esta freidora cuenta con un <strong>dise\u00f1o elegante y moderno<\/strong> en acero inoxidable que le da un toque de sofisticaci\u00f3n a tu cocina. Su tama\u00f1o <strong>compacto<\/strong> hace que sea f\u00e1cil de almacenar en cualquier lugar de tu hogar y su peso ligero la hace f\u00e1cil de transportar.<\/p>\n<p>La JATA FR326 1L INOX tiene un termostato regulable que te permite controlar la temperatura de cocci\u00f3n y asegurarte de que tus alimentos se cocinen a la perfecci\u00f3n. Adem\u00e1s, cuenta con una ventana transparente en la tapa para que puedas ver el proceso de cocci\u00f3n sin necesidad de abrir la freidora.<\/p>\n<p>Esta freidora tambi\u00e9n viene equipada con un <strong>sistema de seguridad<\/strong> que evita que la tapa se abra accidentalmente durante la cocci\u00f3n, evitando as\u00ed posibles accidentes en la cocina.<\/p>\n<h4>Control de energ\u00eda<\/h4>\n<p>Potencia \u2192 1000 W<\/p>\n<h4>Indicaci\u00f3n<\/h4>\n<p>Luz de indicaci\u00f3n \u2192 S\u00ed<\/p>\n<p>LED de energ\u00eda \u2192 S\u00ed<\/p>\n<h4>Dise\u00f1o<\/h4>\n<p>Tipo de construcci\u00f3n \u2192 Solo<\/p>\n<p>Capa antiadherente \u2192 S\u00ed<\/p>\n<p>Ventana de visi\u00f3n \u2192 S\u00ed<\/p>\n<p>Color del producto \u2192 Negro, Plata<\/p>\n<p>Materiales \u2192 PTFE<\/p>\n<h4>Desempe\u00f1o<\/h4>\n<p>Capacidad (Litros) \u2192 1<\/p>\n<p>Ajustes de termostato \u2192 S\u00ed<\/p>\n<\/div>\n","protected":false},"excerpt":{"rendered":"<p>FREIDORA JATA FR326 1L INOX La freidora JATA FR326 1L INOX es un electrodom\u00e9stico de cocina que te permitir\u00e1 fre\u00edr<\/p>\n","protected":false},"featured_media":188907,"comment_status":"open","ping_status":"closed","template":"","meta":{"_joinchat":[]},"product_cat":[825,6416,831,844],"product_tag":[],"class_list":{"0":"post-188894","1":"product","2":"type-product","3":"status-publish","4":"has-post-thumbnail","6":"product_cat-pequeno-electrodomestico","7":"product_cat-freidoras-con-aceite","8":"product_cat-accesorios-de-cocina","9":"product_cat-freidoras","10":"pa_marca-jata","11":"pa_potenica-1000w","13":"first","14":"instock","15":"taxable","16":"shipping-taxable","17":"purchasable","18":"product-type-simple"},"_links":{"self":[{"href":"https:\/\/desdropi.com\/elparque\/wp-json\/wp\/v2\/product\/188894"}],"collection":[{"href":"https:\/\/desdropi.com\/elparque\/wp-json\/wp\/v2\/product"}],"about":[{"href":"https:\/\/desdropi.com\/elparque\/wp-json\/wp\/v2\/types\/product"}],"replies":[{"embeddable":true,"href":"https:\/\/desdropi.com\/elparque\/wp-json\/wp\/v2\/comments?post=188894"}],"version-history":[{"count":0,"href":"https:\/\/desdropi.com\/elparque\/wp-json\/wp\/v2\/product\/188894\/revisions"}],"wp:featuredmedia":[{"embeddable":true,"href":"https:\/\/desdropi.com\/elparque\/wp-json\/wp\/v2\/media\/188907"}],"wp:attachment":[{"href":"https:\/\/desdropi.com\/elparque\/wp-json\/wp\/v2\/media?parent=188894"}],"wp:term":[{"taxonomy":"product_cat","embeddable":true,"href":"https:\/\/desdropi.com\/elparque\/wp-json\/wp\/v2\/product_cat?post=188894"},{"taxonomy":"product_tag","embeddable":true,"href":"https:\/\/desdropi.com\/elparque\/wp-json\/wp\/v2\/product_tag?post=188894"}],"curies":[{"name":"wp","href":"https:\/\/api.w.org\/{rel}","templated":true}]}}