{"id":188986,"date":"2023-04-24T17:50:12","date_gmt":"2023-04-24T16:50:12","guid":{"rendered":"https:\/\/desdropi.com\/elparque\/?post_type=product&#038;p=188986"},"modified":"2024-05-17T13:00:54","modified_gmt":"2024-05-17T11:00:54","slug":"freidora-aire-princess-182026-45l-1500w-plata","status":"publish","type":"product","link":"https:\/\/desdropi.com\/elparque\/freidora-aire-princess-182026-45l-1500w-plata\/","title":{"rendered":"Freidora Aire Princess 182026 4,5L 1500W Plata"},"content":{"rendered":"<div class=\"descripcion-tab\">\n<h4>FREIDORA AIRE PRINCESS 182026 4,5L 1500W PLATA<\/h4>\n<p>La freidora de aire Princess 182026 es un electrodom\u00e9stico de cocina de<strong> alta calidad<\/strong> y<strong> dise\u00f1o elegante<\/strong> en color plata. Con una capacidad de <strong>4,5 litros<\/strong>, puede cocinar grandes cantidades de alimentos a la vez, perfecta para familias numerosas o para una cena con amigos.<\/p>\n<p>Con su potencia de <strong>1500W<\/strong>, la freidora de aire Princess puede alcanzar r\u00e1pidamente la temperatura deseada y cocinar los alimentos de manera uniforme y crujiente, sin la necesidad de utilizar grandes cantidades de aceite, lo que la hace una opci\u00f3n saludable. Adem\u00e1s, cuenta con un sistema de control de temperatura que permite ajustar la temperatura de acuerdo a los diferentes tipos de alimentos que se est\u00e9n cocinando.<\/p>\n<p>La freidora de aire Princess viene equipada con una <strong>cesta de fre\u00edr extra\u00edble y f\u00e1cil de limpiar<\/strong>, que tiene una capa antiadherente para evitar que los alimentos se peguen y permitir una f\u00e1cil limpieza. Tambi\u00e9n cuenta con una pantalla LED digital que muestra la temperatura y el tiempo de cocci\u00f3n, lo que facilita la operaci\u00f3n.<\/p>\n<h4>Control de energ\u00eda<\/h4>\n<p>Potencia \u2192 1500<\/p>\n<p>Tipo de enchufe \u2192 Tipo F<\/p>\n<p>Protecci\u00f3n contra sobrecalentamiento \u2192 S\u00ed<\/p>\n<p>Apagado autom\u00e1tico \u2192 S\u00ed<\/p>\n<h4>Indicaci\u00f3n<\/h4>\n<p>Luz de indicaci\u00f3n \u2192 S\u00ed<\/p>\n<p>Alarma lista \u2192 S\u00ed<\/p>\n<p>Pantalla incorporada \u2192 S\u00ed<\/p>\n<p>Tipo de visualizador \u2192 LCD<\/p>\n<p>Piloto de temperatura \u2192 S\u00ed<\/p>\n<p>Indicador de calor residual \u2192 S\u00ed<\/p>\n<p>LED de energ\u00eda \u2192 S\u00ed<\/p>\n<h4>Contenido del embalaje<\/h4>\n<p>Manual de usuario \u2192 S\u00ed<\/p>\n<h4>Dise\u00f1o<\/h4>\n<p>Tipo de control \u2192 Giratorio, Tocar<\/p>\n<p>F\u00e1cil de limpiar \u2192 S\u00ed<\/p>\n<p>Partes de platos a prueba de agua \u2192 S\u00ed<\/p>\n<p>Mango fr\u00edo al tacto \u2192 S\u00ed<\/p>\n<p>Base antideslizante \u2192 S\u00ed<\/p>\n<p>Capa antiadherente \u2192 S\u00ed<\/p>\n<p>N\u00famero de cestas freidoras \u2192 1<\/p>\n<p>Mango desmontable \u2192 S\u00ed<\/p>\n<p>Color del producto \u2192 Negro, Plata<\/p>\n<p>Taz\u00f3n extraible \u2192 S\u00ed<\/p>\n<p>Tipo de construcci\u00f3n \u2192 Sencillo<\/p>\n<p>Appliance placement \u2192 Independiente<\/p>\n<p>Agarradera(s) \u2192 S\u00ed<\/p>\n<p>Interruptor de encendido\/apagado integrado \u2192 S\u00ed<\/p>\n<h4>Desempe\u00f1o<\/h4>\n<p>Tipo de producto \u2192 Freidora de aire caliente<\/p>\n<p>Capacidad (Litros) \u2192 4,5<\/p>\n<p>Capacidad de fritura \u2192 1,2<\/p>\n<p>Funci\u00f3n de fre\u00edr \u2192 S\u00ed<\/p>\n<p>Ajustes de termostato \u2192 S\u00ed<\/p>\n<p>Temperatura (min) \u2192 80<\/p>\n<p>Temperatura (m\u00e1x) \u2192 200<\/p>\n<p>Temporizador digital \u2192 S\u00ed<\/p>\n<p>La duraci\u00f3n del temporizador \u2192 60<\/p>\n<p>Funci\u00f3n mantener caliente \u2192 S\u00ed<\/p>\n<p>Asado a la parrilla \u2192 S\u00ed<\/p>\n<p>Funci\u00f3n asar \u2192 S\u00ed<\/p>\n<\/div>\n","protected":false},"excerpt":{"rendered":"<p>FREIDORA AIRE PRINCESS 182026 4,5L 1500W PLATA La freidora de aire Princess 182026 es un electrodom\u00e9stico de cocina de alta<\/p>\n","protected":false},"featured_media":188987,"comment_status":"open","ping_status":"closed","template":"","meta":{"_joinchat":[]},"product_cat":[825,6436,831,844],"product_tag":[],"class_list":{"0":"post-188986","1":"product","2":"type-product","3":"status-publish","4":"has-post-thumbnail","6":"product_cat-pequeno-electrodomestico","7":"product_cat-freidoras-de-aire-freidoras","8":"product_cat-accesorios-de-cocina","9":"product_cat-freidoras","10":"pa_marca-princess","11":"pa_potenica-1500w","13":"first","14":"instock","15":"taxable","16":"shipping-taxable","17":"purchasable","18":"product-type-simple"},"_links":{"self":[{"href":"https:\/\/desdropi.com\/elparque\/wp-json\/wp\/v2\/product\/188986"}],"collection":[{"href":"https:\/\/desdropi.com\/elparque\/wp-json\/wp\/v2\/product"}],"about":[{"href":"https:\/\/desdropi.com\/elparque\/wp-json\/wp\/v2\/types\/product"}],"replies":[{"embeddable":true,"href":"https:\/\/desdropi.com\/elparque\/wp-json\/wp\/v2\/comments?post=188986"}],"version-history":[{"count":0,"href":"https:\/\/desdropi.com\/elparque\/wp-json\/wp\/v2\/product\/188986\/revisions"}],"wp:featuredmedia":[{"embeddable":true,"href":"https:\/\/desdropi.com\/elparque\/wp-json\/wp\/v2\/media\/188987"}],"wp:attachment":[{"href":"https:\/\/desdropi.com\/elparque\/wp-json\/wp\/v2\/media?parent=188986"}],"wp:term":[{"taxonomy":"product_cat","embeddable":true,"href":"https:\/\/desdropi.com\/elparque\/wp-json\/wp\/v2\/product_cat?post=188986"},{"taxonomy":"product_tag","embeddable":true,"href":"https:\/\/desdropi.com\/elparque\/wp-json\/wp\/v2\/product_tag?post=188986"}],"curies":[{"name":"wp","href":"https:\/\/api.w.org\/{rel}","templated":true}]}}