{"id":189268,"date":"2023-04-25T09:28:06","date_gmt":"2023-04-25T08:28:06","guid":{"rendered":"https:\/\/desdropi.com\/elparque\/?post_type=product&#038;p=189268"},"modified":"2024-05-17T13:00:54","modified_gmt":"2024-05-17T11:00:54","slug":"freidora-aire-princess-182033","status":"publish","type":"product","link":"https:\/\/desdropi.com\/elparque\/freidora-aire-princess-182033\/","title":{"rendered":"Freidora Aire Princess 182033 4,5L 1500W Plata"},"content":{"rendered":"<div class=\"descripcion-tab\">\n<h4>FREIDORA AIRE PRINCESS 182033 4,5L 1500W PLATA<\/h4>\n<p>La Freidora de Aire Princess 182033 es un electrodom\u00e9stico de cocina dise\u00f1ado para cocinar alimentos de manera saludable y sin necesidad de utilizar aceite. Con una capacidad de <strong>4,5 litros<\/strong>, es capaz de cocinar una gran cantidad de alimentos a la vez, lo que la hace ideal para familias numerosas o para aquellos que gustan de recibir invitados en casa.<\/p>\n<p>Con una potencia de <strong>1500W<\/strong>, la Freidora de Aire Princess 182033 se calienta r\u00e1pidamente y ofrece una amplia gama de opciones de cocci\u00f3n para adaptarse a cualquier tipo de alimento. Adem\u00e1s, su dise\u00f1o en color plata le da un <strong>aspecto elegante y moderno<\/strong> que se ver\u00e1 muy bien en cualquier cocina.<\/p>\n<p>Esta freidora de aire cuenta con un <strong>panel de control digital f\u00e1cil de usar<\/strong>, que permite ajustar la temperatura y el tiempo de cocci\u00f3n con precisi\u00f3n. Tambi\u00e9n incluye una funci\u00f3n de apagado autom\u00e1tico que garantiza la seguridad en la cocina.<\/p>\n<h4>Control de energ\u00eda<\/h4>\n<p>Tipo de enchufeTipo F<\/p>\n<p>Potencia1500<\/p>\n<p>Apagado autom\u00e1ticoS\u00ed<\/p>\n<p>Protecci\u00f3n contra sobrecalentamientoS\u00ed<\/p>\n<h4>Indicaci\u00f3n<\/h4>\n<p>Pantalla incorporadaS\u00ed<\/p>\n<p>Tipo de visualizadorLCD<\/p>\n<p>Luz de indicaci\u00f3nS\u00ed<\/p>\n<p>Piloto de temperaturaS\u00ed<\/p>\n<p>Alarma listaS\u00ed<\/p>\n<p>Indicador de calor residualS\u00ed<\/p>\n<p>LED de energ\u00edaS\u00ed<\/p>\n<h4>Contenido del embalaje<\/h4>\n<p>Manual de usuarioS\u00ed<\/p>\n<h4>Dise\u00f1o<\/h4>\n<p>Tipo de construcci\u00f3nSencillo<\/p>\n<p>Appliance placementIndependiente<\/p>\n<p>Color del productoNegro, Plata<\/p>\n<p>ango fr\u00edo al tactoS\u00ed<\/p>\n<p>Taz\u00f3n extraibleS\u00ed<\/p>\n<p>Agarradera(s)S\u00ed<\/p>\n<p>N\u00famero de cestas freidoras1<\/p>\n<p>Base antideslizanteS\u00ed<\/p>\n<p>Capa antiadherenteS\u00ed<\/p>\n<p>F\u00e1cil de limpiarS\u00ed<\/p>\n<p>Tipo de controlGiratorio, Tocar<\/p>\n<p>Partes de platos a prueba de aguaS\u00ed<\/p>\n<p>MaterialesAcero inoxidable<\/p>\n<p>Interruptor de encendido\/apagado integradoS\u00ed<\/p>\n<h4>Desempe\u00f1o<\/h4>\n<p>Tipo de productoFreidora de aire caliente<\/p>\n<p>Capacidad (Litros)4,5<\/p>\n<p>Capacidad de fritura1,2<\/p>\n<p>Funci\u00f3n de fre\u00edrS\u00ed<\/p>\n<p>Funci\u00f3n mantener calienteS\u00ed<\/p>\n<p>Temperatura (min)80<\/p>\n<p>Temperatura (m\u00e1x)200<\/p>\n<p>Ajustes de termostatoS\u00ed<\/p>\n<p>Temporizador digitalS\u00ed<\/p>\n<p>La duraci\u00f3n del temporizador60<\/p>\n<p>Asado a la parrillaS\u00ed<\/p>\n<p>Funci\u00f3n asar<\/p>\n<\/div>\n","protected":false},"excerpt":{"rendered":"<p>FREIDORA AIRE PRINCESS 182033 4,5L 1500W PLATA La Freidora de Aire Princess 182033 es un electrodom\u00e9stico de cocina dise\u00f1ado para<\/p>\n","protected":false},"featured_media":189274,"comment_status":"open","ping_status":"closed","template":"","meta":{"_joinchat":[]},"product_cat":[825,6436,831,844],"product_tag":[],"class_list":{"0":"post-189268","1":"product","2":"type-product","3":"status-publish","4":"has-post-thumbnail","6":"product_cat-pequeno-electrodomestico","7":"product_cat-freidoras-de-aire-freidoras","8":"product_cat-accesorios-de-cocina","9":"product_cat-freidoras","10":"pa_marca-princess","11":"pa_potenica-1500w","13":"first","14":"instock","15":"taxable","16":"shipping-taxable","17":"purchasable","18":"product-type-simple"},"_links":{"self":[{"href":"https:\/\/desdropi.com\/elparque\/wp-json\/wp\/v2\/product\/189268"}],"collection":[{"href":"https:\/\/desdropi.com\/elparque\/wp-json\/wp\/v2\/product"}],"about":[{"href":"https:\/\/desdropi.com\/elparque\/wp-json\/wp\/v2\/types\/product"}],"replies":[{"embeddable":true,"href":"https:\/\/desdropi.com\/elparque\/wp-json\/wp\/v2\/comments?post=189268"}],"version-history":[{"count":0,"href":"https:\/\/desdropi.com\/elparque\/wp-json\/wp\/v2\/product\/189268\/revisions"}],"wp:featuredmedia":[{"embeddable":true,"href":"https:\/\/desdropi.com\/elparque\/wp-json\/wp\/v2\/media\/189274"}],"wp:attachment":[{"href":"https:\/\/desdropi.com\/elparque\/wp-json\/wp\/v2\/media?parent=189268"}],"wp:term":[{"taxonomy":"product_cat","embeddable":true,"href":"https:\/\/desdropi.com\/elparque\/wp-json\/wp\/v2\/product_cat?post=189268"},{"taxonomy":"product_tag","embeddable":true,"href":"https:\/\/desdropi.com\/elparque\/wp-json\/wp\/v2\/product_tag?post=189268"}],"curies":[{"name":"wp","href":"https:\/\/api.w.org\/{rel}","templated":true}]}}