{"id":189296,"date":"2023-04-25T10:41:35","date_gmt":"2023-04-25T09:41:35","guid":{"rendered":"https:\/\/desdropi.com\/elparque\/?post_type=product&#038;p=189296"},"modified":"2024-05-17T13:00:55","modified_gmt":"2024-05-17T11:00:55","slug":"freidora-aire-tristar-fr6990","status":"publish","type":"product","link":"https:\/\/desdropi.com\/elparque\/freidora-aire-tristar-fr6990\/","title":{"rendered":"Freidora Aire Tristar Fr6990 3,2L 1500W Negra"},"content":{"rendered":"<div class=\"descripcion-tab\">\n<h4>FREIDORA AIRE TRISTAR FR6990 3,2L 1500W NEGRA<\/h4>\n<p>La Freidora de Aire Tristar FR6990 es un electrodom\u00e9stico de cocina de alta calidad y eficiencia energ\u00e9tica dise\u00f1ado para cocinar alimentos fritos con una m\u00ednima cantidad de aceite, lo que lo hace una excelente opci\u00f3n para aquellos que buscan un estilo de vida m\u00e1s saludable. Con una capacidad de <strong>3,2 litros<\/strong> y una potencia de <strong>1500 vatios<\/strong>, esta freidora de aire es lo suficientemente grande como para cocinar porciones de alimentos para toda la familia y cuenta con una amplia gama de caracter\u00edsticas que la hacen f\u00e1cil de usar y mantener.<\/p>\n<p>La Tristar FR6990 est\u00e1 hecha con <strong>materiales duraderos y de alta calidad<\/strong>, lo que la hace resistente y duradera. Su dise\u00f1o en color negro se adapta perfectamente a cualquier decoraci\u00f3n de cocina moderna. Adem\u00e1s, cuenta con un panel de control f\u00e1cil de usar con ajustes de temperatura y tiempo, y una pantalla digital LED que muestra la informaci\u00f3n de cocci\u00f3n. Tambi\u00e9n tiene una <strong>cesta extra\u00edble y lavable<\/strong> que hace que la limpieza sea r\u00e1pida y f\u00e1cil.<\/p>\n<h4>Peso y dimensiones<\/h4>\n<p>Peso \u2192 6<\/p>\n<p>Ancho del paquete \u2192 325<\/p>\n<p>Profundidad del paquete \u2192 335<\/p>\n<p>Altura del paquete \u2192 385<\/p>\n<p>Peso del paquete \u2192 6,6<\/p>\n<h4>Control de energ\u00eda<\/h4>\n<p>Protecci\u00f3n contra sobrecalentamiento \u2192 S\u00ed<\/p>\n<p>Potencia \u2192 1500<\/p>\n<h4>Indicaci\u00f3n<\/h4>\n<p>Luz de indicaci\u00f3n \u2192 S\u00ed<\/p>\n<p>LED de energ\u00eda \u2192 S\u00ed<\/p>\n<h4>Dise\u00f1o<\/h4>\n<p>Tipo de construcci\u00f3n \u2192 Sencillo<\/p>\n<p>Color del producto \u2192 Negro, Plata<\/p>\n<p>Appliance placement \u2192 Independiente<\/p>\n<p>Agarradera(s) \u2192 S\u00ed<\/p>\n<p>Base antideslizante \u2192 S\u00ed<\/p>\n<p>Tipo de control \u2192 Giratorio<\/p>\n<p>Partes de platos a prueba de agua \u2192 S\u00ed<\/p>\n<h4>Desempe\u00f1o<\/h4>\n<p>Capacidad (Litros) \u2192 3,2<\/p>\n<p>Ajustes de termostato \u2192 S\u00ed<\/p>\n<p>Temperatura (m\u00e1x) \u2192 200<\/p>\n<p>Tipo de producto \u2192 Freidora de aire caliente<\/p>\n<p>Temperatura (min) \u2192 80<\/p>\n<p>La duraci\u00f3n del temporizador \u2192 30<\/p>\n<p>N\u00famero de personas \u2192 5<\/p>\n<\/div>\n","protected":false},"excerpt":{"rendered":"<p>FREIDORA AIRE TRISTAR FR6990 3,2L 1500W NEGRA La Freidora de Aire Tristar FR6990 es un electrodom\u00e9stico de cocina de alta<\/p>\n","protected":false},"featured_media":189300,"comment_status":"open","ping_status":"closed","template":"","meta":{"_joinchat":[]},"product_cat":[825,6436,831,844],"product_tag":[],"class_list":{"0":"post-189296","1":"product","2":"type-product","3":"status-publish","4":"has-post-thumbnail","6":"product_cat-pequeno-electrodomestico","7":"product_cat-freidoras-de-aire-freidoras","8":"product_cat-accesorios-de-cocina","9":"product_cat-freidoras","10":"pa_marca-tristar","11":"pa_potenica-1500w","13":"first","14":"instock","15":"taxable","16":"shipping-taxable","17":"purchasable","18":"product-type-simple"},"_links":{"self":[{"href":"https:\/\/desdropi.com\/elparque\/wp-json\/wp\/v2\/product\/189296"}],"collection":[{"href":"https:\/\/desdropi.com\/elparque\/wp-json\/wp\/v2\/product"}],"about":[{"href":"https:\/\/desdropi.com\/elparque\/wp-json\/wp\/v2\/types\/product"}],"replies":[{"embeddable":true,"href":"https:\/\/desdropi.com\/elparque\/wp-json\/wp\/v2\/comments?post=189296"}],"version-history":[{"count":0,"href":"https:\/\/desdropi.com\/elparque\/wp-json\/wp\/v2\/product\/189296\/revisions"}],"wp:featuredmedia":[{"embeddable":true,"href":"https:\/\/desdropi.com\/elparque\/wp-json\/wp\/v2\/media\/189300"}],"wp:attachment":[{"href":"https:\/\/desdropi.com\/elparque\/wp-json\/wp\/v2\/media?parent=189296"}],"wp:term":[{"taxonomy":"product_cat","embeddable":true,"href":"https:\/\/desdropi.com\/elparque\/wp-json\/wp\/v2\/product_cat?post=189296"},{"taxonomy":"product_tag","embeddable":true,"href":"https:\/\/desdropi.com\/elparque\/wp-json\/wp\/v2\/product_tag?post=189296"}],"curies":[{"name":"wp","href":"https:\/\/api.w.org\/{rel}","templated":true}]}}