{"id":189877,"date":"2023-04-27T08:31:24","date_gmt":"2023-04-27T07:31:24","guid":{"rendered":"https:\/\/desdropi.com\/elparque\/?post_type=product&#038;p=189877"},"modified":"2023-04-27T08:35:38","modified_gmt":"2023-04-27T07:35:38","slug":"freidora-aire-bourgini-182146","status":"publish","type":"product","link":"https:\/\/desdropi.com\/elparque\/freidora-aire-bourgini-182146\/","title":{"rendered":"FREIDORA AIRE BOURGINI 182146 6 LITROS 1800W"},"content":{"rendered":"<div class=\"descripcion-tab\">\n<h4><strong>FREIDORA AIRE BOURGINI 182146 6 LITROS 1800W<\/strong><\/h4>\n<p>La freidora de aire Bourgini 182146 es un electrodom\u00e9stico de cocina que utiliza la tecnolog\u00eda de aire caliente para cocinar alimentos con muy poco o nada de aceite, lo que la convierte en una opci\u00f3n m\u00e1s saludable que las freidoras tradicionales.<\/p>\n<p>Con una capacidad de 6 litros y una potencia de 1800W, es lo suficientemente grande y potente para cocinar para toda la familia. La freidora cuenta con una pantalla LED para ajustar la temperatura y el tiempo de cocci\u00f3n, y tambi\u00e9n tiene una funci\u00f3n de apagado autom\u00e1tico para mayor seguridad.<\/p>\n<p>La freidora de aire Bourgini 182146 viene con una cesta para fre\u00edr extra\u00edble y f\u00e1cil de limpiar, y tambi\u00e9n incluye una bandeja para recoger el exceso de aceite y la grasa. Con su dise\u00f1o elegante y moderno, la freidora de aire Bourgini 182146 es una excelente opci\u00f3n para aquellos que desean cocinar de manera m\u00e1s saludable sin sacrificar el sabor.<\/p>\n<h4><strong>ESPECIFICACIONES DEL PRODUCTO<\/strong><\/h4>\n<p>Voltaje \u2192 240<br \/>\nEnerg\u00eda \u2192 1800W<br \/>\nAltura \u2192 34cm<br \/>\nAncho \u2192 31cm<br \/>\nProfundidad \u2192 32cm<br \/>\nVolumen \u2192 6,0 litros<br \/>\nCapacidad de fritura (papas fritas) \u2192 2,0 kg<br \/>\nCarcasa de color \u2192 Negro y acero inoxidable<br \/>\nMaterial de la carcasa \u2192 Carcasa de pl\u00e1stico acabada en elegante acero inoxidable<br \/>\nOpciones de control \u2192 Panel de control t\u00e1ctil digital<br \/>\nTemporizador ajustable \u2192 S\u00ed<br \/>\nTemperatura ajustable \u2192 S\u00ed<br \/>\nTemperatura m\u00e1xima \u2192 200\u00baC<br \/>\nLuz de temperatura \u2192 S\u00ed<br \/>\nLuz de encendido \u2192 S\u00ed<br \/>\nAptas para el lavavajillas \u2192 S\u00ed (cesta)<br \/>\nCarcasa fr\u00eda al tacto \u2192 No<br \/>\nAccesorios \u2192 Cesta XXL<br \/>\nColor \u2192 Acero inoxidable<\/p>\n<\/div>\n","protected":false},"excerpt":{"rendered":"<p>FREIDORA AIRE BOURGINI 182146 6 LITROS 1800W La freidora de aire Bourgini 182146 es un electrodom\u00e9stico de cocina que utiliza<\/p>\n","protected":false},"featured_media":189879,"comment_status":"open","ping_status":"closed","template":"","meta":{"_joinchat":[]},"product_cat":[825,6436,831,844],"product_tag":[],"class_list":{"0":"post-189877","1":"product","2":"type-product","3":"status-publish","4":"has-post-thumbnail","6":"product_cat-pequeno-electrodomestico","7":"product_cat-freidoras-de-aire-freidoras","8":"product_cat-accesorios-de-cocina","9":"product_cat-freidoras","10":"pa_marca-bourgini","11":"pa_potenica-1800w","13":"first","14":"instock","15":"taxable","16":"shipping-taxable","17":"purchasable","18":"product-type-simple"},"_links":{"self":[{"href":"https:\/\/desdropi.com\/elparque\/wp-json\/wp\/v2\/product\/189877"}],"collection":[{"href":"https:\/\/desdropi.com\/elparque\/wp-json\/wp\/v2\/product"}],"about":[{"href":"https:\/\/desdropi.com\/elparque\/wp-json\/wp\/v2\/types\/product"}],"replies":[{"embeddable":true,"href":"https:\/\/desdropi.com\/elparque\/wp-json\/wp\/v2\/comments?post=189877"}],"version-history":[{"count":0,"href":"https:\/\/desdropi.com\/elparque\/wp-json\/wp\/v2\/product\/189877\/revisions"}],"wp:featuredmedia":[{"embeddable":true,"href":"https:\/\/desdropi.com\/elparque\/wp-json\/wp\/v2\/media\/189879"}],"wp:attachment":[{"href":"https:\/\/desdropi.com\/elparque\/wp-json\/wp\/v2\/media?parent=189877"}],"wp:term":[{"taxonomy":"product_cat","embeddable":true,"href":"https:\/\/desdropi.com\/elparque\/wp-json\/wp\/v2\/product_cat?post=189877"},{"taxonomy":"product_tag","embeddable":true,"href":"https:\/\/desdropi.com\/elparque\/wp-json\/wp\/v2\/product_tag?post=189877"}],"curies":[{"name":"wp","href":"https:\/\/api.w.org\/{rel}","templated":true}]}}