{"id":189894,"date":"2023-04-27T09:40:55","date_gmt":"2023-04-27T07:40:55","guid":{"rendered":"https:\/\/desdropi.com\/elparque\/?post_type=product&#038;p=189894"},"modified":"2025-04-14T00:40:45","modified_gmt":"2025-04-13T22:40:45","slug":"limpiador-elka-255857","status":"publish","type":"product","link":"https:\/\/desdropi.com\/elparque\/limpiador-elka-255857\/","title":{"rendered":"Limpiador Freidora De Aire 500Ml Elka 255857"},"content":{"rendered":"<div class=\"descripcion-tab\">\n<h4>LIMPIADOR FREIDORA DE AIRE 500ML ELKA 255857<\/h4>\n<p>El Limpiador de Freidora de Aire Elka 255857 es un producto de limpieza especialmente dise\u00f1ado para limpiar freidoras de aire y eliminar residuos de aceite y suciedad acumulados en su interior. Viene en una presentaci\u00f3n de 500 ml, lo que es suficiente para varias aplicaciones.<\/p>\n<p>Este producto es muy eficaz y f\u00e1cil de usar. Solo se necesita aplicar una peque\u00f1a cantidad del limpiador en el interior de la freidora de aire y dejar que act\u00fae durante unos minutos. Luego, se debe enjuagar con agua y secar con un pa\u00f1o limpio y seco. El limpiador no deja residuos ni olores desagradables en la freidora.<\/p>\n<p>El Limpiador de Freidora de Aire Elka 255857 es seguro y no contiene sustancias t\u00f3xicas que puedan afectar la calidad de los alimentos que se cocinan en la freidora. Adem\u00e1s, su f\u00f3rmula es respetuosa con el medio ambiente, por lo que es una excelente opci\u00f3n para quienes buscan productos de limpieza ecol\u00f3gicos.<\/p>\n<\/div>\n","protected":false},"excerpt":{"rendered":"<p>LIMPIADOR FREIDORA DE AIRE 500ML ELKA 255857 El Limpiador de Freidora de Aire Elka 255857 es un producto de limpieza<\/p>\n","protected":false},"featured_media":189895,"comment_status":"open","ping_status":"closed","template":"","meta":{"_joinchat":[]},"product_cat":[825,6436,831,844],"product_tag":[],"class_list":{"0":"post-189894","1":"product","2":"type-product","3":"status-publish","4":"has-post-thumbnail","6":"product_cat-pequeno-electrodomestico","7":"product_cat-freidoras-de-aire-freidoras","8":"product_cat-accesorios-de-cocina","9":"product_cat-freidoras","10":"pa_marca-elka","12":"first","13":"instock","14":"taxable","15":"shipping-taxable","16":"purchasable","17":"product-type-simple"},"_links":{"self":[{"href":"https:\/\/desdropi.com\/elparque\/wp-json\/wp\/v2\/product\/189894"}],"collection":[{"href":"https:\/\/desdropi.com\/elparque\/wp-json\/wp\/v2\/product"}],"about":[{"href":"https:\/\/desdropi.com\/elparque\/wp-json\/wp\/v2\/types\/product"}],"replies":[{"embeddable":true,"href":"https:\/\/desdropi.com\/elparque\/wp-json\/wp\/v2\/comments?post=189894"}],"version-history":[{"count":1,"href":"https:\/\/desdropi.com\/elparque\/wp-json\/wp\/v2\/product\/189894\/revisions"}],"predecessor-version":[{"id":224791,"href":"https:\/\/desdropi.com\/elparque\/wp-json\/wp\/v2\/product\/189894\/revisions\/224791"}],"wp:featuredmedia":[{"embeddable":true,"href":"https:\/\/desdropi.com\/elparque\/wp-json\/wp\/v2\/media\/189895"}],"wp:attachment":[{"href":"https:\/\/desdropi.com\/elparque\/wp-json\/wp\/v2\/media?parent=189894"}],"wp:term":[{"taxonomy":"product_cat","embeddable":true,"href":"https:\/\/desdropi.com\/elparque\/wp-json\/wp\/v2\/product_cat?post=189894"},{"taxonomy":"product_tag","embeddable":true,"href":"https:\/\/desdropi.com\/elparque\/wp-json\/wp\/v2\/product_tag?post=189894"}],"curies":[{"name":"wp","href":"https:\/\/api.w.org\/{rel}","templated":true}]}}