{"id":191322,"date":"2023-05-02T22:34:02","date_gmt":"2023-05-02T21:34:02","guid":{"rendered":"https:\/\/desdropi.com\/elparque\/radio-reloj-daewoo-dcr470-bluetooth-230110\/"},"modified":"2025-04-13T21:36:43","modified_gmt":"2025-04-13T19:36:43","slug":"radio-reloj-daewoo-dcr470-bluetooth-230110","status":"publish","type":"product","link":"https:\/\/desdropi.com\/elparque\/radio-reloj-daewoo-dcr470-bluetooth-230110\/","title":{"rendered":"Radio Reloj Daewoo Dcr470 Bluetooth 230110"},"content":{"rendered":"<div class=\"descripcion-tab\"><strong>Exhibici\u00f3n <\/strong><\/p>\n<ul>\n<li>Retroiluminaci\u00f3n: S\u00ed<\/li>\n<li>Pantalla incorporada: S\u00ed<\/li>\n<li>Color de luz de fondo: Blanco<\/li>\n<\/ul>\n<p><strong>Peso y dimensiones<\/strong><\/p>\n<ul>\n<li>Ancho: 168 mm<\/li>\n<li>Profundidad: 205 mm<\/li>\n<li>Altura: 230 mm<\/li>\n<\/ul>\n<p><strong>Control de energ\u00eda<\/strong><\/p>\n<ul>\n<li>Alimentaci\u00f3n: Corriente alterna<\/li>\n<li>Voltaje de entrada AC: 220 V<\/li>\n<\/ul>\n<p><strong>Altavoces<\/strong><\/p>\n<ul>\n<li>Altavoces incorporados: S\u00ed<\/li>\n<li>N\u00famero de altavoces incorporados: 1<\/li>\n<li>Tipo de altavoces: De 1 v\u00eda<\/li>\n<\/ul>\n<p><strong>Empaquetado<\/strong><\/p>\n<ul>\n<li>Tipo de embalaje: Caja<\/li>\n<\/ul>\n<p><strong>Reloj<\/strong><\/p>\n<ul>\n<li>Reloj integrado: S\u00ed<\/li>\n<li>Modo reloj: 12h\/24h<\/li>\n<li>Alarma: S\u00ed<\/li>\n<li>Vibrador: S\u00ed<\/li>\n<li>Radio wake up mode: S\u00ed<\/li>\n<\/ul>\n<p><strong>Caracter\u00edsticas<\/strong><\/p>\n<ul>\n<li>Reproducci\u00f3n MP3: No<\/li>\n<li>Term\u00f3metro: No<\/li>\n<li>Material: De pl\u00e1stico<\/li>\n<li>Proyecci\u00f3n: No<\/li>\n<li>Color del producto: Blanco<\/li>\n<li>Iluminaci\u00f3n: S\u00ed<\/li>\n<li>Interruptor de encendido\/apagado integrado: S\u00ed<\/li>\n<\/ul>\n<p><strong>Radio<\/strong><\/p>\n<ul>\n<li>Tipo de radio: Reloj<\/li>\n<li>Tipo de sintonizador: Digital<\/li>\n<li>Bandas de radio soportadas: FM<\/li>\n<\/ul>\n<\/div>\n","protected":false},"excerpt":{"rendered":"<p>Exhibici\u00f3n Retroiluminaci\u00f3n: S\u00ed Pantalla incorporada: S\u00ed Color de luz de fondo: Blanco Peso y dimensiones Ancho: 168 mm Profundidad: 205<\/p>\n","protected":false},"featured_media":191613,"comment_status":"open","ping_status":"closed","template":"","meta":{"_joinchat":[]},"product_cat":[795,1022,6027],"product_tag":[],"class_list":{"0":"post-191322","1":"product","2":"type-product","3":"status-publish","4":"has-post-thumbnail","6":"product_cat-electronica","7":"product_cat-sonido","8":"product_cat-radios","9":"pa_marca-daewoo","11":"first","12":"instock","13":"taxable","14":"shipping-taxable","15":"purchasable","16":"product-type-simple"},"_links":{"self":[{"href":"https:\/\/desdropi.com\/elparque\/wp-json\/wp\/v2\/product\/191322"}],"collection":[{"href":"https:\/\/desdropi.com\/elparque\/wp-json\/wp\/v2\/product"}],"about":[{"href":"https:\/\/desdropi.com\/elparque\/wp-json\/wp\/v2\/types\/product"}],"replies":[{"embeddable":true,"href":"https:\/\/desdropi.com\/elparque\/wp-json\/wp\/v2\/comments?post=191322"}],"version-history":[{"count":1,"href":"https:\/\/desdropi.com\/elparque\/wp-json\/wp\/v2\/product\/191322\/revisions"}],"predecessor-version":[{"id":224579,"href":"https:\/\/desdropi.com\/elparque\/wp-json\/wp\/v2\/product\/191322\/revisions\/224579"}],"wp:featuredmedia":[{"embeddable":true,"href":"https:\/\/desdropi.com\/elparque\/wp-json\/wp\/v2\/media\/191613"}],"wp:attachment":[{"href":"https:\/\/desdropi.com\/elparque\/wp-json\/wp\/v2\/media?parent=191322"}],"wp:term":[{"taxonomy":"product_cat","embeddable":true,"href":"https:\/\/desdropi.com\/elparque\/wp-json\/wp\/v2\/product_cat?post=191322"},{"taxonomy":"product_tag","embeddable":true,"href":"https:\/\/desdropi.com\/elparque\/wp-json\/wp\/v2\/product_tag?post=191322"}],"curies":[{"name":"wp","href":"https:\/\/api.w.org\/{rel}","templated":true}]}}