{"id":191465,"date":"2023-05-03T12:25:48","date_gmt":"2023-05-03T11:25:48","guid":{"rendered":"https:\/\/desdropi.com\/elparque\/?post_type=product&#038;p=191465"},"modified":"2024-05-17T13:00:56","modified_gmt":"2024-05-17T11:00:56","slug":"jata-jeev2210","status":"publish","type":"product","link":"https:\/\/desdropi.com\/elparque\/jata-jeev2210\/","title":{"rendered":"Envasadora Jata Jeev2210"},"content":{"rendered":"<div class=\"descripcion-tab\">\n<h4>ENVASADORA JATA JEEV2210<\/h4>\n<p>La envasadora Jata JEEV2210 es un electrodom\u00e9stico que permite conservar los alimentos por m\u00e1s tiempo, evitando su deterioro y manteniendo su frescura. Este dispositivo utiliza la t\u00e9cnica de envasado al vac\u00edo para retirar el aire del envase y crear un <strong>sellado herm\u00e9tico<\/strong> que protege los alimentos de la oxidaci\u00f3n, la humedad y el crecimiento bacteriano.<\/p>\n<p>La envasadora Jata JEEV2210 es f\u00e1cil de usar, con una interfaz simple y clara que permite seleccionar el modo de envasado adecuado seg\u00fan el tipo de alimento que se va a conservar. Esta envasadora cuenta con un motor potente que puede sellar bolsas de hasta <strong>30 cm de ancho<\/strong>, lo que la hace adecuada para una variedad de alimentos, desde carnes y pescados hasta frutas y verduras.<\/p>\n<p>Adem\u00e1s, la Jata JEEV2210 viene equipada con un compartimento para rollos de bolsas, lo que le permite personalizar el tama\u00f1o del envase seg\u00fan sus necesidades. Tambi\u00e9n cuenta con un sistema de corte incorporado que permite cortar las bolsas del tama\u00f1o deseado, lo que minimiza el desperdicio de material.<\/p>\n<p>La envasadora Jata JEEV2210 es f\u00e1cil de limpiar y mantener, con una bandeja de goteo removible que captura el exceso de l\u00edquidos y facilita la limpieza. Esta envasadora es <strong>compacta y f\u00e1cil de almacenar<\/strong>, lo que la hace perfecta para cocinas peque\u00f1as o con espacio limitado.<\/p>\n<h4>Exhibici\u00f3n<\/h4>\n<ul>\n<li>Pantalla incorporada \u2192 No<\/li>\n<\/ul>\n<h4>Peso y dimensiones<\/h4>\n<ul>\n<li>Profundidad \u2192 77<\/li>\n<li>Altura \u2192 56<\/li>\n<li>Ancho \u2192 373<\/li>\n<\/ul>\n<h4>Control de energ\u00eda<\/h4>\n<ul>\n<li>Voltaje de entrada AC \u2192 230<\/li>\n<li>Potencia \u2192 90<\/li>\n<\/ul>\n<h4>Empaquetado<\/h4>\n<ul>\n<li>Profundidad del paquete \u2192 230<\/li>\n<li>Altura del paquete \u2192 245<\/li>\n<li>Ancho del paquete \u2192 460<\/li>\n<\/ul>\n<h4>Caracter\u00edsticas<\/h4>\n<ul>\n<li>Color del producto \u2192 Negro<\/li>\n<li>Vac\u00edo \u2192 600<\/li>\n<li>Volumen del recipiente para guardar alimentos al vac\u00edo \u2192 4500<\/li>\n<li>Ancho m\u00e1ximo de trabajo \u2192 30<\/li>\n<li>Tipo de control \u2192 Botones<\/li>\n<li>Doble soldadura \u2192 S\u00ed<\/li>\n<li>N\u00famero de bombas de vac\u00edo \u2192 1<\/li>\n<\/ul>\n<\/div>\n","protected":false},"excerpt":{"rendered":"<p>ENVASADORA JATA JEEV2210 La envasadora Jata JEEV2210 es un electrodom\u00e9stico que permite conservar los alimentos por m\u00e1s tiempo, evitando su<\/p>\n","protected":false},"featured_media":191469,"comment_status":"open","ping_status":"closed","template":"","meta":{"_joinchat":[]},"product_cat":[6508,825,831],"product_tag":[],"class_list":{"0":"post-191465","1":"product","2":"type-product","3":"status-publish","4":"has-post-thumbnail","6":"product_cat-envasadoras-al-vacio","7":"product_cat-pequeno-electrodomestico","8":"product_cat-accesorios-de-cocina","9":"pa_marca-jata","10":"pa_potenica-7005","12":"first","13":"instock","14":"taxable","15":"shipping-taxable","16":"purchasable","17":"product-type-simple"},"_links":{"self":[{"href":"https:\/\/desdropi.com\/elparque\/wp-json\/wp\/v2\/product\/191465"}],"collection":[{"href":"https:\/\/desdropi.com\/elparque\/wp-json\/wp\/v2\/product"}],"about":[{"href":"https:\/\/desdropi.com\/elparque\/wp-json\/wp\/v2\/types\/product"}],"replies":[{"embeddable":true,"href":"https:\/\/desdropi.com\/elparque\/wp-json\/wp\/v2\/comments?post=191465"}],"version-history":[{"count":0,"href":"https:\/\/desdropi.com\/elparque\/wp-json\/wp\/v2\/product\/191465\/revisions"}],"wp:featuredmedia":[{"embeddable":true,"href":"https:\/\/desdropi.com\/elparque\/wp-json\/wp\/v2\/media\/191469"}],"wp:attachment":[{"href":"https:\/\/desdropi.com\/elparque\/wp-json\/wp\/v2\/media?parent=191465"}],"wp:term":[{"taxonomy":"product_cat","embeddable":true,"href":"https:\/\/desdropi.com\/elparque\/wp-json\/wp\/v2\/product_cat?post=191465"},{"taxonomy":"product_tag","embeddable":true,"href":"https:\/\/desdropi.com\/elparque\/wp-json\/wp\/v2\/product_tag?post=191465"}],"curies":[{"name":"wp","href":"https:\/\/api.w.org\/{rel}","templated":true}]}}