{"id":191496,"date":"2023-05-03T16:27:56","date_gmt":"2023-05-03T14:27:56","guid":{"rendered":"https:\/\/desdropi.com\/elparque\/?post_type=product&#038;p=191496"},"modified":"2024-05-17T13:00:56","modified_gmt":"2024-05-17T11:00:56","slug":"omp25143-alfa","status":"publish","type":"product","link":"https:\/\/desdropi.com\/elparque\/omp25143-alfa\/","title":{"rendered":"Bolsa Envasadora Omp25143 Alfa 15X24Cm. 50 Uni\/Bol"},"content":{"rendered":"<div class=\"descripcion-tab\">\n<h4>BOLSA ENVASADORA OMP25143 ALFA 15x24cm. 50 UNI\/BOL<\/h4>\n<p>La bolsa envasadora OMP25143 Alfa es un producto dise\u00f1ado para envasar al vac\u00edo alimentos y otros productos con el objetivo de prolongar su vida \u00fatil y mantener su frescura y sabor original por m\u00e1s tiempo. Est\u00e1 fabricada con materiales de alta calidad que garantizan la hermeticidad y resistencia al rasgado.<\/p>\n<p>Cada bolsa envasadora OMP25143 Alfa tiene una medida de <strong>15x24cm<\/strong> y se vende en paquetes de<strong> 50 unidades por bolsa<\/strong>. Esta medida es ideal para envasar alimentos peque\u00f1os o medianos, como carnes, pescados, frutas y verduras.<\/p>\n<p>Las bolsas envasadoras OMP25143 Alfa son compatibles con la mayor\u00eda de las envasadoras al vac\u00edo del mercado y presentan un <strong>sistema de cierre herm\u00e9tico<\/strong> que permite mantener el vac\u00edo durante un largo per\u00edodo de tiempo. Adem\u00e1s, son <strong>reutilizables y se pueden limpiar f\u00e1cilmente<\/strong>, lo que las hace una opci\u00f3n econ\u00f3mica y amigable con el medio ambiente.<\/p>\n<h4>Peso y dimensiones<\/h4>\n<ul>\n<li>Ancho \u2192 15<\/li>\n<li>Profundidad \u2192 24<\/li>\n<\/ul>\n<h4>Caracter\u00edsticas<\/h4>\n<ul>\n<li>Tipo \u2192 Bolsa para envasadora al vac\u00edo<\/li>\n<li>Cantidad \u2192 50<\/li>\n<\/ul>\n<\/div>\n","protected":false},"excerpt":{"rendered":"<p>BOLSA ENVASADORA OMP25143 ALFA 15x24cm. 50 UNI\/BOL La bolsa envasadora OMP25143 Alfa es un producto dise\u00f1ado para envasar al vac\u00edo<\/p>\n","protected":false},"featured_media":191498,"comment_status":"open","ping_status":"closed","template":"","meta":{"_joinchat":[]},"product_cat":[6509,6508,825,831],"product_tag":[],"class_list":{"0":"post-191496","1":"product","2":"type-product","3":"status-publish","4":"has-post-thumbnail","6":"product_cat-repuestos-envasadoras-al-vacio","7":"product_cat-envasadoras-al-vacio","8":"product_cat-pequeno-electrodomestico","9":"product_cat-accesorios-de-cocina","10":"pa_marca-alfa","12":"first","13":"instock","14":"taxable","15":"shipping-taxable","16":"purchasable","17":"product-type-simple"},"_links":{"self":[{"href":"https:\/\/desdropi.com\/elparque\/wp-json\/wp\/v2\/product\/191496"}],"collection":[{"href":"https:\/\/desdropi.com\/elparque\/wp-json\/wp\/v2\/product"}],"about":[{"href":"https:\/\/desdropi.com\/elparque\/wp-json\/wp\/v2\/types\/product"}],"replies":[{"embeddable":true,"href":"https:\/\/desdropi.com\/elparque\/wp-json\/wp\/v2\/comments?post=191496"}],"version-history":[{"count":0,"href":"https:\/\/desdropi.com\/elparque\/wp-json\/wp\/v2\/product\/191496\/revisions"}],"wp:featuredmedia":[{"embeddable":true,"href":"https:\/\/desdropi.com\/elparque\/wp-json\/wp\/v2\/media\/191498"}],"wp:attachment":[{"href":"https:\/\/desdropi.com\/elparque\/wp-json\/wp\/v2\/media?parent=191496"}],"wp:term":[{"taxonomy":"product_cat","embeddable":true,"href":"https:\/\/desdropi.com\/elparque\/wp-json\/wp\/v2\/product_cat?post=191496"},{"taxonomy":"product_tag","embeddable":true,"href":"https:\/\/desdropi.com\/elparque\/wp-json\/wp\/v2\/product_tag?post=191496"}],"curies":[{"name":"wp","href":"https:\/\/api.w.org\/{rel}","templated":true}]}}