{"id":191500,"date":"2023-05-03T16:36:17","date_gmt":"2023-05-03T14:36:17","guid":{"rendered":"https:\/\/desdropi.com\/elparque\/?post_type=product&#038;p=191500"},"modified":"2024-05-17T13:00:56","modified_gmt":"2024-05-17T11:00:56","slug":"bolsa-laica-vt3500","status":"publish","type":"product","link":"https:\/\/desdropi.com\/elparque\/bolsa-laica-vt3500\/","title":{"rendered":"Bolsa Envasadora Laica Vt3500 50Ud 28X36Cm"},"content":{"rendered":"<div class=\"descripcion-tab\">\n<h4>BOLSA ENVASADORA LAICA VT3500 50UD 28x36CM<\/h4>\n<p>La bolsa envasadora Laica VT3500 es un producto dise\u00f1ado para envasar al vac\u00edo alimentos y otros productos con el objetivo de prolongar su vida \u00fatil y mantener su frescura y sabor original por m\u00e1s tiempo. Est\u00e1 <strong>fabricada con materiales de alta calidad<\/strong> que garantizan la hermeticidad y resistencia al rasgado.<\/p>\n<p>Cada bolsa envasadora Laica VT3500 tiene una medida de <strong>28x36cm<\/strong> y se vende en paquetes de <strong>50 unidades por bolsa<\/strong>. Esta medida es ideal para envasar alimentos grandes o para guardar varios alimentos al mismo tiempo.<\/p>\n<p>Las bolsas envasadoras Laica VT3500 son compatibles con la mayor\u00eda de las envasadoras al vac\u00edo del mercado y presentan un sistema de cierre herm\u00e9tico que permite mantener el vac\u00edo durante un largo per\u00edodo de tiempo. Adem\u00e1s, son reutilizables y se pueden limpiar f\u00e1cilmente, lo que las hace una opci\u00f3n econ\u00f3mica y amigable con el medio ambiente.<\/p>\n<p>Estas bolsas son ideales para almacenar carnes, pescados, frutas, verduras, y otros alimentos en grandes cantidades. Adem\u00e1s, gracias a su gran tama\u00f1o, pueden ser utilizadas para envasar alimentos preparados y platos ya cocidos.<\/p>\n<h4>Peso y dimensiones<\/h4>\n<ul>\n<li>Ancho \u2192 280<\/li>\n<li>Profundidad \u2192 360<\/li>\n<\/ul>\n<h4>Caracter\u00edsticas<\/h4>\n<ul>\n<li>Tipo \u2192 Bolsa para envasadora al vac\u00edo<\/li>\n<li>Cantidad \u2192 50<\/li>\n<\/ul>\n<\/div>\n","protected":false},"excerpt":{"rendered":"<p>BOLSA ENVASADORA LAICA VT3500 50UD 28x36CM La bolsa envasadora Laica VT3500 es un producto dise\u00f1ado para envasar al vac\u00edo alimentos<\/p>\n","protected":false},"featured_media":191501,"comment_status":"open","ping_status":"closed","template":"","meta":{"_joinchat":[]},"product_cat":[6509,6508,825,831],"product_tag":[],"class_list":{"0":"post-191500","1":"product","2":"type-product","3":"status-publish","4":"has-post-thumbnail","6":"product_cat-repuestos-envasadoras-al-vacio","7":"product_cat-envasadoras-al-vacio","8":"product_cat-pequeno-electrodomestico","9":"product_cat-accesorios-de-cocina","10":"pa_marca-laica","12":"first","13":"instock","14":"taxable","15":"shipping-taxable","16":"purchasable","17":"product-type-simple"},"_links":{"self":[{"href":"https:\/\/desdropi.com\/elparque\/wp-json\/wp\/v2\/product\/191500"}],"collection":[{"href":"https:\/\/desdropi.com\/elparque\/wp-json\/wp\/v2\/product"}],"about":[{"href":"https:\/\/desdropi.com\/elparque\/wp-json\/wp\/v2\/types\/product"}],"replies":[{"embeddable":true,"href":"https:\/\/desdropi.com\/elparque\/wp-json\/wp\/v2\/comments?post=191500"}],"version-history":[{"count":0,"href":"https:\/\/desdropi.com\/elparque\/wp-json\/wp\/v2\/product\/191500\/revisions"}],"wp:featuredmedia":[{"embeddable":true,"href":"https:\/\/desdropi.com\/elparque\/wp-json\/wp\/v2\/media\/191501"}],"wp:attachment":[{"href":"https:\/\/desdropi.com\/elparque\/wp-json\/wp\/v2\/media?parent=191500"}],"wp:term":[{"taxonomy":"product_cat","embeddable":true,"href":"https:\/\/desdropi.com\/elparque\/wp-json\/wp\/v2\/product_cat?post=191500"},{"taxonomy":"product_tag","embeddable":true,"href":"https:\/\/desdropi.com\/elparque\/wp-json\/wp\/v2\/product_tag?post=191500"}],"curies":[{"name":"wp","href":"https:\/\/api.w.org\/{rel}","templated":true}]}}