{"id":191778,"date":"2023-05-04T12:25:15","date_gmt":"2023-05-04T10:25:15","guid":{"rendered":"https:\/\/desdropi.com\/elparque\/?post_type=product&#038;p=191778"},"modified":"2024-05-17T13:00:59","modified_gmt":"2024-05-17T11:00:59","slug":"recambio-mostrap-cmb9x3","status":"publish","type":"product","link":"https:\/\/desdropi.com\/elparque\/recambio-mostrap-cmb9x3\/","title":{"rendered":"Recambio Matamosquitos Mostrap Cmb9X3 Pack 3"},"content":{"rendered":"<div class=\"descripcion-tab\">\n<h4>RECAMBIO MATAMOSQUITOS MOSTRAP CMB9x3 PACK 3<\/h4>\n<p>El recambio para matamosquitos Mostrap CMB9x3 Pack 3 es un conjunto de repuestos dise\u00f1ados para el dispositivo Mostrap CMB9x3, que es un matamosquitos el\u00e9ctrico que utiliza luz ultravioleta para atraer y eliminar mosquitos y otros insectos voladores.<\/p>\n<p>Este pack de recambios contiene tres unidades de l\u00e1mparas ultravioleta y tres unidades de bandejas para recoger los restos de insectos, para que puedas cambiarlos f\u00e1cilmente en tu dispositivo Mostrap CMB9x3 y seguir utiliz\u00e1ndolo de manera efectiva.<\/p>\n<p>Los recambios para matamosquitos Mostrap CMB9x3 Pack 3 son f\u00e1ciles de instalar y reemplazar, y aseguran un rendimiento \u00f3ptimo de tu dispositivo Mostrap CMB9x3. Adem\u00e1s, no emiten productos qu\u00edmicos ni olores desagradables, por lo que son una soluci\u00f3n segura y eficaz para controlar los mosquitos y otros insectos voladores en espacios cerrados como hogares, oficinas o comercios.<\/p>\n<p>Si ya tienes un matamosquitos Mostrap CMB9x3, este pack de recambios es una opci\u00f3n pr\u00e1ctica y econ\u00f3mica para asegurar su funcionamiento continuo. Por otro lado, si est\u00e1s pensando en adquirir un matamosquitos el\u00e9ctrico, el Mostrap CMB9x3 junto con sus recambios son una soluci\u00f3n efectiva y duradera para combatir los mosquitos y otros insectos voladores.<\/p>\n<h4>Caracter\u00edsticas<\/h4>\n<ul>\n<li>Color del producto \u2192 Blanco<\/li>\n<li>Compatibilidad \u2192 &#8220;Bio Tech&#8221; cartridge valid for MIB9V and MIB9N models.<\/li>\n<\/ul>\n<h4>Datos log\u00edsticos<\/h4>\n<p>Cantidad por caja de env\u00edo \u2192 3<\/p>\n<p>Cantidad por caja \u2192 1<\/p>\n<\/div>\n","protected":false},"excerpt":{"rendered":"<p>RECAMBIO MATAMOSQUITOS MOSTRAP CMB9x3 PACK 3 El recambio para matamosquitos Mostrap CMB9x3 Pack 3 es un conjunto de repuestos dise\u00f1ados<\/p>\n","protected":false},"featured_media":191782,"comment_status":"open","ping_status":"closed","template":"","meta":{"_joinchat":[]},"product_cat":[7007,6576,3301],"product_tag":[],"class_list":{"0":"post-191778","1":"product","2":"type-product","3":"status-publish","4":"has-post-thumbnail","6":"product_cat-insecticidas","7":"product_cat-ambiente","8":"product_cat-climatizacion-y-calefaccion","9":"pa_marca-jata","11":"first","12":"instock","13":"taxable","14":"shipping-taxable","15":"purchasable","16":"product-type-simple"},"_links":{"self":[{"href":"https:\/\/desdropi.com\/elparque\/wp-json\/wp\/v2\/product\/191778"}],"collection":[{"href":"https:\/\/desdropi.com\/elparque\/wp-json\/wp\/v2\/product"}],"about":[{"href":"https:\/\/desdropi.com\/elparque\/wp-json\/wp\/v2\/types\/product"}],"replies":[{"embeddable":true,"href":"https:\/\/desdropi.com\/elparque\/wp-json\/wp\/v2\/comments?post=191778"}],"version-history":[{"count":0,"href":"https:\/\/desdropi.com\/elparque\/wp-json\/wp\/v2\/product\/191778\/revisions"}],"wp:featuredmedia":[{"embeddable":true,"href":"https:\/\/desdropi.com\/elparque\/wp-json\/wp\/v2\/media\/191782"}],"wp:attachment":[{"href":"https:\/\/desdropi.com\/elparque\/wp-json\/wp\/v2\/media?parent=191778"}],"wp:term":[{"taxonomy":"product_cat","embeddable":true,"href":"https:\/\/desdropi.com\/elparque\/wp-json\/wp\/v2\/product_cat?post=191778"},{"taxonomy":"product_tag","embeddable":true,"href":"https:\/\/desdropi.com\/elparque\/wp-json\/wp\/v2\/product_tag?post=191778"}],"curies":[{"name":"wp","href":"https:\/\/api.w.org\/{rel}","templated":true}]}}