{"id":191800,"date":"2023-05-04T16:25:52","date_gmt":"2023-05-04T15:25:52","guid":{"rendered":"https:\/\/desdropi.com\/elparque\/?post_type=product&#038;p=191800"},"modified":"2025-04-13T23:40:29","modified_gmt":"2025-04-13T21:40:29","slug":"jata-meli0420","status":"publish","type":"product","link":"https:\/\/desdropi.com\/elparque\/jata-meli0420\/","title":{"rendered":"Matamosquitos Jata Meli0420"},"content":{"rendered":"<div class=\"descripcion-tab\">\n<h4>MATAMOSQUITOS JATA MELI0420<\/h4>\n<p>El Matamosquitos Jata MELI0420 es un dispositivo el\u00e9ctrico dise\u00f1ado para eliminar mosquitos y otros insectos voladores de manera efectiva y segura. Cuenta con una l\u00e1mpara UV que atrae a los mosquitos hacia la rejilla el\u00e9ctrica, donde son eliminados de manera r\u00e1pida y sin necesidad de utilizar productos qu\u00edmicos o t\u00f3xicos.<\/p>\n<p>Este matamosquitos es f\u00e1cil de usar y limpiar, ya que cuenta con una bandeja extra\u00edble para recolectar los insectos muertos y una cubierta protectora que evita que los residuos caigan al suelo. Adem\u00e1s, su dise\u00f1o compacto y ligero lo hace ideal para utilizar en cualquier espacio de la casa, incluyendo dormitorios, salas de estar, cocinas y jardines.<\/p>\n<p>El Matamosquitos Jata MELI0420 es una opci\u00f3n segura y eficaz para mantener su hogar libre de mosquitos y otros insectos molestos, garantizando un ambiente m\u00e1s saludable y confortable para usted y su familia.<\/p>\n<h4>Peso y dimensiones<\/h4>\n<ul>\n<li>Ancho \u2192 165<\/li>\n<li>Profundidad \u2192 165<\/li>\n<li>Altura \u2192 215<\/li>\n<\/ul>\n<h4>Control de energ\u00eda<\/h4>\n<ul>\n<li>Voltaje de entrada AC \u2192 110-230<\/li>\n<li>Frecuencia de entrada AC \u2192 50<\/li>\n<li>Consumo energ\u00e9tico \u2192 5<\/li>\n<li>Alimentaci\u00f3n \u2192 Corriente alterna<\/li>\n<\/ul>\n<h4>Caracter\u00edsticas<\/h4>\n<ul>\n<li>Color del producto \u2192 Negro, morado<\/li>\n<li>Tipo \u2192 Autom\u00e1tico<\/li>\n<li>Tipo de producto \u2192 Matainsectos<\/li>\n<li>Apto para uso en interior \u2192 S\u00ed<\/li>\n<li>Adecuado para uso en exteriores \u2192 S\u00ed<\/li>\n<li>Adecuado para habitaciones hasta \u2192 40<\/li>\n<li>C\u00f3digo IP (International Protection) \u2192 IPX4<\/li>\n<li>Interruptor de encendido\/apagado integrado \u2192 S\u00ed<\/li>\n<li>F\u00e1cil de limpiar \u2192 S\u00ed<\/li>\n<li>Luz integrada \u2192 S\u00ed<\/li>\n<li>Tipo de montaje \u2192 Mesa, Techo<\/li>\n<\/ul>\n<\/div>\n","protected":false},"excerpt":{"rendered":"<p>MATAMOSQUITOS JATA MELI0420 El Matamosquitos Jata MELI0420 es un dispositivo el\u00e9ctrico dise\u00f1ado para eliminar mosquitos y otros insectos voladores de<\/p>\n","protected":false},"featured_media":191801,"comment_status":"open","ping_status":"closed","template":"","meta":{"_joinchat":[]},"product_cat":[7007,6576,3301],"product_tag":[],"class_list":{"0":"post-191800","1":"product","2":"type-product","3":"status-publish","4":"has-post-thumbnail","6":"product_cat-insecticidas","7":"product_cat-ambiente","8":"product_cat-climatizacion-y-calefaccion","9":"pa_marca-jata","11":"first","12":"instock","13":"taxable","14":"shipping-taxable","15":"purchasable","16":"product-type-simple"},"_links":{"self":[{"href":"https:\/\/desdropi.com\/elparque\/wp-json\/wp\/v2\/product\/191800"}],"collection":[{"href":"https:\/\/desdropi.com\/elparque\/wp-json\/wp\/v2\/product"}],"about":[{"href":"https:\/\/desdropi.com\/elparque\/wp-json\/wp\/v2\/types\/product"}],"replies":[{"embeddable":true,"href":"https:\/\/desdropi.com\/elparque\/wp-json\/wp\/v2\/comments?post=191800"}],"version-history":[{"count":1,"href":"https:\/\/desdropi.com\/elparque\/wp-json\/wp\/v2\/product\/191800\/revisions"}],"predecessor-version":[{"id":224719,"href":"https:\/\/desdropi.com\/elparque\/wp-json\/wp\/v2\/product\/191800\/revisions\/224719"}],"wp:featuredmedia":[{"embeddable":true,"href":"https:\/\/desdropi.com\/elparque\/wp-json\/wp\/v2\/media\/191801"}],"wp:attachment":[{"href":"https:\/\/desdropi.com\/elparque\/wp-json\/wp\/v2\/media?parent=191800"}],"wp:term":[{"taxonomy":"product_cat","embeddable":true,"href":"https:\/\/desdropi.com\/elparque\/wp-json\/wp\/v2\/product_cat?post=191800"},{"taxonomy":"product_tag","embeddable":true,"href":"https:\/\/desdropi.com\/elparque\/wp-json\/wp\/v2\/product_tag?post=191800"}],"curies":[{"name":"wp","href":"https:\/\/api.w.org\/{rel}","templated":true}]}}