{"id":191813,"date":"2023-05-04T18:12:20","date_gmt":"2023-05-04T16:12:20","guid":{"rendered":"https:\/\/desdropi.com\/elparque\/?post_type=product&#038;p=191813"},"modified":"2024-05-17T13:00:59","modified_gmt":"2024-05-17T11:00:59","slug":"mostrap-cmt8x3","status":"publish","type":"product","link":"https:\/\/desdropi.com\/elparque\/mostrap-cmt8x3\/","title":{"rendered":"Recambio Matamosquitos Mostrap Cmt8X3 Pack 3"},"content":{"rendered":"<div class=\"descripcion-tab\">\n<h4>RECAMBIO MATAMOSQUITOS MOSTRAP CMT8x3 PACK 3<\/h4>\n<p>El recambio para matamosquitos Mostrap CMT8x3 es un pack de <strong>tres l\u00e1minas adhesivas dise\u00f1adas para ser utilizadas en el matamosquitos<\/strong> Mostrap CMT8x3. Estas l\u00e1minas est\u00e1n especialmente formuladas para atrapar y eliminar mosquitos y otros insectos voladores molestos.<\/p>\n<p>El recambio Mostrap CMT8x3 es <strong>f\u00e1cil de instalar y reemplazar en el matamosquitos<\/strong>. Las l\u00e1minas adhesivas est\u00e1n recubiertas con una sustancia atrayente que atrae a los mosquitos y otros insectos voladores hacia la superficie adhesiva, donde quedan atrapados y mueren.<\/p>\n<p>Cada l\u00e1mina tiene una <strong>duraci\u00f3n aproximada de cuatro semanas<\/strong>, dependiendo del nivel de infestaci\u00f3n de mosquitos y la frecuencia de uso del matamosquitos. Una vez que la l\u00e1mina est\u00e1 completamente cubierta de insectos, se debe retirar y reemplazar por una nueva l\u00e1mina del recambio Mostrap CMT8x3.<\/p>\n<\/div>\n","protected":false},"excerpt":{"rendered":"<p>RECAMBIO MATAMOSQUITOS MOSTRAP CMT8x3 PACK 3 El recambio para matamosquitos Mostrap CMT8x3 es un pack de tres l\u00e1minas adhesivas dise\u00f1adas<\/p>\n","protected":false},"featured_media":191823,"comment_status":"open","ping_status":"closed","template":"","meta":{"_joinchat":[]},"product_cat":[7007,6576,3301],"product_tag":[],"class_list":{"0":"post-191813","1":"product","2":"type-product","3":"status-publish","4":"has-post-thumbnail","6":"product_cat-insecticidas","7":"product_cat-ambiente","8":"product_cat-climatizacion-y-calefaccion","9":"pa_marca-jata","11":"first","12":"instock","13":"taxable","14":"shipping-taxable","15":"purchasable","16":"product-type-simple"},"_links":{"self":[{"href":"https:\/\/desdropi.com\/elparque\/wp-json\/wp\/v2\/product\/191813"}],"collection":[{"href":"https:\/\/desdropi.com\/elparque\/wp-json\/wp\/v2\/product"}],"about":[{"href":"https:\/\/desdropi.com\/elparque\/wp-json\/wp\/v2\/types\/product"}],"replies":[{"embeddable":true,"href":"https:\/\/desdropi.com\/elparque\/wp-json\/wp\/v2\/comments?post=191813"}],"version-history":[{"count":0,"href":"https:\/\/desdropi.com\/elparque\/wp-json\/wp\/v2\/product\/191813\/revisions"}],"wp:featuredmedia":[{"embeddable":true,"href":"https:\/\/desdropi.com\/elparque\/wp-json\/wp\/v2\/media\/191823"}],"wp:attachment":[{"href":"https:\/\/desdropi.com\/elparque\/wp-json\/wp\/v2\/media?parent=191813"}],"wp:term":[{"taxonomy":"product_cat","embeddable":true,"href":"https:\/\/desdropi.com\/elparque\/wp-json\/wp\/v2\/product_cat?post=191813"},{"taxonomy":"product_tag","embeddable":true,"href":"https:\/\/desdropi.com\/elparque\/wp-json\/wp\/v2\/product_tag?post=191813"}],"curies":[{"name":"wp","href":"https:\/\/api.w.org\/{rel}","templated":true}]}}