{"id":193103,"date":"2023-05-09T22:24:03","date_gmt":"2023-05-09T21:24:03","guid":{"rendered":"https:\/\/desdropi.com\/elparque\/irrigador-dental-mxonda-mxhd2424\/"},"modified":"2025-04-13T20:18:04","modified_gmt":"2025-04-13T18:18:04","slug":"irrigador-dental-mxonda-mxhd2424","status":"publish","type":"product","link":"https:\/\/desdropi.com\/elparque\/irrigador-dental-mxonda-mxhd2424\/","title":{"rendered":"Irrigador Dental Mxonda Mxhd2424"},"content":{"rendered":"<div class=\"descripcion-tab\">\n<h4>IRRIGADOR MXONDA MXHD2424<\/h4>\n<p>El irrigador MXONDA MXHD2424 es un dispositivo de higiene dental que utiliza agua para limpiar profundamente los espacios entre los dientes y las enc\u00edas. Este irrigador oral cuenta con un <strong>dise\u00f1o compacto y ergon\u00f3mico<\/strong> que lo hace f\u00e1cil de usar en casa o mientras viaja.<\/p>\n<p>Este irrigador MXONDA cuenta con un tanque de agua de <strong>200 ml<\/strong>, lo que permite aproximadamente <strong>50 segundos de uso continuo<\/strong>. Tambi\u00e9n viene con una <strong>variedad de configuraciones<\/strong> de presi\u00f3n de agua que se pueden ajustar para adaptarse a las necesidades individuales de cada usuario.<\/p>\n<p>El irrigador MXONDA MXHD2424 tiene un sistema de <strong>limpieza de 360 grados<\/strong> que permite una limpieza profunda y completa de la boca. Adem\u00e1s, cuenta con un dise\u00f1o resistente al agua y un sistema de apagado autom\u00e1tico para mayor seguridad y comodidad.<\/p>\n<p>Este irrigador dental es <strong>f\u00e1cil de usar y limpiar<\/strong>, lo que lo hace ideal para aquellos que buscan una soluci\u00f3n de higiene dental conveniente y efectiva.<\/p>\n<h4>Peso y dimensiones<\/h4>\n<ul>\n<li>Peso \u2192 1,16 kg<\/li>\n<li>Ancho \u2192 141<\/li>\n<li>Profundidad \u2192 140<\/li>\n<li>Altura \u2192 210<\/li>\n<\/ul>\n<h4>Control de energ\u00eda<\/h4>\n<ul>\n<li>Fuente de energ\u00eda \u2192 Corriente alterna<\/li>\n<\/ul>\n<h4>Detalles t\u00e9cnicos<\/h4>\n<ul>\n<li>Flujo de agua ajustable \u2192 S\u00ed<\/li>\n<li>Capacidad de reservorio de agua \u2192 0,6<\/li>\n<li>N\u00famero de niveles de potencia \u2192 10<\/li>\n<li>Color del producto \u2192 Blanco, Azul<\/li>\n<li>Reservorio de agua extraible \u2192 S\u00ed<\/li>\n<li>Utilizar con \u2192 Adulto<\/li>\n<\/ul>\n<h4>Empaquetado<\/h4>\n<ul>\n<li>N\u00famero de cabezales \u2192 9<\/li>\n<\/ul>\n<\/div>\n","protected":false},"excerpt":{"rendered":"<p>IRRIGADOR MXONDA MXHD2424 El irrigador MXONDA MXHD2424 es un dispositivo de higiene dental que utiliza agua para limpiar profundamente los<\/p>\n","protected":false},"featured_media":193104,"comment_status":"open","ping_status":"closed","template":"","meta":{"_joinchat":[]},"product_cat":[7016,7015,825,6097],"product_tag":[],"class_list":{"0":"post-193103","1":"product","2":"type-product","3":"status-publish","4":"has-post-thumbnail","6":"product_cat-dentales-higiene-y-salud-cuidado-personal","7":"product_cat-higiene-y-salud-cuidado-personal","8":"product_cat-pequeno-electrodomestico","9":"product_cat-cuidado-personal","10":"pa_marca-mx-onda","12":"first","13":"instock","14":"taxable","15":"shipping-taxable","16":"purchasable","17":"product-type-simple"},"_links":{"self":[{"href":"https:\/\/desdropi.com\/elparque\/wp-json\/wp\/v2\/product\/193103"}],"collection":[{"href":"https:\/\/desdropi.com\/elparque\/wp-json\/wp\/v2\/product"}],"about":[{"href":"https:\/\/desdropi.com\/elparque\/wp-json\/wp\/v2\/types\/product"}],"replies":[{"embeddable":true,"href":"https:\/\/desdropi.com\/elparque\/wp-json\/wp\/v2\/comments?post=193103"}],"version-history":[{"count":1,"href":"https:\/\/desdropi.com\/elparque\/wp-json\/wp\/v2\/product\/193103\/revisions"}],"predecessor-version":[{"id":224492,"href":"https:\/\/desdropi.com\/elparque\/wp-json\/wp\/v2\/product\/193103\/revisions\/224492"}],"wp:featuredmedia":[{"embeddable":true,"href":"https:\/\/desdropi.com\/elparque\/wp-json\/wp\/v2\/media\/193104"}],"wp:attachment":[{"href":"https:\/\/desdropi.com\/elparque\/wp-json\/wp\/v2\/media?parent=193103"}],"wp:term":[{"taxonomy":"product_cat","embeddable":true,"href":"https:\/\/desdropi.com\/elparque\/wp-json\/wp\/v2\/product_cat?post=193103"},{"taxonomy":"product_tag","embeddable":true,"href":"https:\/\/desdropi.com\/elparque\/wp-json\/wp\/v2\/product_tag?post=193103"}],"curies":[{"name":"wp","href":"https:\/\/api.w.org\/{rel}","templated":true}]}}