{"id":193616,"date":"2023-05-11T08:30:41","date_gmt":"2023-05-11T07:30:41","guid":{"rendered":"https:\/\/desdropi.com\/elparque\/?post_type=product&#038;p=193616"},"modified":"2024-05-17T13:01:00","modified_gmt":"2024-05-17T11:01:00","slug":"licuadora-moulinex-ju550d10-800w-inox","status":"publish","type":"product","link":"https:\/\/desdropi.com\/elparque\/licuadora-moulinex-ju550d10-800w-inox\/","title":{"rendered":"Licuadora Moulinex Ju550D10 800W Inox"},"content":{"rendered":"<div class=\"descripcion-tab\">\n<h4><strong>LICUADORA MOULINEX JU550D10 800W INOX<\/strong><\/h4>\n<p>La licuadora Moulinex JU550D10 es un electrodom\u00e9stico de alta calidad dise\u00f1ado para hacer que la preparaci\u00f3n de jugos y batidos sea m\u00e1s <strong>f\u00e1cil y r\u00e1pida<\/strong>. Con una potencia de <strong>800W<\/strong>, esta licuadora es capaz de triturar f\u00e1cilmente frutas y verduras duras, as\u00ed como de hacer hielo picado.<\/p>\n<p>El cuerpo de la licuadora est\u00e1 hecho de acero inoxidable, lo que le da una apariencia elegante y moderna, as\u00ed como durabilidad y resistencia a la corrosi\u00f3n. Cuenta con un vaso de vidrio de<strong> 1,25 litros<\/strong> que es resistente al calor y f\u00e1cil de limpiar.<\/p>\n<p>La licuadora Moulinex JU550D10 tambi\u00e9n tiene una funci\u00f3n de velocidad variable que le <strong>permite ajustar la velocidad<\/strong> de la licuadora para adaptarse a diferentes tipos de alimentos. Adem\u00e1s, cuenta con una funci\u00f3n de pulso que le permite triturar r\u00e1pidamente los ingredientes y obtener resultados m\u00e1s homog\u00e9neos.<\/p>\n<h4>Control de energ\u00eda<\/h4>\n<ul>\n<li>Potencia (W) \u2192 800<\/li>\n<\/ul>\n<h4>Empaquetado<\/h4>\n<ul>\n<li>Cepillo de limpieza \u2192 S\u00ed<\/li>\n<\/ul>\n<h4>Material<\/h4>\n<ul>\n<li>Material de la carcasa \u2192 De pl\u00e1stico, Acero inoxidable<\/li>\n<li>Material del filtro \u2192 Acero inoxidable<\/li>\n<\/ul>\n<h4>Caracter\u00edsticas<\/h4>\n<ul>\n<li>Tipo de producto \u2192 Licuadora centr\u00edfuga<\/li>\n<li>Color del producto \u2192 Negro, Acero inoxidable<\/li>\n<li>N\u00famero de velocidades \u2192 2<\/li>\n<li>Velocidad variable \u2192 S\u00ed<\/li>\n<li>Contenedor de jugo \u2192 S\u00ed<\/li>\n<li>Contenedor de zumo \u2192 2<\/li>\n<li>Base antideslizante \u2192 S\u00ed<\/li>\n<li>Interruptores de Seguridad \u2192 S\u00ed<\/li>\n<li>Partes de platos a prueba de agua \u2192 S\u00ed<\/li>\n<li>Pulp container \u2192 S\u00ed<\/li>\n<li>Capacidad del taz\u00f3n \u2192 0,8<\/li>\n<li>Entrada de fruta extra gruesa \u2192 7,5<\/li>\n<li>Capacidad del contenedor de pulpa \u2192 1,4<\/li>\n<li>Tipo de control \u2192 Giratorio<\/li>\n<\/ul>\n<\/div>\n","protected":false},"excerpt":{"rendered":"<p>LICUADORA MOULINEX JU550D10 800W INOX La licuadora Moulinex JU550D10 es un electrodom\u00e9stico de alta calidad dise\u00f1ado para hacer que la<\/p>\n","protected":false},"featured_media":193632,"comment_status":"open","ping_status":"closed","template":"","meta":{"_joinchat":[]},"product_cat":[842,825,831],"product_tag":[],"class_list":{"0":"post-193616","1":"product","2":"type-product","3":"status-publish","4":"has-post-thumbnail","6":"product_cat-licuadoras","7":"product_cat-pequeno-electrodomestico","8":"product_cat-accesorios-de-cocina","9":"pa_marca-moulinex","10":"pa_potenica-800w","12":"first","13":"instock","14":"taxable","15":"shipping-taxable","16":"purchasable","17":"product-type-simple"},"_links":{"self":[{"href":"https:\/\/desdropi.com\/elparque\/wp-json\/wp\/v2\/product\/193616"}],"collection":[{"href":"https:\/\/desdropi.com\/elparque\/wp-json\/wp\/v2\/product"}],"about":[{"href":"https:\/\/desdropi.com\/elparque\/wp-json\/wp\/v2\/types\/product"}],"replies":[{"embeddable":true,"href":"https:\/\/desdropi.com\/elparque\/wp-json\/wp\/v2\/comments?post=193616"}],"version-history":[{"count":0,"href":"https:\/\/desdropi.com\/elparque\/wp-json\/wp\/v2\/product\/193616\/revisions"}],"wp:featuredmedia":[{"embeddable":true,"href":"https:\/\/desdropi.com\/elparque\/wp-json\/wp\/v2\/media\/193632"}],"wp:attachment":[{"href":"https:\/\/desdropi.com\/elparque\/wp-json\/wp\/v2\/media?parent=193616"}],"wp:term":[{"taxonomy":"product_cat","embeddable":true,"href":"https:\/\/desdropi.com\/elparque\/wp-json\/wp\/v2\/product_cat?post=193616"},{"taxonomy":"product_tag","embeddable":true,"href":"https:\/\/desdropi.com\/elparque\/wp-json\/wp\/v2\/product_tag?post=193616"}],"curies":[{"name":"wp","href":"https:\/\/api.w.org\/{rel}","templated":true}]}}