{"id":193647,"date":"2023-05-11T08:55:50","date_gmt":"2023-05-11T07:55:50","guid":{"rendered":"https:\/\/desdropi.com\/elparque\/?post_type=product&#038;p=193647"},"modified":"2024-05-17T13:01:01","modified_gmt":"2024-05-17T11:01:01","slug":"licuadora-magefesa-mgf3570-tonico-600w-bca","status":"publish","type":"product","link":"https:\/\/desdropi.com\/elparque\/licuadora-magefesa-mgf3570-tonico-600w-bca\/","title":{"rendered":"Licuadora Magefesa Mgf3570 Tonico 600W Bca"},"content":{"rendered":"<div class=\"descripcion-tab\">\n<h4><strong>LICUADORA MAGEFESA MGF3570 TONICO 600W BCA<\/strong><\/h4>\n<p>La licuadora Magefesa MGF3570 T\u00f3nico es un electrodom\u00e9stico de alta calidad dise\u00f1ado para hacer que la preparaci\u00f3n de jugos y batidos sea m\u00e1s <strong>f\u00e1cil y r\u00e1pida<\/strong>. Con una potencia de <strong>600W<\/strong>, esta licuadora es capaz de triturar f\u00e1cilmente frutas y verduras duras, as\u00ed como de hacer hielo picado.<\/p>\n<p>La licuadora tiene un dise\u00f1o moderno en color negro, lo que la hace una buena opci\u00f3n para cualquier tipo de cocina. Cuenta con un vaso de pl\u00e1stico de <strong>1,5 litros<\/strong> que es resistente a los golpes y f\u00e1cil de limpiar.<\/p>\n<p>La licuadora Magefesa MGF3570 T\u00f3nico tambi\u00e9n tiene una funci\u00f3n de velocidad variable que le <strong>permite ajustar la velocidad<\/strong> de la licuadora para adaptarse a diferentes tipos de alimentos. Adem\u00e1s, cuenta con una funci\u00f3n de pulso que le permite triturar r\u00e1pidamente los ingredientes y obtener resultados m\u00e1s homog\u00e9neos.<\/p>\n<p>Esta licuadora tambi\u00e9n incluye una tapa con un orificio de alimentaci\u00f3n para agregar f\u00e1cilmente ingredientes mientras la licuadora est\u00e1 en uso. Adem\u00e1s, cuenta con un <strong>sistema de seguridad que evita que la licuadora funcione si la tapa no est\u00e1 correctamente colocada.<\/strong><\/p>\n<h4>Control de energ\u00eda<\/h4>\n<ul>\n<li>Potencia (W) \u2192 600<\/li>\n<\/ul>\n<h4>Material<\/h4>\n<ul>\n<li>Materiales \u2192 De pl\u00e1stico, Acero inoxidable<\/li>\n<\/ul>\n<h4>Caracter\u00edsticas<\/h4>\n<ul>\n<li>Base antideslizante \u2192 S\u00ed<\/li>\n<li>Tipo de producto \u2192 Licuadora centr\u00edfuga<\/li>\n<li>Color del producto \u2192 Blanco<\/li>\n<li>N\u00famero de velocidades \u2192 1<\/li>\n<li>Pulp containerS\u00ed<\/li>\n<li>Contenedor de jugo \u2192 S\u00ed<\/li>\n<li>Funci\u00f3n de impulso \u2192 S\u00ed<\/li>\n<li>Recipiente para pulpa extra\u00edble \u2192 S\u00ed<\/li>\n<\/ul>\n<\/div>\n","protected":false},"excerpt":{"rendered":"<p>LICUADORA MAGEFESA MGF3570 TONICO 600W BCA La licuadora Magefesa MGF3570 T\u00f3nico es un electrodom\u00e9stico de alta calidad dise\u00f1ado para hacer<\/p>\n","protected":false},"featured_media":193650,"comment_status":"open","ping_status":"closed","template":"","meta":{"_joinchat":[]},"product_cat":[842,825,831],"product_tag":[],"class_list":{"0":"post-193647","1":"product","2":"type-product","3":"status-publish","4":"has-post-thumbnail","6":"product_cat-licuadoras","7":"product_cat-pequeno-electrodomestico","8":"product_cat-accesorios-de-cocina","9":"pa_marca-magefesa","10":"pa_potenica-600w","12":"first","13":"instock","14":"taxable","15":"shipping-taxable","16":"purchasable","17":"product-type-simple"},"_links":{"self":[{"href":"https:\/\/desdropi.com\/elparque\/wp-json\/wp\/v2\/product\/193647"}],"collection":[{"href":"https:\/\/desdropi.com\/elparque\/wp-json\/wp\/v2\/product"}],"about":[{"href":"https:\/\/desdropi.com\/elparque\/wp-json\/wp\/v2\/types\/product"}],"replies":[{"embeddable":true,"href":"https:\/\/desdropi.com\/elparque\/wp-json\/wp\/v2\/comments?post=193647"}],"version-history":[{"count":0,"href":"https:\/\/desdropi.com\/elparque\/wp-json\/wp\/v2\/product\/193647\/revisions"}],"wp:featuredmedia":[{"embeddable":true,"href":"https:\/\/desdropi.com\/elparque\/wp-json\/wp\/v2\/media\/193650"}],"wp:attachment":[{"href":"https:\/\/desdropi.com\/elparque\/wp-json\/wp\/v2\/media?parent=193647"}],"wp:term":[{"taxonomy":"product_cat","embeddable":true,"href":"https:\/\/desdropi.com\/elparque\/wp-json\/wp\/v2\/product_cat?post=193647"},{"taxonomy":"product_tag","embeddable":true,"href":"https:\/\/desdropi.com\/elparque\/wp-json\/wp\/v2\/product_tag?post=193647"}],"curies":[{"name":"wp","href":"https:\/\/api.w.org\/{rel}","templated":true}]}}