{"id":193952,"date":"2023-05-11T22:56:02","date_gmt":"2023-05-11T20:56:02","guid":{"rendered":"https:\/\/desdropi.com\/elparque\/aspirador-escoba-cecotec-conga-1300-x-treme-5678\/"},"modified":"2024-05-16T17:50:56","modified_gmt":"2024-05-16T15:50:56","slug":"aspirador-escoba-cecotec-conga-1300-x-treme-5678","status":"publish","type":"product","link":"https:\/\/desdropi.com\/elparque\/aspirador-escoba-cecotec-conga-1300-x-treme-5678\/","title":{"rendered":"ASPIRADOR ESCOBA CECOTEC CONGA 1300 X-TREME 5678"},"content":{"rendered":"<div class=\"descripcion-tab\">\n<div id=\"technical-details\" class=\"css-0 egxb0x40\">\n<div class=\"css-1vrowg6\">\n<div id=\"description\" class=\"e1pizqy33 css-1gvl2s3\">\n<p><strong><span class=\"e1pizqy31 css-hga4sk\">Descripci\u00f3n<\/span><\/strong><\/p>\n<div class=\"css-k1moeq e1pizqy32\">\n<p>Aspirador vertical con motor digital Conga RockStar 1300 X-Treme. Aspirador sin cables 3 en 1: vertical, escoba y de mano. 430 W de potencia y 24 kPa. Modo autom\u00e1tico. Hasta 65 min de Autonom\u00eda.<\/p>\n<ul>\n<li>Aspirador sin cables 3 en 1: vertical, escoba y de mano, con motor digital Brushless, m\u00e1xima potencia de succi\u00f3n y dise\u00f1o 360 para eliminar el polvo de cualquier lugar. Incorpora un accesorio para fregado opcional.<\/li>\n<li>Tecnolog\u00eda Digital Brushless con un motor digital de \u00faltima generaci\u00f3n sin escobillas, para proporcionar una mayor velocidad, un menor ruido y alargar la vida \u00fatil del aspirador.<\/li>\n<li>Tecnolog\u00eda ForceSonic con una potencia m\u00e1xima de 430 W. Aspira todo tipo de suciedad y mantiene tu hogar siempre limpio maximizando sus 24 kPa de poder de succi\u00f3n.<\/li>\n<li>Se incluye el modo Turbo de forma autom\u00e1tica para alfombras. El aspirador detecta autom\u00e1ticamente las alfombras y se posiciona en modo Turbo para una limpieza exhaustiva de las mismas.<\/li>\n<li>Garantiza la m\u00e1xima eficiencia con el sistema Multiphasic System.<\/li>\n<li>Sistema Typhoon que maximiza su impresionante poder de succi\u00f3n hasta 130 aW.<\/li>\n<li>Sistema Battery con una bater\u00eda de Ion-Litio de 2500 mAh y 25.9 V que consigue una autonom\u00eda de hasta 65 minutos. Podr\u00e1s aspirar toda tu casa sin necesidad de recargarlo.<\/li>\n<li>Tres modos de funcionamiento, Eco, Diario y Turbo, para adaptar su uso a cada circunstancia. El modo Eco alarga la bater\u00eda al m\u00e1ximo con resultados impecables, el modo Diario proporciona la mejor combinaci\u00f3n entre eficiencia y potencia de succi\u00f3n, y el modo Turbo acaba con la suciedad m\u00e1s dif\u00edcil y aspira alfombras.<\/li>\n<li>Cepillo Jaliscazo, apto tanto para suelos duros como alfombras. Elimina toda la suciedad en una pasada.<\/li>\n<li>Tecnolog\u00eda 360\u00ba para llegar a todos los rincones del hogar, hasta los m\u00e1s altos. El peso recae sobre el pu\u00f1o para poder levantar el aspirador c\u00f3modamente.<\/li>\n<li>M\u00e1xima eficiencia a lo largo de toda su vida \u00fatil gracias a la tecnolog\u00eda Cyclonic System. Incorpora los \u00faltimos avances en aspiraci\u00f3n para separar las part\u00edculas por fuerza centr\u00edfuga.<\/li>\n<li>Incluye un filtro de alta eficiencia para retener un alto porcentaje de polvo y al\u00e9rgenos.<\/li>\n<li>Dep\u00f3sito de gran capacidad de 800 ml para aspirar todo el hogar.<\/li>\n<li>Nivel sonoro de tan solo 83 dB, mucho menos que ning\u00fan otro aspirador con potencia similar, para que no interrumpa ning\u00fan momento del d\u00eda.<\/li>\n<li>Dise\u00f1ado para limpiar todo tipo de superficies, tanto blandas como duras.<\/li>\n<li>Marcador LED que muestra la bater\u00eda restante y permite optimizar al m\u00e1ximo la limpieza.<\/li>\n<li>Kit de accesorios compuesto por un cepillo Jaliscazo, un soporte de pared, 2 en 1 estrecho y ancho para muebles y esquinas.<\/li>\n<li>Gracias a su ligero peso de 2,5 kg podr\u00e1s moverlo con total libertad y facilidad.<\/li>\n<\/ul>\n<\/div>\n<p>&nbsp;<\/p>\n<\/div>\n<\/div>\n<div class=\"css-1vrowg6\">\n<div id=\"composition\" class=\"e1hv9n5v2 css-ldw7pi\">\n<p><strong><span class=\"e1hv9n5v0 css-hga4sk\">Composici\u00f3n<\/span><\/strong><\/p>\n<div class=\"css-1azcdyx e1hv9n5v1\">\n<ul>\n<li>Aspirador Vertical digital<\/li>\n<li>Accesorio 2 en 1 ancho para muebles y esquinas.<\/li>\n<li>Accesorio 2 en 1 estrecho para muebles y esquinas.<\/li>\n<li>Cepillo Jaliscazo<\/li>\n<li>Soporte de pared<\/li>\n<li>Manual de instrucciones<\/li>\n<\/ul>\n<\/div>\n<\/div>\n<\/div>\n<\/div>\n<\/div>\n","protected":false},"excerpt":{"rendered":"<p>Descripci\u00f3n Aspirador vertical con motor digital Conga RockStar 1300 X-Treme. Aspirador sin cables 3 en 1: vertical, escoba y de<\/p>\n","protected":false},"featured_media":193953,"comment_status":"open","ping_status":"closed","template":"","meta":{"_joinchat":[]},"product_cat":[6513,6514,825],"product_tag":[],"class_list":{"0":"post-193952","1":"product","2":"type-product","3":"status-publish","4":"has-post-thumbnail","6":"product_cat-aspiracion-y-limpieza","7":"product_cat-aspiradores-de-escoba","8":"product_cat-pequeno-electrodomestico","9":"pa_marca-cecotec","11":"first","12":"instock","13":"taxable","14":"shipping-taxable","15":"purchasable","16":"product-type-simple"},"_links":{"self":[{"href":"https:\/\/desdropi.com\/elparque\/wp-json\/wp\/v2\/product\/193952"}],"collection":[{"href":"https:\/\/desdropi.com\/elparque\/wp-json\/wp\/v2\/product"}],"about":[{"href":"https:\/\/desdropi.com\/elparque\/wp-json\/wp\/v2\/types\/product"}],"replies":[{"embeddable":true,"href":"https:\/\/desdropi.com\/elparque\/wp-json\/wp\/v2\/comments?post=193952"}],"version-history":[{"count":0,"href":"https:\/\/desdropi.com\/elparque\/wp-json\/wp\/v2\/product\/193952\/revisions"}],"wp:featuredmedia":[{"embeddable":true,"href":"https:\/\/desdropi.com\/elparque\/wp-json\/wp\/v2\/media\/193953"}],"wp:attachment":[{"href":"https:\/\/desdropi.com\/elparque\/wp-json\/wp\/v2\/media?parent=193952"}],"wp:term":[{"taxonomy":"product_cat","embeddable":true,"href":"https:\/\/desdropi.com\/elparque\/wp-json\/wp\/v2\/product_cat?post=193952"},{"taxonomy":"product_tag","embeddable":true,"href":"https:\/\/desdropi.com\/elparque\/wp-json\/wp\/v2\/product_tag?post=193952"}],"curies":[{"name":"wp","href":"https:\/\/api.w.org\/{rel}","templated":true}]}}