{"id":194098,"date":"2023-05-15T12:12:19","date_gmt":"2023-05-15T10:12:19","guid":{"rendered":"https:\/\/desdropi.com\/elparque\/?post_type=product&#038;p=194098"},"modified":"2024-05-17T13:01:01","modified_gmt":"2024-05-17T11:01:01","slug":"funda-nuwa-switch-negra-silicona-antid2-grips","status":"publish","type":"product","link":"https:\/\/desdropi.com\/elparque\/funda-nuwa-switch-negra-silicona-antid2-grips\/","title":{"rendered":"Funda Nuwa Switch Negra Silicona Antid+2 Grips"},"content":{"rendered":"<div class=\"descripcion-tab\">\n<h4>FUNDA NUWA SWITCH NEGRA SILICONA ANTID+2 GRIPS<strong><br \/>\n<\/strong><\/h4>\n<ul>\n<li>La funda Nuwa Switch negra de silicona antiderrapante es un accesorio dise\u00f1ado espec\u00edficamente para proteger tu consola Nintendo Switch mientras la usas en modo port\u00e1til. La funda se adapta perfectamente al cuerpo de la consola y ofrece una capa adicional de protecci\u00f3n contra ara\u00f1azos, golpes y ca\u00eddas accidentales.<\/li>\n<li>La funda est\u00e1 hecha de silicona de alta calidad, lo que proporciona una sensaci\u00f3n suave y c\u00f3moda al tacto, y tambi\u00e9n es antiderrapante, lo que ayuda a evitar que la consola se deslice de las manos mientras juegas.<\/li>\n<li>Adem\u00e1s, este paquete incluye dos grips de silicona adicionales, que se colocan en los mandos Joy-Con de la consola para mejorar el agarre y la comodidad durante el juego. Estos grips son de f\u00e1cil instalaci\u00f3n y se ajustan perfectamente a los mandos Joy-Con, lo que mejora la experiencia de juego.<\/li>\n<\/ul>\n<h4><\/h4>\n<\/div>\n","protected":false},"excerpt":{"rendered":"<p>FUNDA NUWA SWITCH NEGRA SILICONA ANTID+2 GRIPS La funda Nuwa Switch negra de silicona antiderrapante es un accesorio dise\u00f1ado espec\u00edficamente<\/p>\n","protected":false},"featured_media":194099,"comment_status":"open","ping_status":"closed","template":"","meta":{"_joinchat":[]},"product_cat":[6545,6544,6536],"product_tag":[],"class_list":{"0":"post-194098","1":"product","2":"type-product","3":"status-publish","4":"has-post-thumbnail","6":"product_cat-videoconsolas","7":"product_cat-consolas-informatica-y-gaming","8":"product_cat-informatica-y-ocio","10":"first","11":"instock","12":"taxable","13":"shipping-taxable","14":"purchasable","15":"product-type-simple"},"_links":{"self":[{"href":"https:\/\/desdropi.com\/elparque\/wp-json\/wp\/v2\/product\/194098"}],"collection":[{"href":"https:\/\/desdropi.com\/elparque\/wp-json\/wp\/v2\/product"}],"about":[{"href":"https:\/\/desdropi.com\/elparque\/wp-json\/wp\/v2\/types\/product"}],"replies":[{"embeddable":true,"href":"https:\/\/desdropi.com\/elparque\/wp-json\/wp\/v2\/comments?post=194098"}],"version-history":[{"count":0,"href":"https:\/\/desdropi.com\/elparque\/wp-json\/wp\/v2\/product\/194098\/revisions"}],"wp:featuredmedia":[{"embeddable":true,"href":"https:\/\/desdropi.com\/elparque\/wp-json\/wp\/v2\/media\/194099"}],"wp:attachment":[{"href":"https:\/\/desdropi.com\/elparque\/wp-json\/wp\/v2\/media?parent=194098"}],"wp:term":[{"taxonomy":"product_cat","embeddable":true,"href":"https:\/\/desdropi.com\/elparque\/wp-json\/wp\/v2\/product_cat?post=194098"},{"taxonomy":"product_tag","embeddable":true,"href":"https:\/\/desdropi.com\/elparque\/wp-json\/wp\/v2\/product_tag?post=194098"}],"curies":[{"name":"wp","href":"https:\/\/api.w.org\/{rel}","templated":true}]}}