{"id":194267,"date":"2023-05-12T18:08:09","date_gmt":"2023-05-12T16:08:09","guid":{"rendered":"https:\/\/desdropi.com\/elparque\/?post_type=product&#038;p=194267"},"modified":"2024-05-17T13:01:02","modified_gmt":"2024-05-17T11:01:02","slug":"microfono-genesis-radium-100-gaming","status":"publish","type":"product","link":"https:\/\/desdropi.com\/elparque\/microfono-genesis-radium-100-gaming\/","title":{"rendered":"Microfono Genesis Radium 100 Gaming"},"content":{"rendered":"<div class=\"descripcion-tab\">\n<strong>Puertos e Interfaces<\/strong><\/p>\n<ul>\n<li>Tecnolog\u00eda de conectividad: Al\u00e1mbrico<\/li>\n<li>Interfaz del dispositivo: USB<\/li>\n<\/ul>\n<p><strong>Peso y dimensiones<\/strong><\/p>\n<ul>\n<li>Peso del micr\u00f3fono: 180 g<\/li>\n<\/ul>\n<p><strong>Control de energ\u00eda<\/strong><\/p>\n<ul>\n<li>Fuente de energ\u00eda: USB<\/li>\n<\/ul>\n<p><strong>Micr\u00f3fono<\/strong><\/p>\n<ul>\n<li>Tipo: Micr\u00f3fono para PC<\/li>\n<li>Sensibilidad de micr\u00f3fono: -30 dB<\/li>\n<li>Frecuencia de micr\u00f3fono: 50 &#8211; 16000 Hz<\/li>\n<li>Impedancia de salida del micr\u00f3fono: 2200 \u03a9<\/li>\n<li>Frecuencia de muestreo: 44,1 kHz<\/li>\n<li>Tipo de direcci\u00f3n de micr\u00f3fono: Omnidireccional<\/li>\n<li>Tipo de bobina de voz: Din\u00e1mico<\/li>\n<\/ul>\n<p><strong>Contenido del embalaje<\/strong><\/p>\n<ul>\n<li>N\u00famero de productos incluidos: 1<\/li>\n<\/ul>\n<p><strong>Desempe\u00f1o<\/strong><\/p>\n<ul>\n<li>Color del producto: Negro, Rojo<\/li>\n<li>Retroiluminaci\u00f3n LED: S\u00ed<\/li>\n<li>Interruptor de encendido\/apagado integrado: S\u00ed<\/li>\n<li>Longitud de cable: 1,5 m<\/li>\n<\/ul>\n<p><strong>Caracter\u00edsticas del proveedor<\/strong><\/p>\n<ul>\n<li>G\u00e9nero recomendado: Cualquier g\u00e9nero<\/li>\n<\/ul>\n<\/div>\n","protected":false},"excerpt":{"rendered":"<p>Puertos e Interfaces Tecnolog\u00eda de conectividad: Al\u00e1mbrico Interfaz del dispositivo: USB Peso y dimensiones Peso del micr\u00f3fono: 180 g Control<\/p>\n","protected":false},"featured_media":194269,"comment_status":"open","ping_status":"closed","template":"","meta":{"_joinchat":[]},"product_cat":[6536,6562,7026],"product_tag":[],"class_list":{"0":"post-194267","1":"product","2":"type-product","3":"status-publish","4":"has-post-thumbnail","6":"product_cat-informatica-y-ocio","7":"product_cat-gaming-informatica-y-gaming","8":"product_cat-microfonos","10":"first","11":"instock","12":"taxable","13":"shipping-taxable","14":"purchasable","15":"product-type-simple"},"_links":{"self":[{"href":"https:\/\/desdropi.com\/elparque\/wp-json\/wp\/v2\/product\/194267"}],"collection":[{"href":"https:\/\/desdropi.com\/elparque\/wp-json\/wp\/v2\/product"}],"about":[{"href":"https:\/\/desdropi.com\/elparque\/wp-json\/wp\/v2\/types\/product"}],"replies":[{"embeddable":true,"href":"https:\/\/desdropi.com\/elparque\/wp-json\/wp\/v2\/comments?post=194267"}],"version-history":[{"count":0,"href":"https:\/\/desdropi.com\/elparque\/wp-json\/wp\/v2\/product\/194267\/revisions"}],"wp:featuredmedia":[{"embeddable":true,"href":"https:\/\/desdropi.com\/elparque\/wp-json\/wp\/v2\/media\/194269"}],"wp:attachment":[{"href":"https:\/\/desdropi.com\/elparque\/wp-json\/wp\/v2\/media?parent=194267"}],"wp:term":[{"taxonomy":"product_cat","embeddable":true,"href":"https:\/\/desdropi.com\/elparque\/wp-json\/wp\/v2\/product_cat?post=194267"},{"taxonomy":"product_tag","embeddable":true,"href":"https:\/\/desdropi.com\/elparque\/wp-json\/wp\/v2\/product_tag?post=194267"}],"curies":[{"name":"wp","href":"https:\/\/api.w.org\/{rel}","templated":true}]}}