{"id":195025,"date":"2023-05-15T11:58:17","date_gmt":"2023-05-15T09:58:17","guid":{"rendered":"https:\/\/desdropi.com\/elparque\/?post_type=product&#038;p=195025"},"modified":"2024-05-17T13:01:03","modified_gmt":"2024-05-17T11:01:03","slug":"webcam-logitech-c270-3mp-2","status":"publish","type":"product","link":"https:\/\/desdropi.com\/elparque\/webcam-logitech-c270-3mp-2\/","title":{"rendered":"Webcam Logitech C270 3Mp"},"content":{"rendered":"<div class=\"descripcion-tab\">\n<h4>WEBCAM LOGITECH C270 3MP<\/h4>\n<h4>Software<\/h4>\n<ul>\n<li>Sistema operativo MAC soportadoMac OS X 10.10 Yosemite,Mac OS X 10.11 El Capitan,Mac OS X 10.12 Sierra<\/li>\n<\/ul>\n<h4>Contenido del embalaje<\/h4>\n<ul>\n<li>Manual de usuarioS\u00ed<\/li>\n<\/ul>\n<h4>Otras caracter\u00edsticas<\/h4>\n<ul>\n<li>Velocidad m\u00ednima del procesador1<\/li>\n<li>RAM m\u00ednima512<\/li>\n<li>Conexi\u00f3n a InternetS\u00ed<\/li>\n<\/ul>\n<h4>Dise\u00f1o<\/h4>\n<ul>\n<li>Micr\u00f3fono incorporadoS\u00ed<\/li>\n<li>InterfazUSB 2.0<\/li>\n<li>Color del productoNegro<\/li>\n<li>Flash integradoNo<\/li>\n<li>Longitud de cable1,5<\/li>\n<li>Tipo de montajeRecortar<\/li>\n<\/ul>\n<h4>Desempe\u00f1o<\/h4>\n<ul>\n<li>Megapixeles3<\/li>\n<li>M\u00e1xima resoluci\u00f3n de video1280 x 720<\/li>\n<li>Full HDNo<\/li>\n<li>Formato de v\u00eddeo soportado720p<\/li>\n<li>Rastreo de rostrosS\u00ed<\/li>\n<li>Sensor de movimientoS\u00ed<\/li>\n<li>Reducci\u00f3n de ruidoS\u00ed<\/li>\n<li>Contro PTZS\u00ed<\/li>\n<li>Funci\u00f3n de fotoS\u00ed<\/li>\n<li>Correcci\u00f3n autom\u00e1tica de la luzS\u00ed<\/li>\n<\/ul>\n<\/div>\n","protected":false},"excerpt":{"rendered":"<p>WEBCAM LOGITECH C270 3MP Software Sistema operativo MAC soportadoMac OS X 10.10 Yosemite,Mac OS X 10.11 El Capitan,Mac OS X<\/p>\n","protected":false},"featured_media":195026,"comment_status":"open","ping_status":"closed","template":"","meta":{"_joinchat":[]},"product_cat":[6901,6536,6555],"product_tag":[],"class_list":{"0":"post-195025","1":"product","2":"type-product","3":"status-publish","4":"has-post-thumbnail","6":"product_cat-accesorios-ordenadores-informatica-y-gaming","7":"product_cat-informatica-y-ocio","8":"product_cat-ordenadores-informatica-y-gaming","10":"first","11":"instock","12":"taxable","13":"shipping-taxable","14":"purchasable","15":"product-type-simple"},"_links":{"self":[{"href":"https:\/\/desdropi.com\/elparque\/wp-json\/wp\/v2\/product\/195025"}],"collection":[{"href":"https:\/\/desdropi.com\/elparque\/wp-json\/wp\/v2\/product"}],"about":[{"href":"https:\/\/desdropi.com\/elparque\/wp-json\/wp\/v2\/types\/product"}],"replies":[{"embeddable":true,"href":"https:\/\/desdropi.com\/elparque\/wp-json\/wp\/v2\/comments?post=195025"}],"version-history":[{"count":0,"href":"https:\/\/desdropi.com\/elparque\/wp-json\/wp\/v2\/product\/195025\/revisions"}],"wp:featuredmedia":[{"embeddable":true,"href":"https:\/\/desdropi.com\/elparque\/wp-json\/wp\/v2\/media\/195026"}],"wp:attachment":[{"href":"https:\/\/desdropi.com\/elparque\/wp-json\/wp\/v2\/media?parent=195025"}],"wp:term":[{"taxonomy":"product_cat","embeddable":true,"href":"https:\/\/desdropi.com\/elparque\/wp-json\/wp\/v2\/product_cat?post=195025"},{"taxonomy":"product_tag","embeddable":true,"href":"https:\/\/desdropi.com\/elparque\/wp-json\/wp\/v2\/product_tag?post=195025"}],"curies":[{"name":"wp","href":"https:\/\/api.w.org\/{rel}","templated":true}]}}