{"id":195293,"date":"2023-05-16T10:54:54","date_gmt":"2023-05-16T09:54:54","guid":{"rendered":"https:\/\/desdropi.com\/elparque\/?post_type=product&#038;p=195293"},"modified":"2024-05-17T13:01:05","modified_gmt":"2024-05-17T11:01:05","slug":"maquina-de-coser-singer-m1155-14-puntadas","status":"publish","type":"product","link":"https:\/\/desdropi.com\/elparque\/maquina-de-coser-singer-m1155-14-puntadas\/","title":{"rendered":"Maquina De Coser Singer M1155 14 Puntadas"},"content":{"rendered":"<div class=\"descripcion-tab\">\n<h4>MAQUINA DE COSER SINGER M1155 14 PUNTADAS<\/h4>\n<p>La <strong>m\u00e1quina de coser Singer M1155<\/strong> es una herramienta confiable y vers\u00e1til con <strong>14 puntadas<\/strong> que te permitir\u00e1 realizar una amplia variedad de proyectos de costura. Destaca por su facilidad de uso, con una <strong>gu\u00eda de enhebrado f\u00e1cil<\/strong> y una bobina de carga superior r\u00e1pida de reemplazar. Ofrece puntadas rectas, zigzag, el\u00e1sticas y decorativas, con ajustes de longitud y ancho de puntada. Incluye un <strong>ojal autom\u00e1tico de 4 pasos<\/strong> y un <strong>brazo libre desmontable<\/strong> para \u00e1reas dif\u00edciles de alcanzar. La construcci\u00f3n robusta garantiza estabilidad y precisi\u00f3n, y cuenta con un <strong>compartimento de almacenamiento incorporado<\/strong> para accesorios.<\/p>\n<h4>Control de energ\u00eda<\/h4>\n<ul>\n<li>Tipo de fuente de alimentaci\u00f3n \u2192 El\u00e9ctrico<\/li>\n<\/ul>\n<h4>Detalles t\u00e9cnicos<\/h4>\n<ul>\n<li>Funciones de la m\u00e1quina de coser \u2192 Costura<\/li>\n<li>tipo de ojal \u2192 Paso 4<\/li>\n<li>Brazo libre \u2192 S\u00ed<\/li>\n<li>Longitud de la puntada \u2192 Variable<\/li>\n<li>N\u00famero de puntadas \u2192 14<\/li>\n<li>Tipo de control \u2192 Botones, giratorio<\/li>\n<li>Ancho de la puntada \u2192 Variable<\/li>\n<\/ul>\n<h4>Color<\/h4>\n<ul>\n<li>Color del producto \u2192 Blanco<\/li>\n<\/ul>\n<\/div>\n","protected":false},"excerpt":{"rendered":"<p>MAQUINA DE COSER SINGER M1155 14 PUNTADAS La m\u00e1quina de coser Singer M1155 es una herramienta confiable y vers\u00e1til con<\/p>\n","protected":false},"featured_media":195300,"comment_status":"open","ping_status":"closed","template":"","meta":{"_joinchat":[]},"product_cat":[6546,6503,825],"product_tag":[],"class_list":{"0":"post-195293","1":"product","2":"type-product","3":"status-publish","4":"has-post-thumbnail","6":"product_cat-maquinas-de-coser","7":"product_cat-planchado-y-ropa","8":"product_cat-pequeno-electrodomestico","9":"pa_marca-singer","11":"first","12":"instock","13":"sale","14":"taxable","15":"shipping-taxable","16":"purchasable","17":"product-type-simple"},"_links":{"self":[{"href":"https:\/\/desdropi.com\/elparque\/wp-json\/wp\/v2\/product\/195293"}],"collection":[{"href":"https:\/\/desdropi.com\/elparque\/wp-json\/wp\/v2\/product"}],"about":[{"href":"https:\/\/desdropi.com\/elparque\/wp-json\/wp\/v2\/types\/product"}],"replies":[{"embeddable":true,"href":"https:\/\/desdropi.com\/elparque\/wp-json\/wp\/v2\/comments?post=195293"}],"version-history":[{"count":0,"href":"https:\/\/desdropi.com\/elparque\/wp-json\/wp\/v2\/product\/195293\/revisions"}],"wp:featuredmedia":[{"embeddable":true,"href":"https:\/\/desdropi.com\/elparque\/wp-json\/wp\/v2\/media\/195300"}],"wp:attachment":[{"href":"https:\/\/desdropi.com\/elparque\/wp-json\/wp\/v2\/media?parent=195293"}],"wp:term":[{"taxonomy":"product_cat","embeddable":true,"href":"https:\/\/desdropi.com\/elparque\/wp-json\/wp\/v2\/product_cat?post=195293"},{"taxonomy":"product_tag","embeddable":true,"href":"https:\/\/desdropi.com\/elparque\/wp-json\/wp\/v2\/product_tag?post=195293"}],"curies":[{"name":"wp","href":"https:\/\/api.w.org\/{rel}","templated":true}]}}