{"id":195832,"date":"2023-05-18T00:06:58","date_gmt":"2023-05-17T22:06:58","guid":{"rendered":"https:\/\/desdropi.com\/elparque\/ventilador-de-pie-cecotec-08243-energy-silence-2600-bateria\/"},"modified":"2025-04-14T09:31:04","modified_gmt":"2025-04-14T07:31:04","slug":"ventilador-de-pie-cecotec-08243-energy-silence-2600-bateria","status":"publish","type":"product","link":"https:\/\/desdropi.com\/elparque\/ventilador-de-pie-cecotec-08243-energy-silence-2600-bateria\/","title":{"rendered":"Ventilador De Pie Cecotec 08243 Energy Silence 2600Mmah Bateria 22W 13&#8243;"},"content":{"rendered":"<div class=\"descripcion-tab\">\n<h4><strong>VENTILADOR DE PIE CECOTEC 08243 ENERGY SILENCE <\/strong><\/h4>\n<h4><strong>Descripci\u00f3n<\/strong><\/h4>\n<ul>\n<li>Gran potencia de 22 W que facilita la ventilaci\u00f3n de la estancia en la que se sit\u00fae el ventilador de manera instant\u00e1nea y eficaz. Adem\u00e1s, su motor BLDC intensificar\u00e1 su potencia, su eficacia, su durabilidad y es ultrasilencioso.<\/li>\n<li>Las 13 pulgadas del ventilador, equivalentes a 33 cm, le aportan un gran di\u00e1metro que potencia la salida del flujo de aire que, junto con sus 10 aspas exteriores y 6 interiores, colaboran durante todo el proceso de ventilaci\u00f3n y permiten una distribuci\u00f3n m\u00e1s homog\u00e9nea del aire.<\/li>\n<li>Es un ventilador 3 en 1, es decir, adem\u00e1s de ventilador de pie, puede ser utilizado como ventilador de pie a media altura y como ventilador de sobremesa. Siendo as\u00ed \u00fatil un mismo producto para diferentes necesidades. Adem\u00e1s, es plegable por lo que permite un f\u00e1cil almacenamiento dentro de su propia base, pudiendo as\u00ed ahorrar espacio.<\/li>\n<li>Incluye un panel t\u00e1ctil que permite controlar todas sus funciones con un simple toque as\u00ed como mando a distancia para un control mucho m\u00e1s c\u00f3modo sin necesidad de acercarse f\u00edsicamente al ventilador. Adem\u00e1s, el mando a distancia est\u00e1 imantado por lo que se puede quedar pegado al centro del ventilador y as\u00ed tenerlo siempre a mano.<\/li>\n<li>Sus 12 velocidades permiten regular la intensidad del flujo de aire en funci\u00f3n de las necesidades de cada momento, as\u00ed como sus 2 modos de ventilaci\u00f3n Nature y Sleep que permiten adaptar el flujo y la intensidad del aire en todo momento.<\/li>\n<li>Temporizador programable un m\u00e1ximo de 8 horas que permite seleccionar el tiempo de funcionamiento deseado y tras el mismo el ventilador se apagar\u00e1.<\/li>\n<li>Oscilaci\u00f3n autom\u00e1tica horizontal de 30\u00ba, 60\u00ba, 90 \u00ba y 120\u00ba y oscilaci\u00f3n vertical de 30\u00ba, 60\u00ba y 90\u00ba que facilita la distribuci\u00f3n del aire fresco por toda la estancia en la cual sea ubicado.<\/li>\n<li>Bater\u00eda de Li-ion de 2600 mAh que permiten al ventilador una gran autonom\u00eda sin necesidad de cables, lo que hace de este ventilador un ventilador totalmente port\u00e1til.<\/li>\n<li>Pantalla LED indicadora del nivel de bater\u00eda, velocidad, temporizador y grado de oscilaci\u00f3n seleccionado.<\/li>\n<li>Incluye luz trasera que permite iluminar la estancia en la cual sea ubicado el ventilador que funciona con independencia.<\/li>\n<\/ul>\n<h4><strong><span class=\"e1hv9n5v0 css-hga4sk\">Composici\u00f3n<\/span><\/strong><\/h4>\n<div class=\"css-1azcdyx e1hv9n5v1\">\n<ul>\n<li>Ventilador de pie.<\/li>\n<li>Mando a distancia.<\/li>\n<li>Bolsa de almacenaje.<\/li>\n<li>Manual de instrucciones.<\/li>\n<\/ul>\n<\/div>\n<\/div>\n","protected":false},"excerpt":{"rendered":"<p>VENTILADOR DE PIE CECOTEC 08243 ENERGY SILENCE Descripci\u00f3n Gran potencia de 22 W que facilita la ventilaci\u00f3n de la estancia<\/p>\n","protected":false},"featured_media":196118,"comment_status":"open","ping_status":"closed","template":"","meta":{"_joinchat":[]},"product_cat":[6566,3301,5440],"product_tag":[],"class_list":{"0":"post-195832","1":"product","2":"type-product","3":"status-publish","4":"has-post-thumbnail","6":"product_cat-de-pie","7":"product_cat-climatizacion-y-calefaccion","8":"product_cat-ventiladores","9":"pa_marca-cecotec-clima","11":"first","12":"instock","13":"taxable","14":"shipping-taxable","15":"purchasable","16":"product-type-simple"},"_links":{"self":[{"href":"https:\/\/desdropi.com\/elparque\/wp-json\/wp\/v2\/product\/195832"}],"collection":[{"href":"https:\/\/desdropi.com\/elparque\/wp-json\/wp\/v2\/product"}],"about":[{"href":"https:\/\/desdropi.com\/elparque\/wp-json\/wp\/v2\/types\/product"}],"replies":[{"embeddable":true,"href":"https:\/\/desdropi.com\/elparque\/wp-json\/wp\/v2\/comments?post=195832"}],"version-history":[{"count":1,"href":"https:\/\/desdropi.com\/elparque\/wp-json\/wp\/v2\/product\/195832\/revisions"}],"predecessor-version":[{"id":224845,"href":"https:\/\/desdropi.com\/elparque\/wp-json\/wp\/v2\/product\/195832\/revisions\/224845"}],"wp:featuredmedia":[{"embeddable":true,"href":"https:\/\/desdropi.com\/elparque\/wp-json\/wp\/v2\/media\/196118"}],"wp:attachment":[{"href":"https:\/\/desdropi.com\/elparque\/wp-json\/wp\/v2\/media?parent=195832"}],"wp:term":[{"taxonomy":"product_cat","embeddable":true,"href":"https:\/\/desdropi.com\/elparque\/wp-json\/wp\/v2\/product_cat?post=195832"},{"taxonomy":"product_tag","embeddable":true,"href":"https:\/\/desdropi.com\/elparque\/wp-json\/wp\/v2\/product_tag?post=195832"}],"curies":[{"name":"wp","href":"https:\/\/api.w.org\/{rel}","templated":true}]}}