{"id":195850,"date":"2023-05-18T10:32:54","date_gmt":"2023-05-18T08:32:54","guid":{"rendered":"https:\/\/desdropi.com\/elparque\/?post_type=product&#038;p=195850"},"modified":"2024-05-17T13:01:06","modified_gmt":"2024-05-17T11:01:06","slug":"olla-cecotec-02034-programable","status":"publish","type":"product","link":"https:\/\/desdropi.com\/elparque\/olla-cecotec-02034-programable\/","title":{"rendered":"Olla Cecotec 02034 Programable"},"content":{"rendered":"<div class=\"descripcion-tab\">\n<h4>OLLA CECOTEC 02034 PROGRAMABLE<\/h4>\n<p>La <strong>olla Cecotec 02034 programable<\/strong> es un electrodom\u00e9stico imprescindible en la cocina, con una caracter\u00edstica destacada: su capacidad de programaci\u00f3n. Esta olla te permite establecer tiempos y temperaturas precisas para cocinar tus alimentos de manera autom\u00e1tica y conveniente.<\/p>\n<p>Con su panel de control intuitivo, puedes seleccionar entre una variedad de programas preestablecidos para cocinar diferentes tipos de platos, como arroz, sopas, guisos, carnes, y mucho m\u00e1s. Adem\u00e1s, la olla Cecotec 02034 <strong>cuenta con una funci\u00f3n de mantener caliente<\/strong>, para que tus comidas est\u00e9n listas y calientes cuando las necesites.<\/p>\n<p>Su <strong>dise\u00f1o moderno y capacidad generosa<\/strong> hacen de esta olla una opci\u00f3n ideal para familias numerosas o para preparar comidas en grandes cantidades. Con la olla Cecotec 02034 programable, podr\u00e1s disfrutar de platos deliciosos y bien cocinados, mientras ahorras tiempo y esfuerzo en la cocina.<\/p>\n<h4>Empaquetado<\/h4>\n<ul>\n<li>Libro de recetas \u2192 S\u00ed<\/li>\n<li>Cesta freidora \u2192 S\u00ed<\/li>\n<li>Cuchar\u00f3n incluido \u2192 S\u00ed<\/li>\n<li>Taza de medici\u00f3n \u2192 S\u00ed<\/li>\n<\/ul>\n<h4>Dise\u00f1o<\/h4>\n<ul>\n<li>Capa antiadherente \u2192 S\u00ed<\/li>\n<li>Pantalla incorporada \u2192 S\u00ed<\/li>\n<li>Tipo de visualizador \u2192 LED<\/li>\n<li>Tipo de control \u2192 Tocar<\/li>\n<li>Color del producto \u2192 Negro, Acero inoxidable<\/li>\n<\/ul>\n<h4>Caracter\u00edsticas<\/h4>\n<ul>\n<li>Capacidad \u2192 8<\/li>\n<li>Temporizador \u2192 S\u00ed<\/li>\n<li>La duraci\u00f3n del temporizador \u2192 24 h<\/li>\n<li>N\u00ba de programas autom\u00e1ticos \u2192 19<\/li>\n<li>Presi\u00f3n regulable \u2192 S\u00ed<\/li>\n<li>Presi\u00f3n de seguridad \u2192 90<\/li>\n<li>Ajustes de termostato \u2192 S\u00ed<\/li>\n<\/ul>\n<h4>Funciones y programas de cocina<\/h4>\n<ul>\n<li>Funci\u00f3n de presi\u00f3n a vapor \u2192 S\u00ed<\/li>\n<li>Guiso \u2192 S\u00ed<\/li>\n<li>Cocci\u00f3n a vapor \u2192 S\u00ed<\/li>\n<li>Postre \u2192 S\u00ed<\/li>\n<li>Arroz \u2192 S\u00ed<\/li>\n<li>Programa de pasta \u2192 S\u00ed<\/li>\n<li>Frying function \u2192 S\u00ed<\/li>\n<li>Funci\u00f3n de horno \u2192 S\u00ed<\/li>\n<li>Programas de cocci\u00f3n predefinidas \u2192 S\u00ed<\/li>\n<li>Fish \u2192 S\u00ed<\/li>\n<li>Funci\u00f3n recalentar \u2192 S\u00ed<\/li>\n<li>Baking function \u2192 S\u00ed<\/li>\n<\/ul>\n<\/div>\n","protected":false},"excerpt":{"rendered":"<p>OLLA CECOTEC 02034 PROGRAMABLE La olla Cecotec 02034 programable es un electrodom\u00e9stico imprescindible en la cocina, con una caracter\u00edstica destacada:<\/p>\n","protected":false},"featured_media":195854,"comment_status":"open","ping_status":"closed","template":"","meta":{"_joinchat":[]},"product_cat":[6519,825,831],"product_tag":[],"class_list":{"0":"post-195850","1":"product","2":"type-product","3":"status-publish","4":"has-post-thumbnail","6":"product_cat-ollas-electricas","7":"product_cat-pequeno-electrodomestico","8":"product_cat-accesorios-de-cocina","9":"pa_marca-cecotec","11":"first","12":"instock","13":"sale","14":"taxable","15":"shipping-taxable","16":"purchasable","17":"product-type-simple"},"_links":{"self":[{"href":"https:\/\/desdropi.com\/elparque\/wp-json\/wp\/v2\/product\/195850"}],"collection":[{"href":"https:\/\/desdropi.com\/elparque\/wp-json\/wp\/v2\/product"}],"about":[{"href":"https:\/\/desdropi.com\/elparque\/wp-json\/wp\/v2\/types\/product"}],"replies":[{"embeddable":true,"href":"https:\/\/desdropi.com\/elparque\/wp-json\/wp\/v2\/comments?post=195850"}],"version-history":[{"count":0,"href":"https:\/\/desdropi.com\/elparque\/wp-json\/wp\/v2\/product\/195850\/revisions"}],"wp:featuredmedia":[{"embeddable":true,"href":"https:\/\/desdropi.com\/elparque\/wp-json\/wp\/v2\/media\/195854"}],"wp:attachment":[{"href":"https:\/\/desdropi.com\/elparque\/wp-json\/wp\/v2\/media?parent=195850"}],"wp:term":[{"taxonomy":"product_cat","embeddable":true,"href":"https:\/\/desdropi.com\/elparque\/wp-json\/wp\/v2\/product_cat?post=195850"},{"taxonomy":"product_tag","embeddable":true,"href":"https:\/\/desdropi.com\/elparque\/wp-json\/wp\/v2\/product_tag?post=195850"}],"curies":[{"name":"wp","href":"https:\/\/api.w.org\/{rel}","templated":true}]}}