{"id":195857,"date":"2023-05-18T10:48:47","date_gmt":"2023-05-18T08:48:47","guid":{"rendered":"https:\/\/desdropi.com\/elparque\/?post_type=product&#038;p=195857"},"modified":"2024-06-05T11:33:55","modified_gmt":"2024-06-05T09:33:55","slug":"olla-cecotec-hdelux-free","status":"publish","type":"product","link":"https:\/\/desdropi.com\/elparque\/olla-cecotec-hdelux-free\/","title":{"rendered":"Olla Cecotec Hdelux Free Doble Tapa 2036"},"content":{"rendered":"<div class=\"descripcion-tab\">\n<h4>OLLA CECOTEC HDELUX FREE DOBLE TAPA 2036<\/h4>\n<div class=\"flex-1 overflow-hidden\">\n<div class=\"react-scroll-to-bottom--css-dubdf-79elbk h-full dark:bg-gray-800\">\n<div class=\"react-scroll-to-bottom--css-dubdf-1n7m0yu\">\n<div class=\"flex flex-col items-center text-sm dark:bg-gray-800\">\n<div class=\"group w-full text-gray-800 dark:text-gray-100 border-b border-black\/10 dark:border-gray-900\/50 bg-gray-50 dark:bg-[#444654]\">\n<div class=\"flex p-4 gap-4 text-base md:gap-6 md:max-w-2xl lg:max-w-xl xl:max-w-3xl md:py-6 lg:px-0 m-auto\">\n<div class=\"relative flex w-[calc(100%-50px)] flex-col gap-1 md:gap-3 lg:w-[calc(100%-115px)]\">\n<div class=\"flex flex-grow flex-col gap-3\">\n<div class=\"min-h-[20px] flex flex-col items-start gap-4 whitespace-pre-wrap break-words\">\n<div class=\"markdown prose w-full break-words dark:prose-invert light\">\n<p>La <strong>olla Cecotec HDelux Free doble tapa 2036<\/strong> es un utensilio de cocina destacado por su doble tapa.<\/p>\n<p>La tapa exterior brinda protecci\u00f3n adicional, mientras que la tapa interior cuenta con un sistema de cierre herm\u00e9tico que mantiene los sabores y nutrientes en su interior. Adem\u00e1s, <strong>esta doble tapa ayuda a retener el calor y acelera el proceso de cocci\u00f3n<\/strong>, ahorrando tiempo y energ\u00eda. Fabricada con acero inoxidable de alta calidad, esta olla es duradera y resistente.<\/p>\n<p>Su <strong>dise\u00f1o elegante y ergon\u00f3mico<\/strong> la convierte en una adici\u00f3n est\u00e9tica a tu cocina. Con la olla Cecotec HDelux Free doble tapa 2036, podr\u00e1s cocinar de manera eficiente y obtener resultados excepcionales en tus platos.<\/p>\n<\/div>\n<\/div>\n<\/div>\n<\/div>\n<\/div>\n<\/div>\n<\/div>\n<\/div>\n<\/div>\n<\/div>\n<div id=\"informacionProducto\">\n<div id=\"caracteristicas\">\n<h4>Empaquetado<\/h4>\n<ul>\n<li>Libro de recetas \u2192 S\u00ed<\/li>\n<li>Cesta freidora \u2192 S\u00ed<\/li>\n<li>Cuchar\u00f3n incluido \u2192 S\u00ed<\/li>\n<li>Taza de medici\u00f3n \u2192 S\u00ed<\/li>\n<\/ul>\n<h4>Dise\u00f1o<\/h4>\n<ul>\n<li>Capa antiadherente \u2192 S\u00ed<\/li>\n<li>Pantalla incorporada \u2192 S\u00ed<\/li>\n<li>Tipo de visualizador \u2192 LED<\/li>\n<li>Tipo de control \u2192 Tocar<\/li>\n<li>Color del producto \u2192 Negro, Acero inoxidable<\/li>\n<\/ul>\n<h4>Caracter\u00edsticas<\/h4>\n<ul>\n<li>Capacidad \u2192 6<\/li>\n<li>Temporizador \u2192 S\u00ed<\/li>\n<li>La duraci\u00f3n del temporizador \u2192 24 h<\/li>\n<li>N\u00ba de programas autom\u00e1ticos \u2192 27<\/li>\n<li>N\u00famero de niveles de potencia \u2192 11<\/li>\n<li>Presi\u00f3n regulable \u2192 S\u00ed<\/li>\n<li>Presi\u00f3n de seguridad \u2192 90<\/li>\n<li>Ajustes de termostato \u2192 S\u00ed<\/li>\n<\/ul>\n<h4>Funciones y programas de cocina<\/h4>\n<ul>\n<li>Funci\u00f3n de presi\u00f3n a vapor \u2192 S\u00ed<\/li>\n<li>Guiso \u2192 S\u00ed<\/li>\n<li>Cocci\u00f3n a vapor \u2192 S\u00ed<\/li>\n<li>Postre \u2192 S\u00ed<\/li>\n<li>Arroz \u2192 S\u00ed<\/li>\n<li>Programa de pasta \u2192 S\u00ed<\/li>\n<li>Frying function \u2192 S\u00ed<\/li>\n<li>Funci\u00f3n de horno \u2192 S\u00ed<\/li>\n<li>Programas de cocci\u00f3n predefinidas \u2192 S\u00ed<\/li>\n<li>Fish \u2192 S\u00ed<\/li>\n<li>Funci\u00f3n recalentar \u2192 S\u00ed<\/li>\n<li>Baking function \u2192 S\u00ed<\/li>\n<\/ul>\n<\/div>\n<\/div>\n<\/div>\n","protected":false},"excerpt":{"rendered":"<p>OLLA CECOTEC HDELUX FREE DOBLE TAPA 2036 La olla Cecotec HDelux Free doble tapa 2036 es un utensilio de cocina<\/p>\n","protected":false},"featured_media":195860,"comment_status":"open","ping_status":"closed","template":"","meta":{"_joinchat":[]},"product_cat":[6519,825,831],"product_tag":[],"class_list":{"0":"post-195857","1":"product","2":"type-product","3":"status-publish","4":"has-post-thumbnail","6":"product_cat-ollas-electricas","7":"product_cat-pequeno-electrodomestico","8":"product_cat-accesorios-de-cocina","9":"pa_marca-cecotec","11":"first","12":"instock","13":"taxable","14":"shipping-taxable","15":"purchasable","16":"product-type-simple"},"_links":{"self":[{"href":"https:\/\/desdropi.com\/elparque\/wp-json\/wp\/v2\/product\/195857"}],"collection":[{"href":"https:\/\/desdropi.com\/elparque\/wp-json\/wp\/v2\/product"}],"about":[{"href":"https:\/\/desdropi.com\/elparque\/wp-json\/wp\/v2\/types\/product"}],"replies":[{"embeddable":true,"href":"https:\/\/desdropi.com\/elparque\/wp-json\/wp\/v2\/comments?post=195857"}],"version-history":[{"count":0,"href":"https:\/\/desdropi.com\/elparque\/wp-json\/wp\/v2\/product\/195857\/revisions"}],"wp:featuredmedia":[{"embeddable":true,"href":"https:\/\/desdropi.com\/elparque\/wp-json\/wp\/v2\/media\/195860"}],"wp:attachment":[{"href":"https:\/\/desdropi.com\/elparque\/wp-json\/wp\/v2\/media?parent=195857"}],"wp:term":[{"taxonomy":"product_cat","embeddable":true,"href":"https:\/\/desdropi.com\/elparque\/wp-json\/wp\/v2\/product_cat?post=195857"},{"taxonomy":"product_tag","embeddable":true,"href":"https:\/\/desdropi.com\/elparque\/wp-json\/wp\/v2\/product_tag?post=195857"}],"curies":[{"name":"wp","href":"https:\/\/api.w.org\/{rel}","templated":true}]}}