{"id":196131,"date":"2023-05-18T17:17:28","date_gmt":"2023-05-18T15:17:28","guid":{"rendered":"https:\/\/desdropi.com\/elparque\/?post_type=product&#038;p=196131"},"modified":"2024-05-17T13:01:06","modified_gmt":"2024-05-17T11:01:06","slug":"perfiladora-philips-brt383-15","status":"publish","type":"product","link":"https:\/\/desdropi.com\/elparque\/perfiladora-philips-brt383-15\/","title":{"rendered":"Perfiladora Philips Brt383\/15"},"content":{"rendered":"<div class=\"descripcion-tab\">\n<h4>PERFILADORA PHILIPS BRT383\/15<\/h4>\n<p>La <strong>perfiladora Philips BRT383\/15<\/strong> es un vers\u00e1til producto de cuidado personal que te permite obtener resultados precisos y suaves en la depilaci\u00f3n y el recorte de vello no deseado. Esta perfiladora est\u00e1 equipada con <strong>cuchillas afiladas y delicadas<\/strong>, dise\u00f1adas para atrapar y eliminar el vello de manera eficiente, sin causar irritaci\u00f3n en la piel. Su dise\u00f1o compacto y ergon\u00f3mico facilita su manejo y la convierte en una opci\u00f3n ideal para llevar de viaje. La <strong>tecnolog\u00eda de recorte suave<\/strong> de la Philips BRT383\/15 proporciona una depilaci\u00f3n c\u00f3moda y sin tirones, permiti\u00e9ndote obtener una piel suave y sin vello. Adem\u00e1s, cuenta con <strong>diferentes accesorios<\/strong> que te permiten personalizar tu rutina de cuidado, adapt\u00e1ndola a tus necesidades espec\u00edficas.<\/p>\n<h4>Control de energ\u00eda<\/h4>\n<ul>\n<li>Tipo de bater\u00eda \u2192 AA<\/li>\n<\/ul>\n<h4>Contenido del embalaje<\/h4>\n<ul>\n<li>Cepillo de limpieza \u2192 S\u00ed<\/li>\n<li>Pilas incluidas \u2192 S\u00ed<\/li>\n<li>Funda para almacenamiento \u2192 S\u00ed<\/li>\n<\/ul>\n<h4>Dise\u00f1o<\/h4>\n<ul>\n<li>Color del producto \u2192 Violeta, Blanco<\/li>\n<li>Dise\u00f1o de plancha ergon\u00f3mico \u2192 S\u00ed<\/li>\n<\/ul>\n<h4>Desempe\u00f1o<\/h4>\n<ul>\n<li>Mojado y seco \u2192 S\u00ed<\/li>\n<li>Peine de precisi\u00f3n \u2192 S\u00ed<\/li>\n<li>Recortador de precisi\u00f3n \u2192 S\u00ed<\/li>\n<li>Cabezal de corte para bikini \u2192 S\u00ed<\/li>\n<\/ul>\n<\/div>\n","protected":false},"excerpt":{"rendered":"<p>PERFILADORA PHILIPS BRT383\/15 La perfiladora Philips BRT383\/15 es un vers\u00e1til producto de cuidado personal que te permite obtener resultados precisos<\/p>\n","protected":false},"featured_media":196133,"comment_status":"open","ping_status":"closed","template":"","meta":{"_joinchat":[]},"product_cat":[7040,6510,825,6097],"product_tag":[],"class_list":{"0":"post-196131","1":"product","2":"type-product","3":"status-publish","4":"has-post-thumbnail","6":"product_cat-perfiladores","7":"product_cat-vello-y-pelo","8":"product_cat-pequeno-electrodomestico","9":"product_cat-cuidado-personal","10":"pa_marca-philips","12":"first","13":"instock","14":"taxable","15":"shipping-taxable","16":"purchasable","17":"product-type-simple"},"_links":{"self":[{"href":"https:\/\/desdropi.com\/elparque\/wp-json\/wp\/v2\/product\/196131"}],"collection":[{"href":"https:\/\/desdropi.com\/elparque\/wp-json\/wp\/v2\/product"}],"about":[{"href":"https:\/\/desdropi.com\/elparque\/wp-json\/wp\/v2\/types\/product"}],"replies":[{"embeddable":true,"href":"https:\/\/desdropi.com\/elparque\/wp-json\/wp\/v2\/comments?post=196131"}],"version-history":[{"count":0,"href":"https:\/\/desdropi.com\/elparque\/wp-json\/wp\/v2\/product\/196131\/revisions"}],"wp:featuredmedia":[{"embeddable":true,"href":"https:\/\/desdropi.com\/elparque\/wp-json\/wp\/v2\/media\/196133"}],"wp:attachment":[{"href":"https:\/\/desdropi.com\/elparque\/wp-json\/wp\/v2\/media?parent=196131"}],"wp:term":[{"taxonomy":"product_cat","embeddable":true,"href":"https:\/\/desdropi.com\/elparque\/wp-json\/wp\/v2\/product_cat?post=196131"},{"taxonomy":"product_tag","embeddable":true,"href":"https:\/\/desdropi.com\/elparque\/wp-json\/wp\/v2\/product_tag?post=196131"}],"curies":[{"name":"wp","href":"https:\/\/api.w.org\/{rel}","templated":true}]}}