{"id":196135,"date":"2023-05-18T17:32:43","date_gmt":"2023-05-18T15:32:43","guid":{"rendered":"https:\/\/desdropi.com\/elparque\/?post_type=product&#038;p=196135"},"modified":"2024-05-17T13:01:07","modified_gmt":"2024-05-17T11:01:07","slug":"picadora-moulinex-ad5601-moulinette-800w-02l","status":"publish","type":"product","link":"https:\/\/desdropi.com\/elparque\/picadora-moulinex-ad5601-moulinette-800w-02l\/","title":{"rendered":"Picadora Moulinex Ad5601 Moulinette 800W 0,2L"},"content":{"rendered":"<div class=\"descripcion-tab\">\n<h4>PICADORA MOULINEX AD5601 MOULINETTE 800W 0,2LB<\/h4>\n<p>La <strong>picadora Moulinex AD5601 Moulinette<\/strong> es una herramienta de cocina imprescindible para facilitar tus tareas de picado y procesamiento de alimentos.<\/p>\n<p>Con su potente motor de <strong>800W<\/strong>, esta picadora es capaz de procesar una variedad de ingredientes de manera r\u00e1pida y eficiente. Su capacidad de <strong>0,2 litros<\/strong> es ideal para peque\u00f1as cantidades de alimentos, lo que la hace perfecta para preparar salsas, ali\u00f1os, picar hierbas y frutos secos. La Moulinex AD5601 Moulinette destaca por su <strong>dise\u00f1o compacto y f\u00e1cil de usar<\/strong>, con un solo bot\u00f3n de control para un funcionamiento sencillo.<\/p>\n<p>Adem\u00e1s, su cuchilla de acero inoxidable garantiza un picado uniforme y preciso. Esta picadora es f\u00e1cil de limpiar, ya que sus piezas son desmontables y aptas para lavavajillas.<\/p>\n<h4>Peso y dimensiones<\/h4>\n<ul>\n<li>Profundidad del paquete \u2192 172<\/li>\n<li>Altura del paquete \u2192 230<\/li>\n<li>Ancho del paquete \u2192 157<\/li>\n<li>Peso del paquete \u2192 2,04<\/li>\n<li>Altura \u2192 220<\/li>\n<li>Ancho \u2192 155<\/li>\n<li>Peso \u2192 1,66<\/li>\n<\/ul>\n<h4>Control de energ\u00eda<\/h4>\n<ul>\n<li>Potencia \u2192 800<\/li>\n<\/ul>\n<h4>Dise\u00f1o<\/h4>\n<ul>\n<li>Color del producto \u2192 Blanco, Rojo<\/li>\n<li>Material del taz\u00f3n \u2192 De pl\u00e1stico<\/li>\n<li>Almacenamiento de cable \u2192 S\u00ed<\/li>\n<li>Partes de platos a prueba de agua \u2192 S\u00ed<\/li>\n<li>Material de la cuchilla \u2192 Acero inoxidable<\/li>\n<li>N\u00famero de cuchillas \u2192 1<\/li>\n<li>F\u00e1cil de limpiar \u2192 S\u00ed<\/li>\n<li>Apto para lavavajillas \u2192 S\u00ed<\/li>\n<\/ul>\n<h4>Desempe\u00f1o<\/h4>\n<ul>\n<li>Capacidad del taz\u00f3n (Litros) \u2192 0,2<\/li>\n<li>N\u00famero de velocidades \u2192 3<\/li>\n<li>Velocidad variable \u2192 S\u00ed<\/li>\n<\/ul>\n<\/div>\n","protected":false},"excerpt":{"rendered":"<p>PICADORA MOULINEX AD5601 MOULINETTE 800W 0,2LB La picadora Moulinex AD5601 Moulinette es una herramienta de cocina imprescindible para facilitar tus<\/p>\n","protected":false},"featured_media":196139,"comment_status":"open","ping_status":"closed","template":"","meta":{"_joinchat":[]},"product_cat":[865,825,831],"product_tag":[],"class_list":{"0":"post-196135","1":"product","2":"type-product","3":"status-publish","4":"has-post-thumbnail","6":"product_cat-picadoras","7":"product_cat-pequeno-electrodomestico","8":"product_cat-accesorios-de-cocina","9":"pa_marca-moulinex","11":"first","12":"instock","13":"taxable","14":"shipping-taxable","15":"purchasable","16":"product-type-simple"},"_links":{"self":[{"href":"https:\/\/desdropi.com\/elparque\/wp-json\/wp\/v2\/product\/196135"}],"collection":[{"href":"https:\/\/desdropi.com\/elparque\/wp-json\/wp\/v2\/product"}],"about":[{"href":"https:\/\/desdropi.com\/elparque\/wp-json\/wp\/v2\/types\/product"}],"replies":[{"embeddable":true,"href":"https:\/\/desdropi.com\/elparque\/wp-json\/wp\/v2\/comments?post=196135"}],"version-history":[{"count":0,"href":"https:\/\/desdropi.com\/elparque\/wp-json\/wp\/v2\/product\/196135\/revisions"}],"wp:featuredmedia":[{"embeddable":true,"href":"https:\/\/desdropi.com\/elparque\/wp-json\/wp\/v2\/media\/196139"}],"wp:attachment":[{"href":"https:\/\/desdropi.com\/elparque\/wp-json\/wp\/v2\/media?parent=196135"}],"wp:term":[{"taxonomy":"product_cat","embeddable":true,"href":"https:\/\/desdropi.com\/elparque\/wp-json\/wp\/v2\/product_cat?post=196135"},{"taxonomy":"product_tag","embeddable":true,"href":"https:\/\/desdropi.com\/elparque\/wp-json\/wp\/v2\/product_tag?post=196135"}],"curies":[{"name":"wp","href":"https:\/\/api.w.org\/{rel}","templated":true}]}}