{"id":197221,"date":"2023-05-22T10:14:45","date_gmt":"2023-05-22T08:14:45","guid":{"rendered":"https:\/\/desdropi.com\/elparque\/?post_type=product&#038;p=197221"},"modified":"2024-05-17T13:01:07","modified_gmt":"2024-05-17T11:01:07","slug":"rowenta-dw8206-pro-master","status":"publish","type":"product","link":"https:\/\/desdropi.com\/elparque\/rowenta-dw8206-pro-master\/","title":{"rendered":"Plancha Rowenta Dw8206 Pro Master 2800W 200G"},"content":{"rendered":"<div class=\"descripcion-tab\">\n<h4>PLANCHA ROWENTA DW8206 PRO MASTER 2800W 200G<\/h4>\n<p>La plancha Rowenta DW8206 Pro Master de 2800W con 200g es un producto destacado en su categor\u00eda. <strong>Su potencia de 2800W<\/strong> garantiza un calentamiento r\u00e1pido y un rendimiento eficiente para obtener resultados profesionales en poco tiempo. Con <strong>un golpe de vapor de 200g<\/strong>, esta plancha es capaz de eliminar incluso las arrugas m\u00e1s dif\u00edciles con facilidad. Su <strong>suela Microsteam 400HD<\/strong> proporciona un deslizamiento suave y uniforme sobre cualquier tipo de tejido, facilitando el planchado.<\/p>\n<p>La plancha tambi\u00e9n cuenta con <strong>un sistema antigoteo<\/strong> que evita las fugas de agua y manchas en la ropa. Su <strong>dep\u00f3sito de agua de gran capacidad<\/strong> ofrece una mayor autonom\u00eda durante el planchado. Adem\u00e1s, el dise\u00f1o ergon\u00f3mico de la plancha, con <strong>mango confortable y punta de precisi\u00f3n<\/strong>, permite un manejo c\u00f3modo y preciso.<\/p>\n<h4>Control de energ\u00eda<\/h4>\n<ul>\n<li>Potencia (W)2400<\/li>\n<li>Voltaje de entrada AC220-240<\/li>\n<\/ul>\n<h4>Ergonom\u00eda<\/h4>\n<ul>\n<li>Dise\u00f1o de plancha ergon\u00f3micoNo<\/li>\n<\/ul>\n<h4>Caracter\u00edsticas<\/h4>\n<ul>\n<li>Tipo \u2192 Plancha a vapor<\/li>\n<li>Material de la suela\/recubrimiento \u2192 Suela Microsteam 400 HD L\u00e1ser<\/li>\n<li>Vapor continuo (gr\/min) \u2192 50<\/li>\n<li>Golpe de vapor (gr\/min) \u2192 200<\/li>\n<li>Apagado autom\u00e1tico \u2192 S\u00ed<\/li>\n<li>Color del producto \u2192 Negro<\/li>\n<li>Funci\u00f3n de refuerzo de vapor \u2192 S\u00ed<\/li>\n<li>Sistema antical autom\u00e1tico \u2192 S\u00ed<\/li>\n<li>Funci\u00f3n espray \u2192 S\u00ed<\/li>\n<li>Dep\u00f3sito de agua \u2192 Integrado<\/li>\n<\/ul>\n<\/div>\n","protected":false},"excerpt":{"rendered":"<p>PLANCHA ROWENTA DW8206 PRO MASTER 2800W 200G La plancha Rowenta DW8206 Pro Master de 2800W con 200g es un producto<\/p>\n","protected":false},"featured_media":197225,"comment_status":"open","ping_status":"closed","template":"","meta":{"_joinchat":[]},"product_cat":[6504,6503,825],"product_tag":[],"class_list":{"0":"post-197221","1":"product","2":"type-product","3":"status-publish","4":"has-post-thumbnail","6":"product_cat-planchas-de-vapor","7":"product_cat-planchado-y-ropa","8":"product_cat-pequeno-electrodomestico","9":"pa_marca-rowenta","11":"first","12":"instock","13":"taxable","14":"shipping-taxable","15":"purchasable","16":"product-type-simple"},"_links":{"self":[{"href":"https:\/\/desdropi.com\/elparque\/wp-json\/wp\/v2\/product\/197221"}],"collection":[{"href":"https:\/\/desdropi.com\/elparque\/wp-json\/wp\/v2\/product"}],"about":[{"href":"https:\/\/desdropi.com\/elparque\/wp-json\/wp\/v2\/types\/product"}],"replies":[{"embeddable":true,"href":"https:\/\/desdropi.com\/elparque\/wp-json\/wp\/v2\/comments?post=197221"}],"version-history":[{"count":0,"href":"https:\/\/desdropi.com\/elparque\/wp-json\/wp\/v2\/product\/197221\/revisions"}],"wp:featuredmedia":[{"embeddable":true,"href":"https:\/\/desdropi.com\/elparque\/wp-json\/wp\/v2\/media\/197225"}],"wp:attachment":[{"href":"https:\/\/desdropi.com\/elparque\/wp-json\/wp\/v2\/media?parent=197221"}],"wp:term":[{"taxonomy":"product_cat","embeddable":true,"href":"https:\/\/desdropi.com\/elparque\/wp-json\/wp\/v2\/product_cat?post=197221"},{"taxonomy":"product_tag","embeddable":true,"href":"https:\/\/desdropi.com\/elparque\/wp-json\/wp\/v2\/product_tag?post=197221"}],"curies":[{"name":"wp","href":"https:\/\/api.w.org\/{rel}","templated":true}]}}