{"id":197283,"date":"2023-05-23T10:43:12","date_gmt":"2023-05-23T08:43:12","guid":{"rendered":"https:\/\/desdropi.com\/elparque\/?post_type=product&#038;p=197283"},"modified":"2024-05-17T13:01:07","modified_gmt":"2024-05-17T11:01:07","slug":"solac-pc1501","status":"publish","type":"product","link":"https:\/\/desdropi.com\/elparque\/solac-pc1501\/","title":{"rendered":"Plancha Vertical Solac Pc1501 25G 260Ml"},"content":{"rendered":"<div class=\"descripcion-tab\">\n<h4>PLANCHA VERTICAL SOLAC PC1501 25G 260ML<\/h4>\n<p>La <strong>plancha vertical Solac PC1501<\/strong> es un electrodom\u00e9stico vers\u00e1til y eficiente para el cuidado de la ropa. Con una capacidad de <strong>25 gramos de vapor<\/strong> y un tanque de agua de <strong>260 ml<\/strong>, esta plancha vertical te permite eliminar arrugas y refrescar tus prendas de forma r\u00e1pida y sencilla.<\/p>\n<p>Su dise\u00f1o ergon\u00f3mico y ligero facilita su manejo, permiti\u00e9ndote alcanzar incluso las zonas m\u00e1s dif\u00edciles de tu ropa. Adem\u00e1s, cuenta con una potencia adecuada para ofrecer resultados de calidad en poco tiempo. Con la plancha vertical Solac PC1501, podr\u00e1s disfrutar de una apariencia impecable en tu ropa con un producto pr\u00e1ctico y eficaz.<\/p>\n<h4>Control de energ\u00eda<\/h4>\n<ul>\n<li>Potencia (W) \u2192 1200<\/li>\n<\/ul>\n<h4>Caracter\u00edsticas<\/h4>\n<ul>\n<li>Vapor continuo (gr\/min) \u2192 25<\/li>\n<li>Calentamiento r\u00e1pido \u2192 S\u00ed<\/li>\n<li>Funci\u00f3n anti goteo \u2192 S\u00ed<\/li>\n<li>Sistema antical autom\u00e1tico \u2192 S\u00ed<\/li>\n<li>Funci\u00f3n de vapor vertical \u2192 S\u00ed<\/li>\n<li>Sin cables \u2192 No<\/li>\n<li>Tiempo de calentamiento \u2192 45 s<\/li>\n<li>Tipo \u2192 Plancha vapor-seco<\/li>\n<li>Material de la suela\/recubrimiento \u2192 Suela de acero inoxidable<\/li>\n<li>Color del producto \u2192 Azul, Blanco<\/li>\n<\/ul>\n<\/div>\n","protected":false},"excerpt":{"rendered":"<p>PLANCHA VERTICAL SOLAC PC1501 25G 260ML La plancha vertical Solac PC1501 es un electrodom\u00e9stico vers\u00e1til y eficiente para el cuidado<\/p>\n","protected":false},"featured_media":197287,"comment_status":"open","ping_status":"closed","template":"","meta":{"_joinchat":[]},"product_cat":[6504,6503,825],"product_tag":[],"class_list":{"0":"post-197283","1":"product","2":"type-product","3":"status-publish","4":"has-post-thumbnail","6":"product_cat-planchas-de-vapor","7":"product_cat-planchado-y-ropa","8":"product_cat-pequeno-electrodomestico","9":"pa_marca-solac","11":"first","12":"instock","13":"taxable","14":"shipping-taxable","15":"purchasable","16":"product-type-simple"},"_links":{"self":[{"href":"https:\/\/desdropi.com\/elparque\/wp-json\/wp\/v2\/product\/197283"}],"collection":[{"href":"https:\/\/desdropi.com\/elparque\/wp-json\/wp\/v2\/product"}],"about":[{"href":"https:\/\/desdropi.com\/elparque\/wp-json\/wp\/v2\/types\/product"}],"replies":[{"embeddable":true,"href":"https:\/\/desdropi.com\/elparque\/wp-json\/wp\/v2\/comments?post=197283"}],"version-history":[{"count":0,"href":"https:\/\/desdropi.com\/elparque\/wp-json\/wp\/v2\/product\/197283\/revisions"}],"wp:featuredmedia":[{"embeddable":true,"href":"https:\/\/desdropi.com\/elparque\/wp-json\/wp\/v2\/media\/197287"}],"wp:attachment":[{"href":"https:\/\/desdropi.com\/elparque\/wp-json\/wp\/v2\/media?parent=197283"}],"wp:term":[{"taxonomy":"product_cat","embeddable":true,"href":"https:\/\/desdropi.com\/elparque\/wp-json\/wp\/v2\/product_cat?post=197283"},{"taxonomy":"product_tag","embeddable":true,"href":"https:\/\/desdropi.com\/elparque\/wp-json\/wp\/v2\/product_tag?post=197283"}],"curies":[{"name":"wp","href":"https:\/\/api.w.org\/{rel}","templated":true}]}}