{"id":197421,"date":"2023-05-24T10:14:16","date_gmt":"2023-05-24T08:14:16","guid":{"rendered":"https:\/\/desdropi.com\/elparque\/?post_type=product&#038;p=197421"},"modified":"2024-05-17T13:01:08","modified_gmt":"2024-05-17T11:01:08","slug":"jata-pl120-2200w","status":"publish","type":"product","link":"https:\/\/desdropi.com\/elparque\/jata-pl120-2200w\/","title":{"rendered":"Plancha Jata Pl120 2200W"},"content":{"rendered":"<div class=\"descripcion-tab\">\n<h4>PLANCHA JATA PL120 2200W<\/h4>\n<p>La <strong>plancha Jata PL120 de 2200W<\/strong> es un electrodom\u00e9stico imprescindible para el cuidado de la ropa. Destaca por su potencia de 2200W, lo cual garantiza un calentamiento r\u00e1pido y eficiente. Esta plancha ofrece un deslizamiento suave gracias a su suela antiadherente. Adem\u00e1s, cuenta con un sistema de regulaci\u00f3n de temperatura para adaptarse a diferentes tipos de tejidos. Su dise\u00f1o ergon\u00f3mico y ligero la hace f\u00e1cil de manejar, y su funci\u00f3n de apagado autom\u00e1tico proporciona seguridad y ahorro energ\u00e9tico.<\/p>\n<h4>Control de energ\u00eda<\/h4>\n<ul>\n<li>Potencia \u2192 2200<\/li>\n<li>Consumo energ\u00e9tico \u2192 230<\/li>\n<\/ul>\n<h4>Ergonom\u00eda<\/h4>\n<ul>\n<li>Base rotatoria 360\u00b0 \u2192 S\u00ed<\/li>\n<\/ul>\n<h4>Caracter\u00edsticas<\/h4>\n<ul>\n<li>Tipo \u2192 Plancha a vapor<\/li>\n<li>Material de la suela\/recubrimiento \u2192 Suela de acero inoxidable<\/li>\n<li>La funci\u00f3n Calc-clean \u2192 S\u00ed<\/li>\n<li>Funci\u00f3n de vapor vertical \u2192 S\u00ed<\/li>\n<li>Vapor variable \u2192 S\u00ed<\/li>\n<li>Vapor continuo (gr\/min) \u2192 25<\/li>\n<li>Funci\u00f3n de refuerzo de vapor \u2192 S\u00ed<\/li>\n<li>Funci\u00f3n espray \u2192 S\u00ed<\/li>\n<li>Ajustes de termostato \u2192 S\u00ed<\/li>\n<li>Dep\u00f3sito de agua \u2192 Integrado<\/li>\n<li>Color del producto \u2192 Azul, Blanco<\/li>\n<li>Vapor continuo \u2192 S\u00ed<\/li>\n<li>Sin cables \u2192 No<\/li>\n<\/ul>\n<\/div>\n","protected":false},"excerpt":{"rendered":"<p>PLANCHA JATA PL120 2200W La plancha Jata PL120 de 2200W es un electrodom\u00e9stico imprescindible para el cuidado de la ropa.<\/p>\n","protected":false},"featured_media":197422,"comment_status":"open","ping_status":"closed","template":"","meta":{"_joinchat":[]},"product_cat":[6504,6503,825],"product_tag":[],"class_list":{"0":"post-197421","1":"product","2":"type-product","3":"status-publish","4":"has-post-thumbnail","6":"product_cat-planchas-de-vapor","7":"product_cat-planchado-y-ropa","8":"product_cat-pequeno-electrodomestico","9":"pa_marca-jata","10":"pa_potenica-2200w","12":"first","13":"instock","14":"taxable","15":"shipping-taxable","16":"purchasable","17":"product-type-simple"},"_links":{"self":[{"href":"https:\/\/desdropi.com\/elparque\/wp-json\/wp\/v2\/product\/197421"}],"collection":[{"href":"https:\/\/desdropi.com\/elparque\/wp-json\/wp\/v2\/product"}],"about":[{"href":"https:\/\/desdropi.com\/elparque\/wp-json\/wp\/v2\/types\/product"}],"replies":[{"embeddable":true,"href":"https:\/\/desdropi.com\/elparque\/wp-json\/wp\/v2\/comments?post=197421"}],"version-history":[{"count":0,"href":"https:\/\/desdropi.com\/elparque\/wp-json\/wp\/v2\/product\/197421\/revisions"}],"wp:featuredmedia":[{"embeddable":true,"href":"https:\/\/desdropi.com\/elparque\/wp-json\/wp\/v2\/media\/197422"}],"wp:attachment":[{"href":"https:\/\/desdropi.com\/elparque\/wp-json\/wp\/v2\/media?parent=197421"}],"wp:term":[{"taxonomy":"product_cat","embeddable":true,"href":"https:\/\/desdropi.com\/elparque\/wp-json\/wp\/v2\/product_cat?post=197421"},{"taxonomy":"product_tag","embeddable":true,"href":"https:\/\/desdropi.com\/elparque\/wp-json\/wp\/v2\/product_tag?post=197421"}],"curies":[{"name":"wp","href":"https:\/\/api.w.org\/{rel}","templated":true}]}}