{"id":197451,"date":"2023-05-24T11:15:46","date_gmt":"2023-05-24T09:15:46","guid":{"rendered":"https:\/\/desdropi.com\/elparque\/?post_type=product&#038;p=197451"},"modified":"2024-05-17T13:01:09","modified_gmt":"2024-05-17T11:01:09","slug":"plancha-vertical-rowenta-dr2022-pure-pop-coral","status":"publish","type":"product","link":"https:\/\/desdropi.com\/elparque\/plancha-vertical-rowenta-dr2022-pure-pop-coral\/","title":{"rendered":"Plancha Vertical Rowenta Dr2022 Pure Pop Coral"},"content":{"rendered":"<div class=\"descripcion-tab\">\n<h4>PLANCHA VERTICAL ROWENTA DR2022 PURE POP CORAL<\/h4>\n<p>La <strong>plancha vertical Rowenta DR2022 Pure Pop Coral<\/strong> es una opci\u00f3n moderna y funcional para el planchado de prendas en posici\u00f3n vertical. Lo m\u00e1s destacado de este producto es su dise\u00f1o llamativo y colorido, que agrega un toque de estilo a tu rutina de planchado.<\/p>\n<p>Esta plancha vertical es f\u00e1cil de usar y ofrece resultados eficientes gracias a su potencia y tecnolog\u00eda de vapor. Su vapor continuo de alta presi\u00f3n te permite eliminar arrugas de forma r\u00e1pida y efectiva. Adem\u00e1s, cuenta con un dep\u00f3sito de agua desmontable de gran capacidad y una suela de acero inoxidable resistente<\/p>\n<h4>Peso y dimensiones<\/h4>\n<ul>\n<li>Ancho \u2192 5,7<\/li>\n<li>Altura \u2192 31,8<\/li>\n<li>Profundidad \u2192 14,1<\/li>\n<li>Peso \u2192 0,71 kg<\/li>\n<\/ul>\n<h4>Control de energ\u00eda<\/h4>\n<ul>\n<li>Potencia (W) \u2192 1300 W<\/li>\n<\/ul>\n<h4>Contenido del embalaje<\/h4>\n<ul>\n<li>Bolsa de almacenamiento \u2192 S\u00ed<\/li>\n<li>Taza de medici\u00f3n \u2192 S\u00ed<\/li>\n<\/ul>\n<h4>Caracter\u00edsticas<\/h4>\n<ul>\n<li>Tipo de dispositivo \u2192 Vaporizador manual de prendas<\/li>\n<li>Tiempo de calentamiento \u2192 15<\/li>\n<li>Color del producto \u2192 Rojo Coral<\/li>\n<li>Tipo de control \u2192 Botones<\/li>\n<li>Interruptor de encendido\/apagado integrado \u2192 S\u00ed<\/li>\n<li>Longitud del cable \u2192 2 m<\/li>\n<li>Vapor continuo (gr\/min) \u2192 salida hasta 20<\/li>\n<\/ul>\n<\/div>\n","protected":false},"excerpt":{"rendered":"<p>PLANCHA VERTICAL ROWENTA DR2022 PURE POP CORAL La plancha vertical Rowenta DR2022 Pure Pop Coral es una opci\u00f3n moderna y<\/p>\n","protected":false},"featured_media":197452,"comment_status":"open","ping_status":"closed","template":"","meta":{"_joinchat":[]},"product_cat":[6504,6503,825],"product_tag":[],"class_list":{"0":"post-197451","1":"product","2":"type-product","3":"status-publish","4":"has-post-thumbnail","6":"product_cat-planchas-de-vapor","7":"product_cat-planchado-y-ropa","8":"product_cat-pequeno-electrodomestico","9":"pa_marca-rowenta","10":"pa_potenica-1300w","12":"first","13":"instock","14":"taxable","15":"shipping-taxable","16":"purchasable","17":"product-type-simple"},"_links":{"self":[{"href":"https:\/\/desdropi.com\/elparque\/wp-json\/wp\/v2\/product\/197451"}],"collection":[{"href":"https:\/\/desdropi.com\/elparque\/wp-json\/wp\/v2\/product"}],"about":[{"href":"https:\/\/desdropi.com\/elparque\/wp-json\/wp\/v2\/types\/product"}],"replies":[{"embeddable":true,"href":"https:\/\/desdropi.com\/elparque\/wp-json\/wp\/v2\/comments?post=197451"}],"version-history":[{"count":0,"href":"https:\/\/desdropi.com\/elparque\/wp-json\/wp\/v2\/product\/197451\/revisions"}],"wp:featuredmedia":[{"embeddable":true,"href":"https:\/\/desdropi.com\/elparque\/wp-json\/wp\/v2\/media\/197452"}],"wp:attachment":[{"href":"https:\/\/desdropi.com\/elparque\/wp-json\/wp\/v2\/media?parent=197451"}],"wp:term":[{"taxonomy":"product_cat","embeddable":true,"href":"https:\/\/desdropi.com\/elparque\/wp-json\/wp\/v2\/product_cat?post=197451"},{"taxonomy":"product_tag","embeddable":true,"href":"https:\/\/desdropi.com\/elparque\/wp-json\/wp\/v2\/product_tag?post=197451"}],"curies":[{"name":"wp","href":"https:\/\/api.w.org\/{rel}","templated":true}]}}