{"id":197485,"date":"2023-05-24T17:24:46","date_gmt":"2023-05-24T15:24:46","guid":{"rendered":"https:\/\/desdropi.com\/elparque\/?post_type=product&#038;p=197485"},"modified":"2024-05-17T13:01:11","modified_gmt":"2024-05-17T11:01:11","slug":"plancha-pelo-rowenta-sf411l-k-l","status":"publish","type":"product","link":"https:\/\/desdropi.com\/elparque\/plancha-pelo-rowenta-sf411l-k-l\/","title":{"rendered":"Plancha Pelo Rowenta Sf411L K L"},"content":{"rendered":"<div class=\"descripcion-tab\">\n<h4>PLANCHA PELO ROWENTA SF411L K L<\/h4>\n<p>La <strong>plancha de pelo Rowenta SF411L K L<\/strong> es un imprescindible en tu rutina de estilismo. Con sus <strong>placas de alta calidad<\/strong>, esta plancha proporciona un alisado suave y duradero. Su <strong>tecnolog\u00eda de temperatura ajustable<\/strong> te permite adaptarla a tu tipo de cabello y conseguir resultados personalizados.<\/p>\n<p>Adem\u00e1s, su dise\u00f1o ergon\u00f3mico y ligero la hace f\u00e1cil de manejar. Con la plancha Rowenta SF411L K L, puedes lograr un cabello liso y brillante de forma r\u00e1pida y sencilla.<\/p>\n<h4>Peso y dimensiones<\/h4>\n<ul>\n<li>Ancho296<\/li>\n<li>Profundidad31<\/li>\n<li>Altura34,5<\/li>\n<li>Peso471<\/li>\n<\/ul>\n<h4>Control de energ\u00eda<\/h4>\n<ul>\n<li>Fuente de energ\u00edaCorriente alterna<\/li>\n<li>Voltaje de entrada AC110 &#8211; 240<\/li>\n<\/ul>\n<h4>Empaquetado<\/h4>\n<ul>\n<li>Cantidad por paquete1<\/li>\n<\/ul>\n<h4>Ergonom\u00eda<\/h4>\n<ul>\n<li>Pantalla incorporada \u2192 S\u00ed<\/li>\n<li>Tipo de visualizador \u2192 LED<\/li>\n<li>Interruptor de encendido\/apagado integrado \u2192 S\u00ed<\/li>\n<li>Apagado autom\u00e1tico \u2192 S\u00ed<\/li>\n<li>Longitud del cable \u2192 1,8<\/li>\n<li>Cable giratorio \u2192 S\u00ed<\/li>\n<\/ul>\n<h4>Dise\u00f1o<\/h4>\n<ul>\n<li>Color del producto \u2192 Negro<\/li>\n<li>Material de la placa \u2192 Turmalina de cer\u00e1mica<\/li>\n<li>Para colgar \u2192 S\u00ed<\/li>\n<li>Tipo de colgador \u2192 Con agujero en la empu\u00f1adura para colgar<\/li>\n<li>Pa\u00eds de origen \u2192 China<\/li>\n<\/ul>\n<h4>Desempe\u00f1o<\/h4>\n<ul>\n<li>Tipo \u2192 Plancha de pelo<\/li>\n<li>Tecnolog\u00eda \u2192 Caliente<\/li>\n<li>Hair straightening \u2192 S\u00ed<\/li>\n<li>Hair texturizing \u2192 No<\/li>\n<li>Hair drying \u2192 No<\/li>\n<li>Sistema de calefacci\u00f3n de cer\u00e1mica \u2192 S\u00ed<\/li>\n<li>Ajustes de termostato \u2192 S\u00ed<\/li>\n<li>Ajuste de calefacci\u00f3n \u2192 6<\/li>\n<li>Funci\u00f3n i\u00f3nica \u2192 No<\/li>\n<li>Hair curling \u2192 No<\/li>\n<li>Tipo de control \u2192 Botones<\/li>\n<li>Utilizar con \u2192 Cabello seco<\/li>\n<li>Temperatura (min) \u2192 130<\/li>\n<li>Temperatura (m\u00e1x) \u2192 230<\/li>\n<li>Calentamiento r\u00e1pido \u2192 S\u00ed<\/li>\n<li>Tiempo de calentamiento \u2192 30<\/li>\n<\/ul>\n<\/div>\n","protected":false},"excerpt":{"rendered":"<p>PLANCHA PELO ROWENTA SF411L K L La plancha de pelo Rowenta SF411L K L es un imprescindible en tu rutina<\/p>\n","protected":false},"featured_media":197486,"comment_status":"open","ping_status":"closed","template":"","meta":{"_joinchat":[]},"product_cat":[6512,6510,825,6097],"product_tag":[],"class_list":{"0":"post-197485","1":"product","2":"type-product","3":"status-publish","4":"has-post-thumbnail","6":"product_cat-planchas-de-pelo","7":"product_cat-vello-y-pelo","8":"product_cat-pequeno-electrodomestico","9":"product_cat-cuidado-personal","10":"pa_marca-rowenta","12":"first","13":"instock","14":"taxable","15":"shipping-taxable","16":"purchasable","17":"product-type-simple"},"_links":{"self":[{"href":"https:\/\/desdropi.com\/elparque\/wp-json\/wp\/v2\/product\/197485"}],"collection":[{"href":"https:\/\/desdropi.com\/elparque\/wp-json\/wp\/v2\/product"}],"about":[{"href":"https:\/\/desdropi.com\/elparque\/wp-json\/wp\/v2\/types\/product"}],"replies":[{"embeddable":true,"href":"https:\/\/desdropi.com\/elparque\/wp-json\/wp\/v2\/comments?post=197485"}],"version-history":[{"count":0,"href":"https:\/\/desdropi.com\/elparque\/wp-json\/wp\/v2\/product\/197485\/revisions"}],"wp:featuredmedia":[{"embeddable":true,"href":"https:\/\/desdropi.com\/elparque\/wp-json\/wp\/v2\/media\/197486"}],"wp:attachment":[{"href":"https:\/\/desdropi.com\/elparque\/wp-json\/wp\/v2\/media?parent=197485"}],"wp:term":[{"taxonomy":"product_cat","embeddable":true,"href":"https:\/\/desdropi.com\/elparque\/wp-json\/wp\/v2\/product_cat?post=197485"},{"taxonomy":"product_tag","embeddable":true,"href":"https:\/\/desdropi.com\/elparque\/wp-json\/wp\/v2\/product_tag?post=197485"}],"curies":[{"name":"wp","href":"https:\/\/api.w.org\/{rel}","templated":true}]}}