{"id":197495,"date":"2023-05-24T17:44:14","date_gmt":"2023-05-24T15:44:14","guid":{"rendered":"https:\/\/desdropi.com\/elparque\/?post_type=product&#038;p=197495"},"modified":"2024-05-17T13:01:11","modified_gmt":"2024-05-17T11:01:11","slug":"bellissima-steam-elixir-vapor","status":"publish","type":"product","link":"https:\/\/desdropi.com\/elparque\/bellissima-steam-elixir-vapor\/","title":{"rendered":"Plancha Pelo Bellissima Steam Elixir Vapor"},"content":{"rendered":"<div class=\"descripcion-tab\">\n<h4>PLANCHA PELO BELLISSIMA STEAM ELIXIR VAPOR<\/h4>\n<p>La <strong>plancha de pelo Bellissima Steam Elixir Vapor<\/strong> es una herramienta de estilismo innovadora y eficiente. Su caracter\u00edstica m\u00e1s destacada es su <strong>sistema de vapor<\/strong>, que proporciona una hidrataci\u00f3n adicional al cabello mientras lo alisas.<\/p>\n<p>El vapor ayuda a mantener la salud y la suavidad del cabello, evitando el da\u00f1o por calor. Adem\u00e1s, esta plancha cuenta con <strong>placas de cer\u00e1mica<\/strong> de alta calidad, que distribuyen el calor de manera uniforme para obtener resultados profesionales. Con la Bellissima Steam Elixir Vapor, puedes lograr un cabello liso, brillante y bien cuidado en poco tiempo.<\/p>\n<h4>Peso y dimensiones<\/h4>\n<ul>\n<li>Ancho de placa \u2192 11<\/li>\n<li>Profundidad de placa \u2192 2,8<\/li>\n<li>Ancho \u2192 360<\/li>\n<li>Profundidad \u2192 47<\/li>\n<li>Altura \u2192 40<\/li>\n<li>Peso \u2192 510<\/li>\n<\/ul>\n<h4>Control de energ\u00eda<\/h4>\n<ul>\n<li>Potencia \u2192 235<\/li>\n<li>Fuente de energ\u00eda \u2192 Corriente alterna<\/li>\n<li>Voltaje de entrada AC \u2192 220 &#8211; 240<\/li>\n<li>Frecuencia de entrada AC \u2192 50\/60<\/li>\n<\/ul>\n<h4>Contenido del embalaje<\/h4>\n<ul>\n<li>tapas protectoras \u2192 S\u00ed<\/li>\n<\/ul>\n<h4>Ergonom\u00eda<\/h4>\n<ul>\n<li>Pantalla incorporada \u2192 S\u00ed<\/li>\n<li>Tipo de visualizador \u2192 LED<\/li>\n<li>Apagado autom\u00e1tico \u2192 S\u00ed<\/li>\n<li>Longitud del cable \u2192 2,5<\/li>\n<li>Cable giratorio \u2192 S\u00ed<\/li>\n<li>Apagado autom\u00e1tico despu\u00e9s de \u2192 60<\/li>\n<\/ul>\n<h4>Dise\u00f1o<\/h4>\n<ul>\n<li>Color del producto \u2192 Blanco<\/li>\n<\/ul>\n<h4>Desempe\u00f1o<\/h4>\n<ul>\n<li>Tipo \u2192 Plancha de pelo<\/li>\n<li>Tecnolog\u00eda \u2192 Vapor<\/li>\n<li>Hair straightening \u2192 S\u00ed<\/li>\n<li>Sistema de calefacci\u00f3n de cer\u00e1mica \u2192 S\u00ed<\/li>\n<li>Ajuste de calefacci\u00f3n \u2192 4<\/li>\n<li>Ajustes de termostato \u2192 S\u00ed<\/li>\n<li>Temperatura (min) \u2192 170<\/li>\n<li>Temperatura (m\u00e1x) \u2192 230<\/li>\n<li>Adecuado para tipos de cabello \u2192 Todo el pelo<\/li>\n<li>Placas con bordes redondeados \u2192 S\u00ed<\/li>\n<li>Funci\u00f3n i\u00f3nica \u2192 No<\/li>\n<\/ul>\n<\/div>\n","protected":false},"excerpt":{"rendered":"<p>PLANCHA PELO BELLISSIMA STEAM ELIXIR VAPOR La plancha de pelo Bellissima Steam Elixir Vapor es una herramienta de estilismo innovadora<\/p>\n","protected":false},"featured_media":197497,"comment_status":"open","ping_status":"closed","template":"","meta":{"_joinchat":[]},"product_cat":[6512,6510,825,6097],"product_tag":[],"class_list":{"0":"post-197495","1":"product","2":"type-product","3":"status-publish","4":"has-post-thumbnail","6":"product_cat-planchas-de-pelo","7":"product_cat-vello-y-pelo","8":"product_cat-pequeno-electrodomestico","9":"product_cat-cuidado-personal","10":"pa_marca-bellisima","12":"first","13":"instock","14":"sale","15":"taxable","16":"shipping-taxable","17":"purchasable","18":"product-type-simple"},"_links":{"self":[{"href":"https:\/\/desdropi.com\/elparque\/wp-json\/wp\/v2\/product\/197495"}],"collection":[{"href":"https:\/\/desdropi.com\/elparque\/wp-json\/wp\/v2\/product"}],"about":[{"href":"https:\/\/desdropi.com\/elparque\/wp-json\/wp\/v2\/types\/product"}],"replies":[{"embeddable":true,"href":"https:\/\/desdropi.com\/elparque\/wp-json\/wp\/v2\/comments?post=197495"}],"version-history":[{"count":0,"href":"https:\/\/desdropi.com\/elparque\/wp-json\/wp\/v2\/product\/197495\/revisions"}],"wp:featuredmedia":[{"embeddable":true,"href":"https:\/\/desdropi.com\/elparque\/wp-json\/wp\/v2\/media\/197497"}],"wp:attachment":[{"href":"https:\/\/desdropi.com\/elparque\/wp-json\/wp\/v2\/media?parent=197495"}],"wp:term":[{"taxonomy":"product_cat","embeddable":true,"href":"https:\/\/desdropi.com\/elparque\/wp-json\/wp\/v2\/product_cat?post=197495"},{"taxonomy":"product_tag","embeddable":true,"href":"https:\/\/desdropi.com\/elparque\/wp-json\/wp\/v2\/product_tag?post=197495"}],"curies":[{"name":"wp","href":"https:\/\/api.w.org\/{rel}","templated":true}]}}