{"id":197534,"date":"2023-05-25T09:39:33","date_gmt":"2023-05-25T07:39:33","guid":{"rendered":"https:\/\/desdropi.com\/elparque\/?post_type=product&#038;p=197534"},"modified":"2024-05-17T13:01:11","modified_gmt":"2024-05-17T11:01:11","slug":"plancha-pelo-rowenta-sf8210","status":"publish","type":"product","link":"https:\/\/desdropi.com\/elparque\/plancha-pelo-rowenta-sf8210\/","title":{"rendered":"Plancha Pelo Rowenta Sf8210 Ultimate Experience"},"content":{"rendered":"<div class=\"descripcion-tab\">\n<h4>PLANCHA PELO ROWENTA SF8210 ULTIMATE EXPERIENCE<\/h4>\n<p>La <strong>plancha de pelo Rowenta SF8210 Ultimate Experience<\/strong> es un producto de alta gama que ofrece resultados profesionales y un cabello perfectamente estilizado. Su tecnolog\u00eda avanzada de placas flotantes se ajusta autom\u00e1ticamente, proporcionando un alisado suave sin tirones ni da\u00f1os.<\/p>\n<p>Con su alta temperatura de calentamiento y ajuste de temperatura, se adapta a diferentes necesidades. Su dise\u00f1o ergon\u00f3mico y ligero facilita el manejo, y la tecnolog\u00eda i\u00f3nica reduce el encrespamiento y aporta brillo. Adem\u00e1s, cuenta con un sistema de apagado autom\u00e1tico para mayor seguridad. Es la opci\u00f3n ideal para obtener un cabello liso, brillante y sin da\u00f1os.<\/p>\n<h4>Peso y dimensiones<\/h4>\n<ul>\n<li>Altura \u2192 39<\/li>\n<li>Profundidad \u2192 255<\/li>\n<li>Ancho \u2192 33<\/li>\n<li>Peso \u2192 475<\/li>\n<\/ul>\n<h4>Control de energ\u00eda<\/h4>\n<ul>\n<li>Fuente de energ\u00eda \u2192 Corriente alterna<\/li>\n<li>Voltaje de entrada AC \u2192 220 &#8211; 240<\/li>\n<\/ul>\n<h4>Empaquetado<\/h4>\n<ul>\n<li>Peso del paquete \u2192 850<\/li>\n<li>Ancho del paquete \u2192 104<\/li>\n<li>Profundidad del paquete \u2192 328<\/li>\n<li>Altura del paquete \u2192 60<\/li>\n<\/ul>\n<h4>Contenido del embalaje<\/h4>\n<ul>\n<li>tapas protectoras \u2192 S\u00ed<\/li>\n<\/ul>\n<h4>Ergonom\u00eda<\/h4>\n<ul>\n<li>Sin cables \u2192 No<\/li>\n<li>Longitud del cable \u2192 2,7<\/li>\n<li>Apagado autom\u00e1tico despu\u00e9s de \u2192 45<\/li>\n<li>Apagado autom\u00e1tico \u2192 S\u00ed<\/li>\n<li>Tipo de visualizador \u2192 LED<\/li>\n<li>Pantalla incorporada \u2192 S\u00ed<\/li>\n<li>Cable giratorio \u2192 S\u00ed<\/li>\n<li>Indicador de temperatura \u2192 S\u00ed<\/li>\n<li>Luz de indicaci\u00f3n \u2192 S\u00ed<\/li>\n<li>Indicadores LED \u2192 Temperatura<\/li>\n<\/ul>\n<h4>Dise\u00f1o<\/h4>\n<ul>\n<li>Color del producto \u2192 Negro, Cobre<\/li>\n<li>Material de la placa \u2192 Cer\u00e1mico<\/li>\n<li>Revestimiento cer\u00e1mico \u2192 S\u00ed<\/li>\n<li>Pa\u00eds de origen \u2192 Corea del Sur<\/li>\n<\/ul>\n<h4>Desempe\u00f1o<\/h4>\n<ul>\n<li>Sistema de calefacci\u00f3n de cer\u00e1mica \u2192S\u00ed<\/li>\n<li>Tiempo de calentamiento \u2192 25<\/li>\n<li>Tipo \u2192 Plancha de pelo<\/li>\n<li>Tecnolog\u00eda \u2192 Caliente<\/li>\n<li>Hair straightening \u2192 S\u00ed<\/li>\n<li>Hair curling\u2192\u00a0 S\u00ed<\/li>\n<li>Hair texturizing \u2192 No<\/li>\n<li>Hair drying \u2192 No<\/li>\n<li>Funci\u00f3n i\u00f3nica \u2192 No<\/li>\n<li>Ajustes de termostato \u2192 S\u00ed<\/li>\n<li>Ajuste de calefacci\u00f3n \u2192 5<\/li>\n<li>Temperatura (min) \u2192 120<\/li>\n<li>Temperatura (m\u00e1x) \u2192 200<\/li>\n<li>Placas flotantes \u2192 S\u00ed<\/li>\n<li>Material del elemento calentador \u2192 Cer\u00e1mico<\/li>\n<li>Tipo de control \u2192 Botones<\/li>\n<\/ul>\n<h4>Caracter\u00edsticas<\/h4>\n<ul>\n<li>Color del cable \u2192 Negro<\/li>\n<\/ul>\n<\/div>\n","protected":false},"excerpt":{"rendered":"<p>PLANCHA PELO ROWENTA SF8210 ULTIMATE EXPERIENCE La plancha de pelo Rowenta SF8210 Ultimate Experience es un producto de alta gama<\/p>\n","protected":false},"featured_media":197546,"comment_status":"open","ping_status":"closed","template":"","meta":{"_joinchat":[]},"product_cat":[6512,6510,825,6097],"product_tag":[],"class_list":{"0":"post-197534","1":"product","2":"type-product","3":"status-publish","4":"has-post-thumbnail","6":"product_cat-planchas-de-pelo","7":"product_cat-vello-y-pelo","8":"product_cat-pequeno-electrodomestico","9":"product_cat-cuidado-personal","10":"pa_marca-rowenta","12":"first","13":"instock","14":"sale","15":"taxable","16":"shipping-taxable","17":"purchasable","18":"product-type-simple"},"_links":{"self":[{"href":"https:\/\/desdropi.com\/elparque\/wp-json\/wp\/v2\/product\/197534"}],"collection":[{"href":"https:\/\/desdropi.com\/elparque\/wp-json\/wp\/v2\/product"}],"about":[{"href":"https:\/\/desdropi.com\/elparque\/wp-json\/wp\/v2\/types\/product"}],"replies":[{"embeddable":true,"href":"https:\/\/desdropi.com\/elparque\/wp-json\/wp\/v2\/comments?post=197534"}],"version-history":[{"count":0,"href":"https:\/\/desdropi.com\/elparque\/wp-json\/wp\/v2\/product\/197534\/revisions"}],"wp:featuredmedia":[{"embeddable":true,"href":"https:\/\/desdropi.com\/elparque\/wp-json\/wp\/v2\/media\/197546"}],"wp:attachment":[{"href":"https:\/\/desdropi.com\/elparque\/wp-json\/wp\/v2\/media?parent=197534"}],"wp:term":[{"taxonomy":"product_cat","embeddable":true,"href":"https:\/\/desdropi.com\/elparque\/wp-json\/wp\/v2\/product_cat?post=197534"},{"taxonomy":"product_tag","embeddable":true,"href":"https:\/\/desdropi.com\/elparque\/wp-json\/wp\/v2\/product_tag?post=197534"}],"curies":[{"name":"wp","href":"https:\/\/api.w.org\/{rel}","templated":true}]}}