{"id":197647,"date":"2023-05-26T10:07:56","date_gmt":"2023-05-26T08:07:56","guid":{"rendered":"https:\/\/desdropi.com\/elparque\/?post_type=product&#038;p=197647"},"modified":"2024-05-17T13:01:12","modified_gmt":"2024-05-17T11:01:12","slug":"remington-s8540-ceramica-queratina","status":"publish","type":"product","link":"https:\/\/desdropi.com\/elparque\/remington-s8540-ceramica-queratina\/","title":{"rendered":"Plancha Pelo Remington S8540 Ceramica Queratina"},"content":{"rendered":"<div class=\"descripcion-tab\">\n<h4>PLANCHA PELO REMINGTON S8540 CERAMICA QUERATINA<\/h4>\n<p>La <strong>plancha de pelo Remington S8540 Cer\u00e1mica Queratina<\/strong> es un producto de calidad dise\u00f1ado para obtener resultados excepcionales en el peinado del cabello. Su caracter\u00edstica m\u00e1s destacada es el revestimiento de cer\u00e1mica con queratina, que protege el cabello y lo deja suave y brillante.<\/p>\n<p>Esta plancha tambi\u00e9n ofrece un calentamiento r\u00e1pido y una temperatura m\u00e1xima de hasta 230\u00baC, permitiendo un alisado eficaz incluso en cabellos rebeldes. Su dise\u00f1o ergon\u00f3mico y f\u00e1cil de usar la convierte en una herramienta vers\u00e1til y c\u00f3moda de manejar. Con la Remington S8540 Cer\u00e1mica Queratina, podr\u00e1s obtener un cabello liso y saludable en poco tiempo.<\/p>\n<h4>Empaquetado<\/h4>\n<ul>\n<li>Cantidad por paquete \u2192 1<\/li>\n<\/ul>\n<h4>Contenido del embalaje<\/h4>\n<ul>\n<li>Manual de usuario \u2192 S\u00ed<\/li>\n<\/ul>\n<h4>Otras caracter\u00edsticas<\/h4>\n<ul>\n<li>Tecnolog\u00eda infrarroja \u2192 No<\/li>\n<\/ul>\n<h4>Ergonom\u00eda<\/h4>\n<ul>\n<li>Longitud del cable \u2192 1,8<\/li>\n<li>Pantalla incorporada \u2192 S\u00ed<\/li>\n<li>Tipo de visualizador \u2192 LCD<\/li>\n<li>Apagado autom\u00e1tico \u2192 S\u00ed<\/li>\n<li>Apagado autom\u00e1tico despu\u00e9s de \u2192 60<\/li>\n<\/ul>\n<h4>Dise\u00f1o<\/h4>\n<ul>\n<li>Color del producto \u2192 Negro, Bronce<\/li>\n<\/ul>\n<h4>Desempe\u00f1o<\/h4>\n<ul>\n<li>Funci\u00f3n i\u00f3nica \u2192 No<\/li>\n<li>Sistema de calefacci\u00f3n de cer\u00e1mica \u2192 S\u00ed<\/li>\n<li>Temperatura (m\u00e1x) \u2192 230<\/li>\n<li>Tiempo de calentamiento \u2192 15<\/li>\n<li>Ajuste de calefacci\u00f3n \u2192 9<\/li>\n<li>Ajustes de termostato \u2192 S\u00ed<\/li>\n<li>Tecnolog\u00eda \u2192 Caliente<\/li>\n<li>Tipo \u2192 Plancha de pelo<\/li>\n<li>Hair straightening \u2192 S\u00ed<\/li>\n<li>Hair curling \u2192 No<\/li>\n<li>Hair texturizing \u2192 No<\/li>\n<li>Hair drying \u2192 No<\/li>\n<\/ul>\n<\/div>\n","protected":false},"excerpt":{"rendered":"<p>PLANCHA PELO REMINGTON S8540 CERAMICA QUERATINA La plancha de pelo Remington S8540 Cer\u00e1mica Queratina es un producto de calidad dise\u00f1ado<\/p>\n","protected":false},"featured_media":197649,"comment_status":"open","ping_status":"closed","template":"","meta":{"_joinchat":[]},"product_cat":[6512,6510,6097],"product_tag":[],"class_list":{"0":"post-197647","1":"product","2":"type-product","3":"status-publish","4":"has-post-thumbnail","6":"product_cat-planchas-de-pelo","7":"product_cat-vello-y-pelo","8":"product_cat-cuidado-personal","9":"pa_marca-remington","11":"first","12":"instock","13":"taxable","14":"shipping-taxable","15":"purchasable","16":"product-type-simple"},"_links":{"self":[{"href":"https:\/\/desdropi.com\/elparque\/wp-json\/wp\/v2\/product\/197647"}],"collection":[{"href":"https:\/\/desdropi.com\/elparque\/wp-json\/wp\/v2\/product"}],"about":[{"href":"https:\/\/desdropi.com\/elparque\/wp-json\/wp\/v2\/types\/product"}],"replies":[{"embeddable":true,"href":"https:\/\/desdropi.com\/elparque\/wp-json\/wp\/v2\/comments?post=197647"}],"version-history":[{"count":0,"href":"https:\/\/desdropi.com\/elparque\/wp-json\/wp\/v2\/product\/197647\/revisions"}],"wp:featuredmedia":[{"embeddable":true,"href":"https:\/\/desdropi.com\/elparque\/wp-json\/wp\/v2\/media\/197649"}],"wp:attachment":[{"href":"https:\/\/desdropi.com\/elparque\/wp-json\/wp\/v2\/media?parent=197647"}],"wp:term":[{"taxonomy":"product_cat","embeddable":true,"href":"https:\/\/desdropi.com\/elparque\/wp-json\/wp\/v2\/product_cat?post=197647"},{"taxonomy":"product_tag","embeddable":true,"href":"https:\/\/desdropi.com\/elparque\/wp-json\/wp\/v2\/product_tag?post=197647"}],"curies":[{"name":"wp","href":"https:\/\/api.w.org\/{rel}","templated":true}]}}